{"id":593,"date":"2021-11-11T15:52:37","date_gmt":"2021-11-11T15:52:37","guid":{"rendered":"https:\/\/ecopure.lv\/?post_type=product&#038;p=593"},"modified":"2024-03-22T14:17:11","modified_gmt":"2024-03-22T14:17:11","slug":"cimdins-balts-nova","status":"publish","type":"product","link":"https:\/\/ecopure.lv\/lv\/product\/cimdins-balts-nova\/","title":{"rendered":"Cimdi\u0146\u0161 balts NOVA"},"content":{"rendered":"<p><strong>SAGATAVO\u0160ANA<\/strong>: Cimdu samitriniet remden\u0101 vai aukst\u0101 \u016bden\u012b un izspiediet.<br \/>\n<strong>PAREDZ\u0112TA LIETO\u0160ANA<\/strong>: Lietojot \u0161o cimdi\u0146u, lai viegli att\u012br\u012btu virsmas no net\u012brumiem un p\u0113c tam izmantojiet speci\u0101lu Sunbeam dviel\u012bti, lai att\u012br\u012btu vietu no liek\u0101 \u016bdens. NANO cimdi\u0146u ieteicams izmantot m\u0101jas apr\u012bkojuma, pakl\u0101ju, gr\u012bdas, automa\u0161\u012bnu virsb\u016bvju, dz\u012bvnieku, m\u0113te\u013cu un ka\u017eok\u0101du t\u012br\u012b\u0161anai.<br \/>\n<strong>APKOPE<\/strong>: Mazg\u0101t ar rok\u0101m, izmantojot br\u016bn\u0101s NanoSilver ziepes, vai ve\u013cas ma\u0161\u012bn\u0101 temperat\u016br\u0101 l\u012bdz 60\u00baC bez auduma m\u012bkstin\u0101t\u0101jiem. P\u0113c mazg\u0101\u0161anas iz\u017e\u0101v\u0113t.<\/p>\n","protected":false},"excerpt":{"rendered":"<p>M\u012bksto m\u0113be\u013cu, pakl\u0101ju, m\u012bksto virsmu t\u012br\u012b\u0161anai automa\u0161\u012bn\u0101.<\/p>\n","protected":false},"featured_media":594,"template":"","meta":[],"product_cat":[61],"product_tag":[],"class_list":{"0":"post-593","1":"product","2":"type-product","3":"status-publish","4":"has-post-thumbnail","5":"hentry","6":"product_cat-majas-kopsana","8":"entry","9":"has-media","10":"owp-thumbs-layout-horizontal","11":"owp-btn-normal","12":"owp-tabs-layout-horizontal","13":"has-product-nav"},"_links":{"self":[{"href":"https:\/\/ecopure.lv\/lv\/wp-json\/wp\/v2\/product\/593","targetHints":{"allow":["GET"]}}],"collection":[{"href":"https:\/\/ecopure.lv\/lv\/wp-json\/wp\/v2\/product"}],"about":[{"href":"https:\/\/ecopure.lv\/lv\/wp-json\/wp\/v2\/types\/product"}],"wp:featuredmedia":[{"embeddable":true,"href":"https:\/\/ecopure.lv\/lv\/wp-json\/wp\/v2\/media\/594"}],"wp:attachment":[{"href":"https:\/\/ecopure.lv\/lv\/wp-json\/wp\/v2\/media?parent=593"}],"wp:term":[{"taxonomy":"product_cat","embeddable":true,"href":"https:\/\/ecopure.lv\/lv\/wp-json\/wp\/v2\/product_cat?post=593"},{"taxonomy":"product_tag","embeddable":true,"href":"https:\/\/ecopure.lv\/lv\/wp-json\/wp\/v2\/product_tag?post=593"}],"curies":[{"name":"wp","href":"https:\/\/api.w.org\/{rel}","templated":true}]}}