{"id":587,"date":"2021-11-11T15:45:52","date_gmt":"2021-11-11T15:45:52","guid":{"rendered":"https:\/\/ecopure.lv\/?post_type=product&#038;p=587"},"modified":"2021-11-11T16:12:00","modified_gmt":"2021-11-11T16:12:00","slug":"paklajs-50-x-80-cm","status":"publish","type":"product","link":"https:\/\/ecopure.lv\/lv\/product\/paklajs-50-x-80-cm\/","title":{"rendered":"Pakl\u0101js, 50 x 80 cm"},"content":{"rendered":"<p>M\u016bsdien\u012bga nanotehnolo\u0123ija m\u016bsu r\u012bc\u012bb\u0101! \u013boti \u0113rti!\u00a0 Ide\u0101ls risin\u0101jums cilv\u0113kiem, kuri interes\u0113jas par ekolo\u0123isku dz\u012bvesveidu, aler\u0123ijas slimniekiem, kuri mekl\u0113 uzlabotu dz\u012bves kvalit\u0101ti!<\/p>\n","protected":false},"excerpt":{"rendered":"<p>Pakl\u0101js ar\u00a0 \u012bpa\u0161\u0101m mikro\u0161\u0137iedr\u0101m , kas pies\u0101tin\u0101tas ar sudraba joniem.<\/p>\n","protected":false},"featured_media":588,"template":"","meta":[],"product_cat":[61],"product_tag":[],"class_list":{"0":"post-587","1":"product","2":"type-product","3":"status-publish","4":"has-post-thumbnail","5":"hentry","6":"product_cat-majas-kopsana","8":"entry","9":"has-media","10":"owp-thumbs-layout-horizontal","11":"owp-btn-normal","12":"owp-tabs-layout-horizontal","13":"has-product-nav"},"_links":{"self":[{"href":"https:\/\/ecopure.lv\/lv\/wp-json\/wp\/v2\/product\/587","targetHints":{"allow":["GET"]}}],"collection":[{"href":"https:\/\/ecopure.lv\/lv\/wp-json\/wp\/v2\/product"}],"about":[{"href":"https:\/\/ecopure.lv\/lv\/wp-json\/wp\/v2\/types\/product"}],"wp:featuredmedia":[{"embeddable":true,"href":"https:\/\/ecopure.lv\/lv\/wp-json\/wp\/v2\/media\/588"}],"wp:attachment":[{"href":"https:\/\/ecopure.lv\/lv\/wp-json\/wp\/v2\/media?parent=587"}],"wp:term":[{"taxonomy":"product_cat","embeddable":true,"href":"https:\/\/ecopure.lv\/lv\/wp-json\/wp\/v2\/product_cat?post=587"},{"taxonomy":"product_tag","embeddable":true,"href":"https:\/\/ecopure.lv\/lv\/wp-json\/wp\/v2\/product_tag?post=587"}],"curies":[{"name":"wp","href":"https:\/\/api.w.org\/{rel}","templated":true}]}}