{"id":582,"date":"2021-11-11T15:40:41","date_gmt":"2021-11-11T15:40:41","guid":{"rendered":"https:\/\/ecopure.lv\/?post_type=product&#038;p=582"},"modified":"2026-03-29T15:35:00","modified_gmt":"2026-03-29T15:35:00","slug":"trauku-mazgajamas-masinas-zeleja-500ml","status":"publish","type":"product","link":"https:\/\/ecopure.lv\/lv\/product\/trauku-mazgajamas-masinas-zeleja-500ml\/","title":{"rendered":"Trauku mazg\u0101jam\u0101s ma\u0161\u012bnas \u017eeleja, 500ml"},"content":{"rendered":"<p>\u012apa\u0161\u0101 formula ar nanosudraba piedevu lieliski tiek gal\u0101 ar sare\u017e\u0123\u012btiem net\u012brumiem pat \u012bsos mazg\u0101\u0161anas ciklos. Turkl\u0101t tas aizsarg\u0101 trauku mazg\u0101jamo ma\u0161\u012bnu no ka\u013c\u0137akmens un absorb\u0113 nepat\u012bkamas smakas.<br \/>\nAtcerieties, ka, izv\u0113loties Raypath produktus, j\u016bs izdar\u0101t apzin\u0101tu izv\u0113li, r\u016bp\u0113joties par dabu. M\u016bsu t\u012br\u012b\u0161anas l\u012bdzek\u013cu kl\u0101sts ir biolo\u0123iski no\u0101rd\u0101ms.<\/p>\n","protected":false},"excerpt":{"rendered":"<p>Biolo\u0123iski no\u0101rd\u0101mo trauku mazg\u0101jam\u0101s ma\u0161\u012bnas mazg\u0101\u0161anas l\u012bdzekli, j\u016bsu probl\u0113ma vienreiz pazud\u012bs! JAUNUMS Raypath pied\u0101v\u0101jum\u0101 &#8211; atkl\u0101jiet m\u016bsu trauku mazg\u0101jam\u0101s ma\u0161\u012bnas \u017eeleju jau \u0161odien, un j\u016bsu trauki izstaros t\u012br\u012bbu.<\/p>\n","protected":false},"featured_media":583,"template":"","meta":[],"product_cat":[61],"product_tag":[],"class_list":{"0":"post-582","1":"product","2":"type-product","3":"status-publish","4":"has-post-thumbnail","5":"hentry","6":"product_cat-majas-kopsana","8":"entry","9":"has-media","10":"owp-thumbs-layout-horizontal","11":"owp-btn-normal","12":"owp-tabs-layout-horizontal","13":"has-no-thumbnails","14":"has-product-nav"},"_links":{"self":[{"href":"https:\/\/ecopure.lv\/lv\/wp-json\/wp\/v2\/product\/582","targetHints":{"allow":["GET"]}}],"collection":[{"href":"https:\/\/ecopure.lv\/lv\/wp-json\/wp\/v2\/product"}],"about":[{"href":"https:\/\/ecopure.lv\/lv\/wp-json\/wp\/v2\/types\/product"}],"wp:featuredmedia":[{"embeddable":true,"href":"https:\/\/ecopure.lv\/lv\/wp-json\/wp\/v2\/media\/583"}],"wp:attachment":[{"href":"https:\/\/ecopure.lv\/lv\/wp-json\/wp\/v2\/media?parent=582"}],"wp:term":[{"taxonomy":"product_cat","embeddable":true,"href":"https:\/\/ecopure.lv\/lv\/wp-json\/wp\/v2\/product_cat?post=582"},{"taxonomy":"product_tag","embeddable":true,"href":"https:\/\/ecopure.lv\/lv\/wp-json\/wp\/v2\/product_tag?post=582"}],"curies":[{"name":"wp","href":"https:\/\/api.w.org\/{rel}","templated":true}]}}