{"id":578,"date":"2021-11-11T15:30:34","date_gmt":"2021-11-11T15:30:34","guid":{"rendered":"https:\/\/ecopure.lv\/?post_type=product&#038;p=578"},"modified":"2025-04-07T18:30:38","modified_gmt":"2025-04-07T18:30:38","slug":"puka-asinu-ekstrakta-sampuns-kondicionieris","status":"publish","type":"product","link":"https:\/\/ecopure.lv\/lv\/product\/puka-asinu-ekstrakta-sampuns-kondicionieris\/","title":{"rendered":"Currently out of stock P\u016b\u0137a asi\u0146u ekstrakta \u0161amp\u016bns + Kondicionieris"},"content":{"rendered":"<p><strong>\u0160amp\u016bna un Kondicioniera sast\u0101v\u0101:<\/strong><\/p>\n<ul>\n<li><strong>PANTENOLS:\u00a0<\/strong>Tas mitrina matus un galvas \u0101du, pie\u0161\u0137ir matiem maigumu un sp\u012bdumu;<\/li>\n<\/ul>\n<ul>\n<li><strong>C VITAM\u012aNS, E\u00a0VITAM\u012aNS:\u00a0<\/strong>Tiem piem\u012bt antioksidantu iedarb\u012bba, aizsarg\u0101 matus un galvas \u0101du no br\u012bvajiem radik\u0101\u013ciem;<\/li>\n<\/ul>\n<ul>\n<li><strong>HIDROLIZ\u0112TI ZIR\u0145U PROTE\u012aNI: <\/strong>Sp\u0113c\u012bgi mitrina, palielina elast\u012bbu un samazina matu trauslumu, pasarg\u0101jot tos no boj\u0101jumiem;<\/li>\n<\/ul>\n<ul>\n<li><strong>NANOSUDRABA DA\u013bI\u0145AS: <\/strong>Galvas \u0101das antiseptiskas un pretiekaisuma \u012bpa\u0161\u012bbas;<\/li>\n<\/ul>\n<ul>\n<li><strong>P\u016a\u0136A KAVI\u0100RA EKSTRAKTS: <\/strong>Ekstrakts, kas ieg\u016bts no Calamus Draco palmu sve\u0137iem ar sp\u0113c\u012bg\u0101m antioksidantu un pretpies\u0101r\u0146ojuma \u012bpa\u0161\u012bb\u0101m, uzlabo matu elast\u012bbu;<\/li>\n<\/ul>\n<ul>\n<li><strong>AVOKADO UN OL\u012aVU E\u013b\u013bA: <\/strong>Bag\u0101ts vitam\u012bnu un nepies\u0101tin\u0101to tauksk\u0101bju avots, tas mitrina un toniz\u0113 matus, nodro\u0161ina tiem sp\u012bdumu un vesel\u012bgu izskatu;<\/li>\n<\/ul>\n<ul>\n<li><strong>FITOSTEROLI:\u00a0<\/strong>Baro un stiprina matu folikulus un matus, nodro\u0161ina tiem sp\u012bdumu un vesel\u012bgu izskatu;<\/li>\n<\/ul>\n<ul>\n<li><strong>\u0160\u012a SVIESTS:\u00a0<\/strong>Baro, mitrina un izl\u012bdzina matus, aizsarg\u0101.<\/li>\n<\/ul>\n","protected":false},"excerpt":{"rendered":"<p><strong>\u0160amp\u016bns &#8211;<\/strong> mitrino\u0161s un stiprino\u0161s \u0161amp\u016bns ar p\u016b\u0137a asi\u0146u ekstraktu un NANO sudraba da\u013ci\u0146\u0101m,\u00a0piem\u0113rots sausu un boj\u0101tu matu kop\u0161anai.\u00a0\u012apa\u0161a formula, kuras pamat\u0101 ir dab\u012bgas sast\u0101vda\u013cas, maigi att\u012bra galvas \u0101du, izl\u012bdzina matu strukt\u016bru un pie\u0161\u0137ir tai apjomu. P\u016b\u0137a asi\u0146u ekstraktam ir antioksidanta \u012bpa\u0161\u012bbas, un tas uzlabo matu elast\u012bbu.<\/p>\n<p><strong>Kondicionieris &#8211; <\/strong>intens\u012bvi mitrino\u0161s kondicionieris sausiem un boj\u0101tiem matiem ar p\u016b\u0137a asi\u0146u ekstraktu un NANO sudrabu. Dzi\u013ci mitrina un kopj. Atvieglo \u0137emm\u0113\u0161anu. Padara matus z\u012bdaini gludus.<\/p>\n","protected":false},"featured_media":579,"template":"","meta":[],"product_cat":[62],"product_tag":[],"class_list":{"0":"post-578","1":"product","2":"type-product","3":"status-publish","4":"has-post-thumbnail","5":"hentry","6":"product_cat-kermena-kopsana","8":"entry","9":"has-media","10":"owp-thumbs-layout-horizontal","11":"owp-btn-normal","12":"owp-tabs-layout-horizontal","13":"has-no-thumbnails","14":"has-product-nav"},"_links":{"self":[{"href":"https:\/\/ecopure.lv\/lv\/wp-json\/wp\/v2\/product\/578","targetHints":{"allow":["GET"]}}],"collection":[{"href":"https:\/\/ecopure.lv\/lv\/wp-json\/wp\/v2\/product"}],"about":[{"href":"https:\/\/ecopure.lv\/lv\/wp-json\/wp\/v2\/types\/product"}],"wp:featuredmedia":[{"embeddable":true,"href":"https:\/\/ecopure.lv\/lv\/wp-json\/wp\/v2\/media\/579"}],"wp:attachment":[{"href":"https:\/\/ecopure.lv\/lv\/wp-json\/wp\/v2\/media?parent=578"}],"wp:term":[{"taxonomy":"product_cat","embeddable":true,"href":"https:\/\/ecopure.lv\/lv\/wp-json\/wp\/v2\/product_cat?post=578"},{"taxonomy":"product_tag","embeddable":true,"href":"https:\/\/ecopure.lv\/lv\/wp-json\/wp\/v2\/product_tag?post=578"}],"curies":[{"name":"wp","href":"https:\/\/api.w.org\/{rel}","templated":true}]}}