{"id":572,"date":"2021-11-11T15:19:20","date_gmt":"2021-11-11T15:19:20","guid":{"rendered":"https:\/\/ecopure.lv\/?post_type=product&#038;p=572"},"modified":"2025-04-07T18:33:01","modified_gmt":"2025-04-07T18:33:01","slug":"kondicionieris-ar-zala-kaviara-ekstraktu-300ml","status":"publish","type":"product","link":"https:\/\/ecopure.lv\/lv\/product\/kondicionieris-ar-zala-kaviara-ekstraktu-300ml\/","title":{"rendered":"Kondicionieris ar za\u013c\u0101 kavi\u0101ra ekstraktu, 300ml"},"content":{"rendered":"<p>Inovat\u012bv\u0101 formula dzi\u013ci mitrina, toniz\u0113 un izl\u012bdzina matus. Aizsarg\u0101 no UV staru kait\u012bg\u0101s ietekmes un izce\u013c matu dab\u012bgo sp\u012bdumu.<\/p>\n<p><strong>Kondicioniera sast\u0101v\u0101:<\/strong><\/p>\n<ul>\n<li><strong>PANTELONS:\u00a0<\/strong>Tas mitrina matus un galvas \u0101du, pie\u0161\u0137ir matiem maigumu un sp\u012bdumu;<\/li>\n<\/ul>\n<ul>\n<li><strong>C + E VITAM\u012aNS:\u00a0<\/strong>Tiem piem\u012bt antioksidantu iedarb\u012bba, aizsarg\u0101 matus un galvas \u0101du no br\u012bvajiem radik\u0101\u013ciem;<\/li>\n<\/ul>\n<ul>\n<li><strong>HIDROLIZ\u0112TU ZIR\u0145U PROTE\u012aNI: <\/strong>Sp\u0113c\u012bgi mitrina, palielina elast\u012bbu un samazina matu trauslumu, pasarg\u0101jot tos no boj\u0101jumiem;<\/li>\n<\/ul>\n<ul>\n<li><strong>ZA\u013b\u0100 KAVIARA EKSTRAKTS:\u00a0<\/strong>Bot\u0101niskas izcelsmes ekstrakts, kas ieg\u016bts no j\u016bras a\u013c\u0123\u0113m, piem\u012bt sp\u0113c\u012bgs mitrino\u0161s un atjaunojo\u0161s efekts;<\/li>\n<\/ul>\n<ul>\n<li><strong>NANOSUDRABA DA\u013b\u012a\u0145AS: <\/strong>Galvas \u0101das antiseptiskas un pretiekaisuma \u012bpa\u0161\u012bbas;<\/li>\n<\/ul>\n<ul>\n<li><strong>SAULESPU\u0136U E\u013b\u013bA:\u00a0<\/strong>Mitrina, stiprina un pie\u0161\u0137ir sp\u012bdumu;<\/li>\n<\/ul>\n<ul>\n<li><strong>MANDE\u013bU E\u013b\u013bA:\u00a0<\/strong>Bag\u0101tina matus ar vitam\u012bniem un miner\u0101ls\u0101\u013ciem.<\/li>\n<\/ul>\n","protected":false},"excerpt":{"rendered":"<p>Intens\u012bvi atjaunojo\u0161s kondicionieris ar j\u016bras a\u013c\u0123u ikriem un NANO sudrabu,\u00a0paredz\u0113ts norm\u0101lu matu kop\u0161anai.<\/p>\n","protected":false},"featured_media":567,"template":"","meta":[],"product_cat":[62],"product_tag":[],"class_list":{"0":"post-572","1":"product","2":"type-product","3":"status-publish","4":"has-post-thumbnail","5":"hentry","6":"product_cat-kermena-kopsana","8":"entry","9":"has-media","10":"owp-thumbs-layout-horizontal","11":"owp-btn-normal","12":"owp-tabs-layout-horizontal","13":"has-no-thumbnails","14":"has-product-nav"},"_links":{"self":[{"href":"https:\/\/ecopure.lv\/lv\/wp-json\/wp\/v2\/product\/572","targetHints":{"allow":["GET"]}}],"collection":[{"href":"https:\/\/ecopure.lv\/lv\/wp-json\/wp\/v2\/product"}],"about":[{"href":"https:\/\/ecopure.lv\/lv\/wp-json\/wp\/v2\/types\/product"}],"wp:featuredmedia":[{"embeddable":true,"href":"https:\/\/ecopure.lv\/lv\/wp-json\/wp\/v2\/media\/567"}],"wp:attachment":[{"href":"https:\/\/ecopure.lv\/lv\/wp-json\/wp\/v2\/media?parent=572"}],"wp:term":[{"taxonomy":"product_cat","embeddable":true,"href":"https:\/\/ecopure.lv\/lv\/wp-json\/wp\/v2\/product_cat?post=572"},{"taxonomy":"product_tag","embeddable":true,"href":"https:\/\/ecopure.lv\/lv\/wp-json\/wp\/v2\/product_tag?post=572"}],"curies":[{"name":"wp","href":"https:\/\/api.w.org\/{rel}","templated":true}]}}