{"id":561,"date":"2021-11-11T15:10:14","date_gmt":"2021-11-11T15:10:14","guid":{"rendered":"https:\/\/ecopure.lv\/?post_type=product&#038;p=561"},"modified":"2025-04-07T18:52:21","modified_gmt":"2025-04-07T18:52:21","slug":"kondicionieris-ar-puka-asinu-ekstraktu-300ml","status":"publish","type":"product","link":"https:\/\/ecopure.lv\/lv\/product\/kondicionieris-ar-puka-asinu-ekstraktu-300ml\/","title":{"rendered":"Kondicionieris ar P\u016b\u0137a asi\u0146u ekstraktu, 300ml"},"content":{"rendered":"<p>Dzi\u013ci mitrina un kopj. Atvieglo \u0137emm\u0113\u0161anu. Padara matus z\u012bdaini gludus.<\/p>\n<p><strong>Kondicioniera <\/strong><strong>sast\u0101v\u0101:<\/strong><\/p>\n<ul>\n<li><strong>PANTENOLS:<\/strong>\u00a0Tas mitrina matus un galvas \u0101du, pie\u0161\u0137ir matiem maigumu un sp\u012bdumu;<\/li>\n<\/ul>\n<ul>\n<li><strong>C VITAM\u012aNS, E\u00a0VITAM\u012aNS:\u00a0<\/strong>Tiem piem\u012bt antioksidantu iedarb\u012bba, aizsarg\u0101 matus un galvas \u0101du no br\u012bvajiem radik\u0101\u013ciem;<\/li>\n<\/ul>\n<ul>\n<li><strong>HIDROLIZ\u0112TI ZIR\u0145U PROTE\u012aNI:\u00a0<\/strong>Sp\u0113c\u012bgi mitrina, palielina elast\u012bbu un samazina matu trauslumu, pasarg\u0101jot tos no boj\u0101jumiem;<\/li>\n<\/ul>\n<ul>\n<li><strong>NANOSUDRABA DA\u013bI\u0145AS:\u00a0<\/strong>Galvas \u0101das antiseptiskas un pretiekaisuma \u012bpa\u0161\u012bbas;<\/li>\n<\/ul>\n<ul>\n<li><strong>P\u016a\u0136A ASI\u0145U EKSTRAKTS:\u00a0<\/strong>Ekstrakts, kas ieg\u016bts no Calamus Draco palmu sve\u0137iem ar sp\u0113c\u012bg\u0101m antioksidantu un pretpies\u0101r\u0146ojuma \u012bpa\u0161\u012bb\u0101m, uzlabo matu elast\u012bbu;<\/li>\n<\/ul>\n<ul>\n<li><strong>AVOKADO UN OL\u012aVU E\u013b\u013bA:\u00a0<\/strong>Bag\u0101ts vitam\u012bnu un nepies\u0101tin\u0101to tauksk\u0101bju avots, tas mitrina un toniz\u0113 matus, nodro\u0161ina tiem sp\u012bdumu un vesel\u012bgu izskatu;<\/li>\n<\/ul>\n<ul>\n<li><strong>FITOSTEROLI:\u00a0<\/strong>Baro un stiprina matu folikulus un matus, nodro\u0161ina tiem sp\u012bdumu un vesel\u012bgu izskatu;<\/li>\n<\/ul>\n<ul>\n<li><strong>\u0160\u012a SVIESTS:\u00a0<\/strong>Baro, mitrina un izl\u012bdzina matus, aizsarg\u0101.<\/li>\n<\/ul>\n","protected":false},"excerpt":{"rendered":"<p>Intens\u012bvi mitrino\u0161s kondicionieris sausiem un boj\u0101tiem matiem ar p\u016b\u0137a asi\u0146u ekstraktu un NANO sudrabu.<\/p>\n","protected":false},"featured_media":562,"template":"","meta":[],"product_cat":[62],"product_tag":[],"class_list":{"0":"post-561","1":"product","2":"type-product","3":"status-publish","4":"has-post-thumbnail","5":"hentry","6":"product_cat-kermena-kopsana","8":"entry","9":"has-media","10":"owp-thumbs-layout-horizontal","11":"owp-btn-normal","12":"owp-tabs-layout-horizontal","13":"has-no-thumbnails","14":"has-product-nav"},"_links":{"self":[{"href":"https:\/\/ecopure.lv\/lv\/wp-json\/wp\/v2\/product\/561","targetHints":{"allow":["GET"]}}],"collection":[{"href":"https:\/\/ecopure.lv\/lv\/wp-json\/wp\/v2\/product"}],"about":[{"href":"https:\/\/ecopure.lv\/lv\/wp-json\/wp\/v2\/types\/product"}],"wp:featuredmedia":[{"embeddable":true,"href":"https:\/\/ecopure.lv\/lv\/wp-json\/wp\/v2\/media\/562"}],"wp:attachment":[{"href":"https:\/\/ecopure.lv\/lv\/wp-json\/wp\/v2\/media?parent=561"}],"wp:term":[{"taxonomy":"product_cat","embeddable":true,"href":"https:\/\/ecopure.lv\/lv\/wp-json\/wp\/v2\/product_cat?post=561"},{"taxonomy":"product_tag","embeddable":true,"href":"https:\/\/ecopure.lv\/lv\/wp-json\/wp\/v2\/product_tag?post=561"}],"curies":[{"name":"wp","href":"https:\/\/api.w.org\/{rel}","templated":true}]}}