{"id":551,"date":"2021-11-11T14:50:48","date_gmt":"2021-11-11T14:50:48","guid":{"rendered":"https:\/\/ecopure.lv\/?post_type=product&#038;p=551"},"modified":"2026-03-29T15:41:39","modified_gmt":"2026-03-29T15:41:39","slug":"koncentrets-skidrums-velas-mikstinasanai-ar-nanosudrabu-500ml","status":"publish","type":"product","link":"https:\/\/ecopure.lv\/lv\/product\/koncentrets-skidrums-velas-mikstinasanai-ar-nanosudrabu-500ml\/","title":{"rendered":"Koncentr\u0113ts \u0161\u0137idrums ve\u013cas m\u012bkstin\u0101\u0161anai ar NanoSudrabu, 500ml"},"content":{"rendered":"<p>Pateicoties unik\u0101lajai koncentr\u0101ta formulai, pat\u012bkamais arom\u0101ts priec\u0113s j\u016bs ar katru auduma kust\u012bbu. Pietiek ar nelielu daudzumu \u0161\u0137idruma novatorisk\u0101s formulas, lai j\u016bsu dr\u0113bes ieg\u016btu jaunu kvalit\u0101ti. Ietiniet sevi maig\u0101 svaiguma arom\u0101t\u0101, nekairinot \u0101du. Atcerieties, ka, izv\u0113loties Raypath produktus, j\u016bs izdar\u0101t apzin\u0101tu izv\u0113li, r\u016bp\u0113joties par dabu. M\u016bsu t\u012br\u012b\u0161anas l\u012bdzek\u013cu kl\u0101sts ir biolo\u0123iski no\u0101rd\u0101ms.<\/p>\n","protected":false},"excerpt":{"rendered":"<p>Koncentr\u0113ts auduma m\u012bkstin\u0101t\u0101js ar NanoSudrabu padar\u012bs j\u016bsu dr\u0113bes pat\u012bkamas piesk\u0101rienam, turkl\u0101t t\u0101s neb\u016bs statiskas.<\/p>\n","protected":false},"featured_media":552,"template":"","meta":[],"product_cat":[61],"product_tag":[],"class_list":{"0":"post-551","1":"product","2":"type-product","3":"status-publish","4":"has-post-thumbnail","5":"hentry","6":"product_cat-majas-kopsana","8":"entry","9":"has-media","10":"owp-thumbs-layout-horizontal","11":"owp-btn-normal","12":"owp-tabs-layout-horizontal","13":"has-no-thumbnails","14":"has-product-nav"},"_links":{"self":[{"href":"https:\/\/ecopure.lv\/lv\/wp-json\/wp\/v2\/product\/551","targetHints":{"allow":["GET"]}}],"collection":[{"href":"https:\/\/ecopure.lv\/lv\/wp-json\/wp\/v2\/product"}],"about":[{"href":"https:\/\/ecopure.lv\/lv\/wp-json\/wp\/v2\/types\/product"}],"wp:featuredmedia":[{"embeddable":true,"href":"https:\/\/ecopure.lv\/lv\/wp-json\/wp\/v2\/media\/552"}],"wp:attachment":[{"href":"https:\/\/ecopure.lv\/lv\/wp-json\/wp\/v2\/media?parent=551"}],"wp:term":[{"taxonomy":"product_cat","embeddable":true,"href":"https:\/\/ecopure.lv\/lv\/wp-json\/wp\/v2\/product_cat?post=551"},{"taxonomy":"product_tag","embeddable":true,"href":"https:\/\/ecopure.lv\/lv\/wp-json\/wp\/v2\/product_tag?post=551"}],"curies":[{"name":"wp","href":"https:\/\/api.w.org\/{rel}","templated":true}]}}