{"id":468,"date":"2021-07-01T08:58:58","date_gmt":"2021-07-01T08:58:58","guid":{"rendered":"https:\/\/ecopure.lv\/product\/house-cleaning-set\/"},"modified":"2024-03-17T12:46:03","modified_gmt":"2024-03-17T12:46:03","slug":"house-cleaning-set","status":"publish","type":"product","link":"https:\/\/ecopure.lv\/lv\/product\/house-cleaning-set\/","title":{"rendered":"Uzkop\u0161anas komplekts m\u0101jai"},"content":{"rendered":"<p>Nanosilver Technology salvetes dr\u012bkst lietot tikai ar t\u012bru \u016bdeni un bez saskares ar \u0137\u012bmiskiem t\u012br\u012b\u0161anas l\u012bdzek\u013ciem. \u016adens temperat\u016bra neietekm\u0113 to efektivit\u0101ti.<\/p>\n<p>Salvetes sav\u0101c net\u012brumus un tos p\u0101rv\u0113r\u0161 emulsij\u0101, nepalaidot tos uz jaun\u0101s t\u012br\u0101m\u0101s virsmas! T\u0101d\u0101 veid\u0101 j\u016bs varat not\u012br\u012bt lielu laukumu, neskalojot audus. \u0160\u012b iemesla d\u0113\u013c gr\u012bdas t\u012br\u012b\u0161anai nav nepiecie\u0161ams spainis, tikai samitriniet, ja nepiecie\u0161ams.<\/p>\n<p>Pirms pirm\u0101s lieto\u0161anas salvetes j\u0101mazg\u0101 vismaz 3 reizes autom\u0101tiskaj\u0101 ve\u013cas mazg\u0101jam\u0101 ma\u0161\u012bn\u0101 ar \u012bsu programmu l\u012bdz 60 \u00b0 C (roz\u0101 salvetes j\u0101ievieto tikai tre\u0161aj\u0101 mazg\u0101\u0161anas reiz\u0113). T\u0101d\u0113j\u0101di tie tiks izskaloti no \u0161\u0137iedru atliek\u0101m, \u0161\u0137iedras atv\u0113rsies \u016bden\u012b un b\u016bs gatavas lieto\u0161anai. Pies\u0101r\u0146ot\u0101s salvetes nedr\u012bkst atst\u0101t piln\u012bgi no\u017e\u016bt, \u0161\u0137iedras var tikt boj\u0101tas. T\u0101s vajadz\u0113tu iem\u0113rc\u0113t t\u012br\u0101 \u016bden\u012b un p\u0113c tam mazg\u0101t. Mazg\u0101jiet ar rok\u0101m, izmantojot NanoSilver antibakteri\u0101l\u0101s ziepes, vai autom\u0101tiskaj\u0101 ve\u013cas ma\u0161\u012bn\u0101 temperat\u016br\u0101 l\u012bdz 60 \u00b0 C, izmantojot jebkuru mazg\u0101\u0161anas l\u012bdzekli, nepievienojot skalo\u0161anas l\u012bdzekli. Izvairieties no \u017e\u0101v\u0113\u0161anas autom\u0101tiskajos \u017e\u0101v\u0113t\u0101jos vai uz radiatoriem, kas boj\u0101 \u0161\u0137iedru.<br \/>\nNo\u0146emot dzi\u013cus traipus, piem\u0113ram, traipus uz auduma, flom\u0101steru vai pildspalvas p\u0113das, sve\u0137u traipus, l\u012bmi utt., izmantojiet t\u012bru \u016bdeni un NanoSilver antibakteri\u0101l\u0101s ziepes. Lai no\u0146emtu ka\u013c\u0137akmeni no sanit\u0101r\u0101s keramikas, ap\u0161uvumiem un kr\u0101niem, izmantojiet citronu sulu, kas k\u0101du laiku j\u0101atst\u0101j uz t\u012br\u0101m\u0101s virsmas. Ar to j\u016bs varat ar\u012b not\u012br\u012bt rotaslietas, misi\u0146a un r\u016bsas traipus.<br \/>\nAt\u0161\u0137ir\u012bb\u0101 no tradicion\u0101laj\u0101m metod\u0113m, kur\u0101s tiek izmantotas \u0137\u012bmiskas vielas, Raypath t\u012br\u012b\u0161anas tehnik\u0101 NanoSilver tiek izmantotas salvetes, kur\u0101s ir tikai \u016bdens. \u0100tr\u0101ka, efekt\u012bv\u0101ka un finansi\u0101li izdev\u012bg\u0101ka t\u012br\u012b\u0161ana nav vien\u012bg\u0101 \u0161\u012bs t\u012br\u012b\u0161anas salve\u0161u komplekta izmanto\u0161anas priek\u0161roc\u012bba; \u0137\u012bmisko vielu nelieto\u0161ana ir \u0101rk\u0101rt\u012bgi svar\u012bga. Tas ir ne tikai ierocis c\u012b\u0146\u0101 pret da\u017e\u0101d\u0101m aler\u0123ij\u0101m, bet ar\u012b \u012bpa\u0161a darb\u012bba ekosist\u0113mas aizsardz\u012bbai.<\/p>\n<p>Komplekt\u0101 ietilpst:<br \/>\nMini salvete balta &#8211; 2 gb.<br \/>\nCimdi\u0146\u0161 balts M izm\u0113rs &#8211; 2 gb.<br \/>\nCimdi\u0146\u0161 uzkop\u0161anai M izm\u0113rs &#8211; 1 gb.<br \/>\nCimdi\u0146\u0161 roz\u0101 M izm\u0113rs &#8211; 1 gb.<br \/>\nMops gr\u012bdai balts &#8211; 1 gb.<br \/>\nMops gr\u012bdas uzkop\u0161anai &#8211; 1 gb.<br \/>\nMops gr\u012bdas uzkop\u0161anai roz\u0101 &#8211; 1 gb.<br \/>\nMops gr\u012bdai NOVA &#8211; 1 gb.<br \/>\nLogu mazg\u0101\u0161anas ekspreskomplekts 25 cm &#8211; 1 gb.<br \/>\nAlum\u012bnija teleskopiskais k\u0101ts 1,65 m &#8211; 1 gb.<br \/>\nTur\u0113t\u0101js moment\u0101nai stiprin\u0101\u0161anai &#8211; 1 gb.<br \/>\nSavienojums ekspreskomplektam &#8211; 1 gb.<br \/>\nSalvete Sunbeam brill\u0113m zila &#8211; 1 gb<br \/>\nSalvete Sunbeam Duo &#8211; 1 gb.<br \/>\nSalvete Sunbeam XXL &#8211; 1 gb.<br \/>\nKomplekt\u0101ciju atsevi\u0161\u0137i variet apl\u016bkot. Visu pre\u010du apraksts atrodas Katalog\u0101.<\/p>\n","protected":false},"excerpt":{"rendered":"<p>\u0160is ir pilns produktu komplekts, kas \u013cauj visaptvero\u0161i not\u012br\u012bt visas pies\u0101r\u0146ot\u0101s virsmas (visu veidu gr\u012bdas, fl\u012bzes, sienas, tapetes, logus, spogu\u013cus utt.), virtuves un vannas istabas apr\u012bkojumu (izlietne, vanna, sanit\u0101rtehnika, elektroier\u012bces), sadz\u012bves tehnika: audio un video tehnika, datortehnika, da\u017e\u0101das sadz\u012bves un biroja iek\u0101rtas.<\/p>\n","protected":false},"featured_media":469,"template":"","meta":[],"product_cat":[61],"product_tag":[],"class_list":{"0":"post-468","1":"product","2":"type-product","3":"status-publish","4":"has-post-thumbnail","5":"hentry","6":"product_cat-majas-kopsana","8":"entry","9":"has-media","10":"owp-thumbs-layout-horizontal","11":"owp-btn-normal","12":"owp-tabs-layout-horizontal","13":"has-no-thumbnails","14":"has-product-nav"},"_links":{"self":[{"href":"https:\/\/ecopure.lv\/lv\/wp-json\/wp\/v2\/product\/468","targetHints":{"allow":["GET"]}}],"collection":[{"href":"https:\/\/ecopure.lv\/lv\/wp-json\/wp\/v2\/product"}],"about":[{"href":"https:\/\/ecopure.lv\/lv\/wp-json\/wp\/v2\/types\/product"}],"wp:featuredmedia":[{"embeddable":true,"href":"https:\/\/ecopure.lv\/lv\/wp-json\/wp\/v2\/media\/469"}],"wp:attachment":[{"href":"https:\/\/ecopure.lv\/lv\/wp-json\/wp\/v2\/media?parent=468"}],"wp:term":[{"taxonomy":"product_cat","embeddable":true,"href":"https:\/\/ecopure.lv\/lv\/wp-json\/wp\/v2\/product_cat?post=468"},{"taxonomy":"product_tag","embeddable":true,"href":"https:\/\/ecopure.lv\/lv\/wp-json\/wp\/v2\/product_tag?post=468"}],"curies":[{"name":"wp","href":"https:\/\/api.w.org\/{rel}","templated":true}]}}