{"id":465,"date":"2021-07-01T08:57:56","date_gmt":"2021-07-01T08:57:56","guid":{"rendered":"https:\/\/ecopure.lv\/product\/flexible-gasket-for-telescopic-handle\/"},"modified":"2021-11-03T15:42:20","modified_gmt":"2021-11-03T15:42:20","slug":"flexible-gasket-for-telescopic-handle","status":"publish","type":"product","link":"https:\/\/ecopure.lv\/lv\/product\/flexible-gasket-for-telescopic-handle\/","title":{"rendered":"Savienojums ekspress komplektam"},"content":{"rendered":"","protected":false},"excerpt":{"rendered":"<p>\u2022 Elast\u012bga starplika teleskopiskajam rokturim, ko izmanto kop\u0101 ar gr\u012bdas vai logu sist\u0113mu<br \/>\n&#8211; Tiek uzst\u0101d\u012bts starp tur\u0113t\u0101ju un stieni, tas \u013cauj veikt uzkop\u0161anu gr\u016bti sasniedzam\u0101s viet\u0101s, piem\u0113ram, uz skapja vai zem gultas.<br \/>\n* Piem\u0113rots gr\u012bdas un logu t\u012br\u012b\u0161anai, izmantojot teleskopisko rokturi un vienu no sprausl\u0101m.<\/p>\n","protected":false},"featured_media":466,"template":"","meta":[],"product_cat":[61],"product_tag":[],"class_list":{"0":"post-465","1":"product","2":"type-product","3":"status-publish","4":"has-post-thumbnail","5":"hentry","6":"product_cat-majas-kopsana","8":"entry","9":"has-media","10":"owp-thumbs-layout-horizontal","11":"owp-btn-normal","12":"owp-tabs-layout-horizontal","13":"has-no-thumbnails","14":"has-product-nav"},"_links":{"self":[{"href":"https:\/\/ecopure.lv\/lv\/wp-json\/wp\/v2\/product\/465","targetHints":{"allow":["GET"]}}],"collection":[{"href":"https:\/\/ecopure.lv\/lv\/wp-json\/wp\/v2\/product"}],"about":[{"href":"https:\/\/ecopure.lv\/lv\/wp-json\/wp\/v2\/types\/product"}],"wp:featuredmedia":[{"embeddable":true,"href":"https:\/\/ecopure.lv\/lv\/wp-json\/wp\/v2\/media\/466"}],"wp:attachment":[{"href":"https:\/\/ecopure.lv\/lv\/wp-json\/wp\/v2\/media?parent=465"}],"wp:term":[{"taxonomy":"product_cat","embeddable":true,"href":"https:\/\/ecopure.lv\/lv\/wp-json\/wp\/v2\/product_cat?post=465"},{"taxonomy":"product_tag","embeddable":true,"href":"https:\/\/ecopure.lv\/lv\/wp-json\/wp\/v2\/product_tag?post=465"}],"curies":[{"name":"wp","href":"https:\/\/api.w.org\/{rel}","templated":true}]}}