{"id":462,"date":"2021-07-01T08:57:12","date_gmt":"2021-07-01T08:57:12","guid":{"rendered":"https:\/\/ecopure.lv\/product\/silver-water-50ml\/"},"modified":"2026-03-29T16:02:48","modified_gmt":"2026-03-29T16:02:48","slug":"silver-water-50ml","status":"publish","type":"product","link":"https:\/\/ecopure.lv\/lv\/product\/silver-water-50ml\/","title":{"rendered":"NanoSudraba \u016bdens, 50 ml"},"content":{"rendered":"","protected":false},"excerpt":{"rendered":"<p>NanoSudraba \u016bdens, 50 ml<\/p>\n<p>Produkts ar sp\u0113c\u012bg\u0101m biostatisk\u0101m \u012bpa\u0161\u012bb\u0101m. (antibakteri\u0101la, viruc\u012bda un fungic\u012bda iedarb\u012bba) Efekt\u012bvi samazina mikroorganismu un s\u0113n\u012b\u0161u veido\u0161anos.<br \/>\nPielietojums: visu virsmu (tualetes, vannas istabas, virtuves, gaisa kondicion\u0113\u0161anas ier\u012b\u010du) att\u012br\u012b\u0161ana. Neitraliz\u0113 nepat\u012bkamas ap\u0123\u0113rba un apavu smakas. Piepilda audumus, \u0101du, koku, polster\u0113jumu. Aizsarg\u0101 augus no s\u0113n\u012b\u0161u un pel\u0113juma veido\u0161an\u0101s.<br \/>\nLieto\u0161anas instrukcija: Tikai \u0101r\u012bgai lieto\u0161anai. Izsmidziniet uz iepriek\u0161 not\u012br\u012bt\u0101s, attaukot\u0101s virsmas vai tie\u0161i p\u0113c Raypath-Nano Silver Technology t\u012br\u012b\u0161anas l\u012bdzek\u013cu izmanto\u0161anas, tad \u013caujiet no\u017e\u016bt.<\/p>\n","protected":false},"featured_media":463,"template":"","meta":[],"product_cat":[61],"product_tag":[],"class_list":{"0":"post-462","1":"product","2":"type-product","3":"status-publish","4":"has-post-thumbnail","5":"hentry","6":"product_cat-majas-kopsana","8":"entry","9":"has-media","10":"owp-thumbs-layout-horizontal","11":"owp-btn-normal","12":"owp-tabs-layout-horizontal","13":"has-no-thumbnails","14":"has-product-nav"},"_links":{"self":[{"href":"https:\/\/ecopure.lv\/lv\/wp-json\/wp\/v2\/product\/462","targetHints":{"allow":["GET"]}}],"collection":[{"href":"https:\/\/ecopure.lv\/lv\/wp-json\/wp\/v2\/product"}],"about":[{"href":"https:\/\/ecopure.lv\/lv\/wp-json\/wp\/v2\/types\/product"}],"wp:featuredmedia":[{"embeddable":true,"href":"https:\/\/ecopure.lv\/lv\/wp-json\/wp\/v2\/media\/463"}],"wp:attachment":[{"href":"https:\/\/ecopure.lv\/lv\/wp-json\/wp\/v2\/media?parent=462"}],"wp:term":[{"taxonomy":"product_cat","embeddable":true,"href":"https:\/\/ecopure.lv\/lv\/wp-json\/wp\/v2\/product_cat?post=462"},{"taxonomy":"product_tag","embeddable":true,"href":"https:\/\/ecopure.lv\/lv\/wp-json\/wp\/v2\/product_tag?post=462"}],"curies":[{"name":"wp","href":"https:\/\/api.w.org\/{rel}","templated":true}]}}