{"id":459,"date":"2021-07-01T08:56:30","date_gmt":"2021-07-01T08:56:30","guid":{"rendered":"https:\/\/ecopure.lv\/product\/silver-spray-50-ml-2\/"},"modified":"2021-11-03T15:36:41","modified_gmt":"2021-11-03T15:36:41","slug":"silver-spray-50-ml-2","status":"publish","type":"product","link":"https:\/\/ecopure.lv\/lv\/product\/silver-spray-50-ml-2\/","title":{"rendered":"Nanosudraba \u016bdens ar smidzin\u0101t\u0101ju, 50"},"content":{"rendered":"","protected":false},"excerpt":{"rendered":"<p>Daudzfunkcion\u0101ls NanoSilver prepar\u0101ts uz alkohola b\u0101zes &#8211; 70%, bag\u0101tin\u0101ts ar koloid\u0101lo NanoSudrabu. Tas efekt\u012bvi kav\u0113 mikroorganismu, t.i., bakt\u0113riju, v\u012brusu un s\u0113n\u012b\u0161u aug\u0161anu un izplat\u012b\u0161anos.<br \/>\nLieto\u0161ana: Prepar\u0101ts paredz\u0113ts rok\u0101m un \u0101r\u012bgai lieto\u0161anai. To lieto virsmu t\u012br\u012b\u0161anai m\u0101jsaimniec\u012bb\u0101s, automa\u0161\u012bn\u0101s uc.<br \/>\nPiesardz\u012bbas pas\u0101kumi: izvair\u012bties no saskares ar ac\u012bm. Ja nok\u013c\u016bst ac\u012bs &#8211; skalojiet ar lielu daudzumu \u016bdens. Uzliesmojo\u0161s &#8211; izvairieties no uguns avotiem, saulain\u0101m viet\u0101m un augst\u0101m temperat\u016br\u0101m.<br \/>\nSast\u0101vs: Alkohol 70%, \u016bdens, koloid\u0101ls NanoSudrabs<br \/>\nTilpums. 1,7 FL. OZ.\/e 50ml<\/p>\n","protected":false},"featured_media":460,"template":"","meta":[],"product_cat":[61],"product_tag":[],"class_list":{"0":"post-459","1":"product","2":"type-product","3":"status-publish","4":"has-post-thumbnail","5":"hentry","6":"product_cat-majas-kopsana","8":"entry","9":"has-media","10":"owp-thumbs-layout-horizontal","11":"owp-btn-normal","12":"owp-tabs-layout-horizontal","13":"has-no-thumbnails","14":"has-product-nav"},"_links":{"self":[{"href":"https:\/\/ecopure.lv\/lv\/wp-json\/wp\/v2\/product\/459","targetHints":{"allow":["GET"]}}],"collection":[{"href":"https:\/\/ecopure.lv\/lv\/wp-json\/wp\/v2\/product"}],"about":[{"href":"https:\/\/ecopure.lv\/lv\/wp-json\/wp\/v2\/types\/product"}],"wp:featuredmedia":[{"embeddable":true,"href":"https:\/\/ecopure.lv\/lv\/wp-json\/wp\/v2\/media\/460"}],"wp:attachment":[{"href":"https:\/\/ecopure.lv\/lv\/wp-json\/wp\/v2\/media?parent=459"}],"wp:term":[{"taxonomy":"product_cat","embeddable":true,"href":"https:\/\/ecopure.lv\/lv\/wp-json\/wp\/v2\/product_cat?post=459"},{"taxonomy":"product_tag","embeddable":true,"href":"https:\/\/ecopure.lv\/lv\/wp-json\/wp\/v2\/product_tag?post=459"}],"curies":[{"name":"wp","href":"https:\/\/api.w.org\/{rel}","templated":true}]}}