{"id":451,"date":"2021-07-01T08:45:18","date_gmt":"2021-07-01T08:45:18","guid":{"rendered":"https:\/\/ecopure.lv\/product\/express-for-the-windows\/"},"modified":"2024-03-22T13:45:12","modified_gmt":"2024-03-22T13:45:12","slug":"express-for-the-windows","status":"publish","type":"product","link":"https:\/\/ecopure.lv\/lv\/product\/express-for-the-windows\/","title":{"rendered":"Logu mazg\u0101\u0161anas ekspress komplekts"},"content":{"rendered":"<p>Lai ieg\u016btu lab\u0101kos rezult\u0101tus, iesak\u0101m izmantot SUNBEAM audumu kop\u0101. T\u012br\u012b\u0161anas laik\u0101 nosusiniet gumiju un stikla malas ar dr\u0101nu.<\/p>\n<p>Ir pieejami divu izm\u0113ru t\u012br\u012b\u0161anas sist\u0113mas.<br \/>\nAlum\u012bnija teleskopiskais k\u0101ts 1,65cm<br \/>\nSVAR\u012aGS!<\/p>\n<p>Audumu kop\u0161anai ra\u017eot\u0101js iesaka izmantot br\u016bnas ziepes ar nanosudrabu, kas mazg\u0101 net\u012brumus un taukus no sariem. Tas ar\u012b dezinfic\u0113 sudraba da\u013ci\u0146u d\u0113\u013c, cimd\u0101 neuzkr\u0101j bakt\u0113rijas un tam ir slikta smaka.<\/p>\n<p>Mazg\u0101jot ar sadz\u012bves ziep\u0113m &#8211; nanosudrabs izmazg\u0101sies no dr\u0113b\u0113m, un tie neveiks dezinfekcijas funkciju atkar\u012bb\u0101 no auduma lieto\u0161anas laika un efektivit\u0101tes.<\/p>\n<p>Apkope:<\/p>\n<p>Ieteicams lietot br\u016bnas ziepes ar nanosudrabu vai mazg\u0101t ve\u013cas ma\u0161\u012bn\u0101 l\u012bdz 60 \u00b0, l\u012bdz 600 apgriezieniem min\u016bt\u0113, neizmantojot m\u012bkstin\u0101t\u0101jus. Neatst\u0101jiet net\u012bru no\u017e\u016bt. Nesausiniet uz karst\u0101m virsm\u0101m.<\/p>\n","protected":false},"excerpt":{"rendered":"<p>Logu t\u012br\u012b\u0161anas sist\u0113ma EXPRESS. Logu t\u012br\u012b\u0161anas galvi\u0146u veido m\u012bksta univers\u0101la zole un l\u0101zera griezuma gumija.<\/p>\n<p>J\u016bs not\u012briet net\u012brumus ar zoli un nogrie\u017eat \u016bdeni ar gumiju. Vienu reizi samitrinot ar \u016bdeni, var izt\u012br\u012bt l\u012bdz 5 vid\u0113ja izm\u0113ra logiem. Neatst\u0101j sv\u012btras.<\/p>\n","protected":false},"featured_media":452,"template":"","meta":[],"product_cat":[61],"product_tag":[],"class_list":{"0":"post-451","1":"product","2":"type-product","3":"status-publish","4":"has-post-thumbnail","5":"hentry","6":"product_cat-majas-kopsana","8":"entry","9":"has-media","10":"owp-thumbs-layout-horizontal","11":"owp-btn-normal","12":"owp-tabs-layout-horizontal","13":"has-product-nav"},"_links":{"self":[{"href":"https:\/\/ecopure.lv\/lv\/wp-json\/wp\/v2\/product\/451","targetHints":{"allow":["GET"]}}],"collection":[{"href":"https:\/\/ecopure.lv\/lv\/wp-json\/wp\/v2\/product"}],"about":[{"href":"https:\/\/ecopure.lv\/lv\/wp-json\/wp\/v2\/types\/product"}],"wp:featuredmedia":[{"embeddable":true,"href":"https:\/\/ecopure.lv\/lv\/wp-json\/wp\/v2\/media\/452"}],"wp:attachment":[{"href":"https:\/\/ecopure.lv\/lv\/wp-json\/wp\/v2\/media?parent=451"}],"wp:term":[{"taxonomy":"product_cat","embeddable":true,"href":"https:\/\/ecopure.lv\/lv\/wp-json\/wp\/v2\/product_cat?post=451"},{"taxonomy":"product_tag","embeddable":true,"href":"https:\/\/ecopure.lv\/lv\/wp-json\/wp\/v2\/product_tag?post=451"}],"curies":[{"name":"wp","href":"https:\/\/api.w.org\/{rel}","templated":true}]}}