{"id":443,"date":"2021-07-01T08:37:17","date_gmt":"2021-07-01T08:37:17","guid":{"rendered":"https:\/\/ecopure.lv\/product\/white-mini-wipe\/"},"modified":"2024-03-22T13:49:19","modified_gmt":"2024-03-22T13:49:19","slug":"white-mini-wipe","status":"publish","type":"product","link":"https:\/\/ecopure.lv\/lv\/product\/white-mini-wipe\/","title":{"rendered":"Mini salvete balta"},"content":{"rendered":"","protected":false},"excerpt":{"rendered":"<p>IZM\u0112RI: 15 x 18 cm Lieto\u0161anai mitr\u0101 veid\u0101.<br \/>\nSAGATAVO\u0160ANA: Cimdi\u0146u samitriniet remden\u0101 vai aukst\u0101 \u016bden\u012b un izspiediet lieko \u016bdeni.<br \/>\nPAREDZ\u0112TA LIETO\u0160ANA: \u0160\u012b Mini lupati\u0146a b\u016bs vis\u0113rt\u0101k izmantojama tie\u0161i trauku mazg\u0101\u0161anai. Ar to viegli no\u0146emsiet visus net\u012brumus un p\u0113c tam varat izmantot speci\u0101lu Sunbeam dviel\u012bti, lai att\u012br\u012btu traukus no liek\u0101 \u016bdens.<br \/>\nAPKOPE: Mazg\u0101t ar rok\u0101m, izmantojot br\u016bn\u0101s NanoSilver ziepes, vai ve\u013cas ma\u0161\u012bn\u0101 temperat\u016br\u0101 l\u012bdz 60 C bez m\u012bkstin\u0101t\u0101jiem. P\u0113c mazg\u0101\u0161anas iz\u017e\u0101v\u0113t.<\/p>\n","protected":false},"featured_media":444,"template":"","meta":[],"product_cat":[61],"product_tag":[],"class_list":{"0":"post-443","1":"product","2":"type-product","3":"status-publish","4":"has-post-thumbnail","5":"hentry","6":"product_cat-majas-kopsana","8":"entry","9":"has-media","10":"owp-thumbs-layout-horizontal","11":"owp-btn-normal","12":"owp-tabs-layout-horizontal","13":"has-product-nav"},"_links":{"self":[{"href":"https:\/\/ecopure.lv\/lv\/wp-json\/wp\/v2\/product\/443","targetHints":{"allow":["GET"]}}],"collection":[{"href":"https:\/\/ecopure.lv\/lv\/wp-json\/wp\/v2\/product"}],"about":[{"href":"https:\/\/ecopure.lv\/lv\/wp-json\/wp\/v2\/types\/product"}],"wp:featuredmedia":[{"embeddable":true,"href":"https:\/\/ecopure.lv\/lv\/wp-json\/wp\/v2\/media\/444"}],"wp:attachment":[{"href":"https:\/\/ecopure.lv\/lv\/wp-json\/wp\/v2\/media?parent=443"}],"wp:term":[{"taxonomy":"product_cat","embeddable":true,"href":"https:\/\/ecopure.lv\/lv\/wp-json\/wp\/v2\/product_cat?post=443"},{"taxonomy":"product_tag","embeddable":true,"href":"https:\/\/ecopure.lv\/lv\/wp-json\/wp\/v2\/product_tag?post=443"}],"curies":[{"name":"wp","href":"https:\/\/api.w.org\/{rel}","templated":true}]}}