{"id":438,"date":"2021-07-01T08:01:49","date_gmt":"2021-07-01T08:01:49","guid":{"rendered":"https:\/\/ecopure.lv\/product\/maintenance-glove-beige\/"},"modified":"2024-03-22T14:19:09","modified_gmt":"2024-03-22T14:19:09","slug":"maintenance-glove-beige","status":"publish","type":"product","link":"https:\/\/ecopure.lv\/lv\/product\/maintenance-glove-beige\/","title":{"rendered":"Cimdi\u0146\u0161 uzkop\u0161anai &#8211; b\u0113\u0161s"},"content":{"rendered":"<p>PAREDZ\u0112TAIS LIETOJUMS:<\/p>\n<p>Kad virsma ir not\u012br\u012bta ar salvetes ap\u013cveida kust\u012bb\u0101m, p\u0101rv\u0113r\u0161 net\u012brumus emulsij\u0101, ko p\u0113c tam var no\u0146emt ar sunbeam dr\u0101nu.<\/p>\n<p>Apkopes cimdu var izmantot, lai not\u012br\u012btu maigas virsmas, kuras nevajadz\u0113tu samitrin\u0101t, elektronisk\u0101s un elektrisk\u0101s ier\u012bces (televizori, datori, radio un video apar\u0101ti, telefoni utt.), Kabe\u013cus, lampas, \u0101das m\u0113beles, gleznas, m\u016bzikas instrumentus un automa\u0161\u012bnu. interjeri.<\/p>\n<p>APKOPE:<\/p>\n<p>Cimdu mazg\u0101jiet ar rok\u0101m, izmantojot nanosilver ziepes, vai ve\u013cas ma\u0161\u012bn\u0101 600 C temperat\u016br\u0101. Nelietojiet nek\u0101dus m\u012bkstino\u0161us l\u012bdzek\u013cus! P\u0113c mazg\u0101\u0161anas pak\u0101rt salveti no\u017e\u016bt.<\/p>\n","protected":false},"excerpt":{"rendered":"<p>Apkopes cimds &#8211; b\u0113\u0161s<\/p>\n<p>Izm\u0113rs 15 cm x 22 cm<\/p>\n<p>j\u0101lieto nedaudz slapj\u0161<\/p>\n<p>SAGATAVO\u0160ANA:<\/p>\n<p>Kad tas ir samitrin\u0101ts un stingri izvilkts.<\/p>\n","protected":false},"featured_media":439,"template":"","meta":[],"product_cat":[61],"product_tag":[],"class_list":{"0":"post-438","1":"product","2":"type-product","3":"status-publish","4":"has-post-thumbnail","5":"hentry","6":"product_cat-majas-kopsana","8":"entry","9":"has-media","10":"owp-thumbs-layout-horizontal","11":"owp-btn-normal","12":"owp-tabs-layout-horizontal","13":"has-product-nav"},"_links":{"self":[{"href":"https:\/\/ecopure.lv\/lv\/wp-json\/wp\/v2\/product\/438","targetHints":{"allow":["GET"]}}],"collection":[{"href":"https:\/\/ecopure.lv\/lv\/wp-json\/wp\/v2\/product"}],"about":[{"href":"https:\/\/ecopure.lv\/lv\/wp-json\/wp\/v2\/types\/product"}],"wp:featuredmedia":[{"embeddable":true,"href":"https:\/\/ecopure.lv\/lv\/wp-json\/wp\/v2\/media\/439"}],"wp:attachment":[{"href":"https:\/\/ecopure.lv\/lv\/wp-json\/wp\/v2\/media?parent=438"}],"wp:term":[{"taxonomy":"product_cat","embeddable":true,"href":"https:\/\/ecopure.lv\/lv\/wp-json\/wp\/v2\/product_cat?post=438"},{"taxonomy":"product_tag","embeddable":true,"href":"https:\/\/ecopure.lv\/lv\/wp-json\/wp\/v2\/product_tag?post=438"}],"curies":[{"name":"wp","href":"https:\/\/api.w.org\/{rel}","templated":true}]}}