{"id":428,"date":"2021-07-01T07:55:02","date_gmt":"2021-07-01T07:55:02","guid":{"rendered":"https:\/\/ecopure.lv\/product\/floor-cleaning-system\/"},"modified":"2024-03-22T13:58:05","modified_gmt":"2024-03-22T13:58:05","slug":"floor-cleaning-system","status":"publish","type":"product","link":"https:\/\/ecopure.lv\/lv\/product\/floor-cleaning-system\/","title":{"rendered":"gr\u012bdas t\u012br\u012b\u0161anas sist\u0113ma"},"content":{"rendered":"","protected":false},"excerpt":{"rendered":"<p>Gr\u012bdas t\u012br\u012b\u0161anas sist\u0113mas priek\u0161roc\u012bbas:<\/p>\n<p>Audumi neatst\u0101j sv\u012btras uz t\u012br\u0101m\u0101s virsmas.<br \/>\nTiek izmantots tikai \u016bdens &#8211; pietiek ar gr\u012bdas dr\u0101nas samitrin\u0101\u0161anu zem kr\u0101na. Papildu \u016bdens spainis nav nepiecie\u0161ams.<br \/>\nPiem\u0113rots gr\u012bdl\u012bstes mazg\u0101\u0161anai.<br \/>\nAudumi ir antibakteri\u0101li, integr\u0113ti ar sudrabu &#8211; mazg\u0101jam\u0101 virsma ir antibakteri\u0101la.<br \/>\nNo duralum\u012bna izgatavots teleskopisks rokturis &#8211; maksim\u0101lais augstums 1,65 m.<br \/>\nZole ir viegla un iztur\u012bga, \u0113rti novietota uz vienas no gr\u012bdas sist\u0113mas dr\u0101n\u0101m. Tas ir manevr\u0113jams un nodro\u0161ina ar\u012b vienm\u0113r\u012bgu spiedienu uz t\u012br\u0101m\u0101s virsmas.<br \/>\nGr\u012bdas sist\u0113mas zoles:<\/p>\n<p>Kr\u0113mveida gr\u012bdas zole ir paredz\u0113ta t\u012br\u012b\u0161anai:<\/p>\n<p>Dab\u012bg\u0101 koka gr\u012bda<br \/>\nE\u013c\u013cots parkets<br \/>\nLamin\u0101ts bez sp\u012bduma<br \/>\nFl\u012bzes<\/p>\n<p>Gr\u012bdas sist\u0113mas roz\u0101 zole ir paredz\u0113ta sausiem putek\u013ciem. Piem\u0113rots lieto\u0161anai:<\/p>\n<p>Gr\u012bdu, griestu, sienu t\u012br\u012b\u0161anai<br \/>\n\u012apa\u0161i piem\u0113rots cilv\u0113kiem ar dz\u012bvniekiem vai aler\u0123iju pret putek\u013ciem.<br \/>\nT\u012brot putek\u013cus ar roz\u0101 gr\u012bdas dr\u0101nu, uz t\u012br\u0101m\u0101s virsmas rodas antistatisks l\u0101di\u0146\u0161 &#8211; putek\u013cu sl\u0101nis neuzkr\u0101jas tik \u0101tri. Gr\u012bdas audums piesaista putek\u013cus un matus un ne\u013cauj tiem peld\u0113t gais\u0101.<\/p>\n<p>Nova gr\u012bdas sist\u0113mas zole ir paredz\u0113ta mitrai t\u012br\u012b\u0161anai. Ieteicams t\u012br\u012bt:<\/p>\n<p>Lakots parkets<br \/>\nSp\u012bd\u012bgs lamin\u0101ts<br \/>\nPakl\u0101js<br \/>\nFl\u012bzes<\/p>\n<p>Univers\u0101l\u0101 gr\u012bdas sist\u0113mas zole ir paredz\u0113ta stipri pies\u0101r\u0146otu virsmu t\u012br\u012b\u0161anai, kuras nebaid\u0101s no \u016bdens. Ieteicam\u0101 t\u012br\u012b\u0161ana:<\/p>\n<p>\u2022 Fl\u012bzes<br \/>\n\u2022 Vinils<br \/>\n\u2022 Marmors<br \/>\n\u2022 Terases d\u0113\u013ci<br \/>\n\u2022 Betons<\/p>\n","protected":false},"featured_media":429,"template":"","meta":[],"product_cat":[61],"product_tag":[],"class_list":{"0":"post-428","1":"product","2":"type-product","3":"status-publish","4":"has-post-thumbnail","5":"hentry","6":"product_cat-majas-kopsana","8":"entry","9":"has-media","10":"owp-thumbs-layout-horizontal","11":"owp-btn-normal","12":"owp-tabs-layout-horizontal","13":"has-no-thumbnails","14":"has-product-nav"},"_links":{"self":[{"href":"https:\/\/ecopure.lv\/lv\/wp-json\/wp\/v2\/product\/428","targetHints":{"allow":["GET"]}}],"collection":[{"href":"https:\/\/ecopure.lv\/lv\/wp-json\/wp\/v2\/product"}],"about":[{"href":"https:\/\/ecopure.lv\/lv\/wp-json\/wp\/v2\/types\/product"}],"wp:featuredmedia":[{"embeddable":true,"href":"https:\/\/ecopure.lv\/lv\/wp-json\/wp\/v2\/media\/429"}],"wp:attachment":[{"href":"https:\/\/ecopure.lv\/lv\/wp-json\/wp\/v2\/media?parent=428"}],"wp:term":[{"taxonomy":"product_cat","embeddable":true,"href":"https:\/\/ecopure.lv\/lv\/wp-json\/wp\/v2\/product_cat?post=428"},{"taxonomy":"product_tag","embeddable":true,"href":"https:\/\/ecopure.lv\/lv\/wp-json\/wp\/v2\/product_tag?post=428"}],"curies":[{"name":"wp","href":"https:\/\/api.w.org\/{rel}","templated":true}]}}