{"id":422,"date":"2021-07-01T07:49:33","date_gmt":"2021-07-01T07:49:33","guid":{"rendered":"https:\/\/ecopure.lv\/product\/top-set\/"},"modified":"2021-11-03T15:44:24","modified_gmt":"2021-11-03T15:44:24","slug":"top-set","status":"publish","type":"product","link":"https:\/\/ecopure.lv\/lv\/product\/top-set\/","title":{"rendered":"TOP komlekts"},"content":{"rendered":"","protected":false},"excerpt":{"rendered":"<p>TOP komplekts, kas sast\u0101v no:<\/p>\n<p>\u2022 UNIVERSAL audums mitrai t\u012br\u012b\u0161anai.<br \/>\n\u2022 SUNBEAM salvete \u017e\u0101v\u0113\u0161anai, pul\u0113\u0161anai, ar nanop\u0101rkl\u0101jumu (pieejama divos izm\u0113ros).<br \/>\n\u2022 Br\u016bnas ziepes ar nanosudrabu<\/p>\n<p>Apkalpo\u0161ana:<\/p>\n<p>Ieteicams lietot br\u016bnas ziepes ar nanosudrabu, t\u0101s var mazg\u0101t ar\u012b ma\u0161\u012bn\u0101 temperat\u016br\u0101 l\u012bdz 60 \u00b0, l\u012bdz 600 apgriezieniem min\u016bt\u0113, neizmantojot m\u012bkstin\u0101t\u0101jus. Neatst\u0101jiet net\u012bru, lai no\u017e\u016btu. Nesausiniet uz karst\u0101m virsm\u0101m.<\/p>\n","protected":false},"featured_media":423,"template":"","meta":[],"product_cat":[61],"product_tag":[],"class_list":{"0":"post-422","1":"product","2":"type-product","3":"status-publish","4":"has-post-thumbnail","5":"hentry","6":"product_cat-majas-kopsana","8":"entry","9":"has-media","10":"owp-thumbs-layout-horizontal","11":"owp-btn-normal","12":"owp-tabs-layout-horizontal","13":"has-no-thumbnails","14":"has-product-nav"},"_links":{"self":[{"href":"https:\/\/ecopure.lv\/lv\/wp-json\/wp\/v2\/product\/422","targetHints":{"allow":["GET"]}}],"collection":[{"href":"https:\/\/ecopure.lv\/lv\/wp-json\/wp\/v2\/product"}],"about":[{"href":"https:\/\/ecopure.lv\/lv\/wp-json\/wp\/v2\/types\/product"}],"wp:featuredmedia":[{"embeddable":true,"href":"https:\/\/ecopure.lv\/lv\/wp-json\/wp\/v2\/media\/423"}],"wp:attachment":[{"href":"https:\/\/ecopure.lv\/lv\/wp-json\/wp\/v2\/media?parent=422"}],"wp:term":[{"taxonomy":"product_cat","embeddable":true,"href":"https:\/\/ecopure.lv\/lv\/wp-json\/wp\/v2\/product_cat?post=422"},{"taxonomy":"product_tag","embeddable":true,"href":"https:\/\/ecopure.lv\/lv\/wp-json\/wp\/v2\/product_tag?post=422"}],"curies":[{"name":"wp","href":"https:\/\/api.w.org\/{rel}","templated":true}]}}