{"id":420,"date":"2021-07-01T07:38:58","date_gmt":"2021-07-01T07:38:58","guid":{"rendered":"https:\/\/ecopure.lv\/product\/white-glove\/"},"modified":"2024-03-22T14:11:11","modified_gmt":"2024-03-22T14:11:11","slug":"white-glove","status":"publish","type":"product","link":"https:\/\/ecopure.lv\/lv\/product\/white-glove\/","title":{"rendered":"Cimdi\u0146\u0161 balts"},"content":{"rendered":"<p>Izm\u0113rs 15 cm x 22 cm<\/p>\n<p>lietojams slapj\u0161<\/p>\n<p>SAGATAVO\u0160ANA:<\/p>\n<p>Cimdu samitriniet remden\u0101 vai aukst\u0101 \u016bden\u012b un izspiediet.<\/p>\n<p>PAREDZ\u0112TAIS LIETOJUMS:<\/p>\n<p>Balto cimdu ieteicams izmantot m\u0101jas apr\u012bkojuma, pakl\u0101ju, gr\u012bdas, automa\u0161\u012bnu virsb\u016bvju, dz\u012bvnieku vilnas un ka\u017eok\u0101du virsmu t\u012br\u012b\u0161anai.<\/p>\n<p>APKOPE:<\/p>\n<p>Mazg\u0101t ar rok\u0101m, izmantojot nanosilver ziepes, vai ve\u013cas ma\u0161\u012bn\u0101 temperat\u016br\u0101 l\u012bdz 60\u00baC bez auduma m\u012bkstin\u0101t\u0101jiem. P\u0113c mazg\u0101\u0161anas pak\u0101rt \u017e\u0101v\u0113\u0161anai.<\/p>\n","protected":false},"excerpt":{"rendered":"<p>Univers\u0101ls cimdi\u0146\u0161 m\u0101jas kop\u0161anai.<\/p>\n","protected":false},"featured_media":414,"template":"","meta":[],"product_cat":[61],"product_tag":[],"class_list":{"0":"post-420","1":"product","2":"type-product","3":"status-publish","4":"has-post-thumbnail","5":"hentry","6":"product_cat-majas-kopsana","8":"entry","9":"has-media","10":"owp-thumbs-layout-horizontal","11":"owp-btn-normal","12":"owp-tabs-layout-horizontal","13":"has-product-nav"},"_links":{"self":[{"href":"https:\/\/ecopure.lv\/lv\/wp-json\/wp\/v2\/product\/420","targetHints":{"allow":["GET"]}}],"collection":[{"href":"https:\/\/ecopure.lv\/lv\/wp-json\/wp\/v2\/product"}],"about":[{"href":"https:\/\/ecopure.lv\/lv\/wp-json\/wp\/v2\/types\/product"}],"wp:featuredmedia":[{"embeddable":true,"href":"https:\/\/ecopure.lv\/lv\/wp-json\/wp\/v2\/media\/414"}],"wp:attachment":[{"href":"https:\/\/ecopure.lv\/lv\/wp-json\/wp\/v2\/media?parent=420"}],"wp:term":[{"taxonomy":"product_cat","embeddable":true,"href":"https:\/\/ecopure.lv\/lv\/wp-json\/wp\/v2\/product_cat?post=420"},{"taxonomy":"product_tag","embeddable":true,"href":"https:\/\/ecopure.lv\/lv\/wp-json\/wp\/v2\/product_tag?post=420"}],"curies":[{"name":"wp","href":"https:\/\/api.w.org\/{rel}","templated":true}]}}