{"id":404,"date":"2021-07-19T08:14:14","date_gmt":"2021-07-19T08:14:14","guid":{"rendered":"https:\/\/ecopure.lv\/?post_type=product&#038;p=404"},"modified":"2021-11-03T15:12:19","modified_gmt":"2021-11-03T15:12:19","slug":"set-for-the-kitchen","status":"publish","type":"product","link":"https:\/\/ecopure.lv\/lv\/product\/set-for-the-kitchen\/","title":{"rendered":"Komplekts virtuvei"},"content":{"rendered":"","protected":false},"excerpt":{"rendered":"<p>VIRTUVES balta mini dr\u0101ni\u0146a virsmas t\u012br\u012b\u0161anai (vienpus\u0113js vai divpus\u0113js). Izm\u0113ri: 15 \u00d7 18 cm.<br \/>\n\u2022 SUNBEAM audums \u017e\u0101v\u0113\u0161anai un pul\u0113\u0161anai (pieejams divos izm\u0113ros).<br \/>\n\u2022 Br\u016bnas ziepes ar nanosudrabu<\/p>\n","protected":false},"featured_media":406,"template":"","meta":[],"product_cat":[61],"product_tag":[],"class_list":{"0":"post-404","1":"product","2":"type-product","3":"status-publish","4":"has-post-thumbnail","5":"hentry","6":"product_cat-majas-kopsana","8":"entry","9":"has-media","10":"owp-thumbs-layout-horizontal","11":"owp-btn-normal","12":"owp-tabs-layout-horizontal","13":"has-no-thumbnails","14":"has-product-nav"},"_links":{"self":[{"href":"https:\/\/ecopure.lv\/lv\/wp-json\/wp\/v2\/product\/404","targetHints":{"allow":["GET"]}}],"collection":[{"href":"https:\/\/ecopure.lv\/lv\/wp-json\/wp\/v2\/product"}],"about":[{"href":"https:\/\/ecopure.lv\/lv\/wp-json\/wp\/v2\/types\/product"}],"wp:featuredmedia":[{"embeddable":true,"href":"https:\/\/ecopure.lv\/lv\/wp-json\/wp\/v2\/media\/406"}],"wp:attachment":[{"href":"https:\/\/ecopure.lv\/lv\/wp-json\/wp\/v2\/media?parent=404"}],"wp:term":[{"taxonomy":"product_cat","embeddable":true,"href":"https:\/\/ecopure.lv\/lv\/wp-json\/wp\/v2\/product_cat?post=404"},{"taxonomy":"product_tag","embeddable":true,"href":"https:\/\/ecopure.lv\/lv\/wp-json\/wp\/v2\/product_tag?post=404"}],"curies":[{"name":"wp","href":"https:\/\/api.w.org\/{rel}","templated":true}]}}