{"id":402,"date":"2021-07-01T07:26:59","date_gmt":"2021-07-01T07:26:59","guid":{"rendered":"https:\/\/ecopure.lv\/product\/mini-set\/"},"modified":"2026-03-29T16:23:13","modified_gmt":"2026-03-29T16:23:13","slug":"mini-set","status":"publish","type":"product","link":"https:\/\/ecopure.lv\/lv\/product\/mini-set\/","title":{"rendered":"Mini m\u0101jas uzkop\u0161anas komplekts"},"content":{"rendered":"","protected":false},"excerpt":{"rendered":"<p>KOMPLEKT\u0100 IEK\u013bAUTS:<\/p>\n<p>Balta mini dr\u0101ni\u0146a virsmas t\u012br\u012b\u0161anai 1<\/p>\n<p>Balts cimds virsmas t\u012br\u012b\u0161anai 1<\/p>\n<p>Cimds virsmas t\u012br\u012b\u0161anai un kop\u0161anai 1<\/p>\n<p>Roz\u0101 cimds virsmas t\u012br\u012b\u0161anai 1<\/p>\n<p>Balts cimds virsmas t\u012br\u012b\u0161anai &#8211; jauns 1<\/p>\n<p>T\u012br\u012b\u0161anas dr\u0101ni\u0146a Sunbeam J\u016bra 1<\/p>\n<p>Sunbeam dr\u0101ni\u0146a XL automobi\u013ca t\u012br\u012b\u0161anai 1<\/p>\n<p>\u016adens ar nanosudrabu \u2013 Silver Water 50 ml 1<\/p>\n<p>Ziepes ar nanosudrabu \u2013 Natural Soap 100 g 1<\/p>\n","protected":false},"featured_media":403,"template":"","meta":[],"product_cat":[61],"product_tag":[],"class_list":{"0":"post-402","1":"product","2":"type-product","3":"status-publish","4":"has-post-thumbnail","5":"hentry","6":"product_cat-majas-kopsana","8":"entry","9":"has-media","10":"owp-thumbs-layout-horizontal","11":"owp-btn-normal","12":"owp-tabs-layout-horizontal","13":"has-no-thumbnails","14":"has-product-nav"},"_links":{"self":[{"href":"https:\/\/ecopure.lv\/lv\/wp-json\/wp\/v2\/product\/402","targetHints":{"allow":["GET"]}}],"collection":[{"href":"https:\/\/ecopure.lv\/lv\/wp-json\/wp\/v2\/product"}],"about":[{"href":"https:\/\/ecopure.lv\/lv\/wp-json\/wp\/v2\/types\/product"}],"wp:featuredmedia":[{"embeddable":true,"href":"https:\/\/ecopure.lv\/lv\/wp-json\/wp\/v2\/media\/403"}],"wp:attachment":[{"href":"https:\/\/ecopure.lv\/lv\/wp-json\/wp\/v2\/media?parent=402"}],"wp:term":[{"taxonomy":"product_cat","embeddable":true,"href":"https:\/\/ecopure.lv\/lv\/wp-json\/wp\/v2\/product_cat?post=402"},{"taxonomy":"product_tag","embeddable":true,"href":"https:\/\/ecopure.lv\/lv\/wp-json\/wp\/v2\/product_tag?post=402"}],"curies":[{"name":"wp","href":"https:\/\/api.w.org\/{rel}","templated":true}]}}