{"id":399,"date":"2021-07-01T07:26:27","date_gmt":"2021-07-01T07:26:27","guid":{"rendered":"https:\/\/ecopure.lv\/product\/white-floor-pad\/"},"modified":"2026-03-29T16:25:00","modified_gmt":"2026-03-29T16:25:00","slug":"white-floor-pad","status":"publish","type":"product","link":"https:\/\/ecopure.lv\/lv\/product\/white-floor-pad\/","title":{"rendered":"Mops gr\u012bdai balts"},"content":{"rendered":"","protected":false},"excerpt":{"rendered":"<p>lietojams slapj\u0161<br \/>\nSAGATAVO\u0160ANA: Samitriniet mopu remden\u0101 vai aukst\u0101 \u016bden\u012b un izspiediet to.<br \/>\nPAREDZ\u0112TA LIETO\u0160ANA: Baltais gr\u012bdas mops ir univers\u0101ls mops ar kuru var t\u012br\u012bt praktiski visa veida m\u0101jas gr\u012bdas virsmas.<br \/>\nAPKOPE: Mazg\u0101t ar rok\u0101m, izmantojot br\u016bn\u0101s NanoSilver ziepes, vai ve\u013cas ma\u0161\u012bn\u0101 temperat\u016br\u0101 l\u012bdz 60\u00baC bez auduma m\u012bkstin\u0101t\u0101jiem. P\u0113c mazg\u0101\u0161anas pak\u0101rt iz\u017e\u0101v\u0113t.<\/p>\n","protected":false},"featured_media":400,"template":"","meta":[],"product_cat":[61],"product_tag":[],"class_list":{"0":"post-399","1":"product","2":"type-product","3":"status-publish","4":"has-post-thumbnail","5":"hentry","6":"product_cat-majas-kopsana","8":"entry","9":"has-media","10":"owp-thumbs-layout-horizontal","11":"owp-btn-normal","12":"owp-tabs-layout-horizontal","13":"has-no-thumbnails","14":"has-product-nav"},"_links":{"self":[{"href":"https:\/\/ecopure.lv\/lv\/wp-json\/wp\/v2\/product\/399","targetHints":{"allow":["GET"]}}],"collection":[{"href":"https:\/\/ecopure.lv\/lv\/wp-json\/wp\/v2\/product"}],"about":[{"href":"https:\/\/ecopure.lv\/lv\/wp-json\/wp\/v2\/types\/product"}],"wp:featuredmedia":[{"embeddable":true,"href":"https:\/\/ecopure.lv\/lv\/wp-json\/wp\/v2\/media\/400"}],"wp:attachment":[{"href":"https:\/\/ecopure.lv\/lv\/wp-json\/wp\/v2\/media?parent=399"}],"wp:term":[{"taxonomy":"product_cat","embeddable":true,"href":"https:\/\/ecopure.lv\/lv\/wp-json\/wp\/v2\/product_cat?post=399"},{"taxonomy":"product_tag","embeddable":true,"href":"https:\/\/ecopure.lv\/lv\/wp-json\/wp\/v2\/product_tag?post=399"}],"curies":[{"name":"wp","href":"https:\/\/api.w.org\/{rel}","templated":true}]}}