{"id":393,"date":"2021-07-01T07:03:14","date_gmt":"2021-07-01T07:03:14","guid":{"rendered":"https:\/\/ecopure.lv\/product\/novel-white-floor-pad\/"},"modified":"2026-03-29T16:29:04","modified_gmt":"2026-03-29T16:29:04","slug":"novel-white-floor-pad","status":"publish","type":"product","link":"https:\/\/ecopure.lv\/lv\/product\/novel-white-floor-pad\/","title":{"rendered":"Mops gr\u012bdai NOVA"},"content":{"rendered":"","protected":false},"excerpt":{"rendered":"<p>lietojams slapj\u0161<br \/>\nSAGATAVO\u0160ANA: Samitriniet mopu remden\u0101 vai aukst\u0101 \u016bden\u012b un k\u0101rt\u012bgi izspiediet.<br \/>\nPAREDZ\u0112TA LIETO\u0160ANA: \u0160is gr\u012bdas\/griestu mops b\u016bs \u012bp\u0101si piem\u0113rots fl\u012bz\u0113m, gran\u012btam, linolejam, pakl\u0101ju t\u012br\u012bs\u0101nai.<br \/>\nAPKOPE: Mazg\u0101t ar rok\u0101m, izmantojot br\u016bn\u0101s NanoSilver ziepes, vai ve\u013cas ma\u0161\u012bn\u0101 temperat\u016br\u0101 l\u012bdz 60\u00baC bez auduma m\u012bkstin\u0101t\u0101jiem. P\u0113c mazg\u0101\u0161anas pak\u0101rt iz\u017e\u0101v\u0113t.<\/p>\n","protected":false},"featured_media":394,"template":"","meta":[],"product_cat":[61],"product_tag":[],"class_list":{"0":"post-393","1":"product","2":"type-product","3":"status-publish","4":"has-post-thumbnail","5":"hentry","6":"product_cat-majas-kopsana","8":"entry","9":"has-media","10":"owp-thumbs-layout-horizontal","11":"owp-btn-normal","12":"owp-tabs-layout-horizontal","13":"has-no-thumbnails","14":"has-product-nav"},"_links":{"self":[{"href":"https:\/\/ecopure.lv\/lv\/wp-json\/wp\/v2\/product\/393","targetHints":{"allow":["GET"]}}],"collection":[{"href":"https:\/\/ecopure.lv\/lv\/wp-json\/wp\/v2\/product"}],"about":[{"href":"https:\/\/ecopure.lv\/lv\/wp-json\/wp\/v2\/types\/product"}],"wp:featuredmedia":[{"embeddable":true,"href":"https:\/\/ecopure.lv\/lv\/wp-json\/wp\/v2\/media\/394"}],"wp:attachment":[{"href":"https:\/\/ecopure.lv\/lv\/wp-json\/wp\/v2\/media?parent=393"}],"wp:term":[{"taxonomy":"product_cat","embeddable":true,"href":"https:\/\/ecopure.lv\/lv\/wp-json\/wp\/v2\/product_cat?post=393"},{"taxonomy":"product_tag","embeddable":true,"href":"https:\/\/ecopure.lv\/lv\/wp-json\/wp\/v2\/product_tag?post=393"}],"curies":[{"name":"wp","href":"https:\/\/api.w.org\/{rel}","templated":true}]}}