{"id":390,"date":"2021-07-01T07:02:14","date_gmt":"2021-07-01T07:02:14","guid":{"rendered":"https:\/\/ecopure.lv\/product\/pink-floor-pad\/"},"modified":"2026-03-29T16:30:31","modified_gmt":"2026-03-29T16:30:31","slug":"pink-floor-pad","status":"publish","type":"product","link":"https:\/\/ecopure.lv\/lv\/product\/pink-floor-pad\/","title":{"rendered":"Mops gr\u012bdas uzkop\u0161anai roz\u0101"},"content":{"rendered":"","protected":false},"excerpt":{"rendered":"<p>j\u0101izmanto sauss<br \/>\nPAREDZ\u0112TA LIETO\u0160ANA: \u0160is mops b\u016bs piem\u0113rots visa veida gr\u012bdas\/griestu virsm\u0101m, lai no t\u0101m \u0101tri sav\u0101ktu neredzamo putek\u013cu k\u0101rtu un mazus gru\u017eus. T\u0101pat varat izmantot, lai pul\u0113tu savu parketu vai lamin\u0101tu. \u0160is audums pie\u0161\u0137ir pretelektrostatiskas \u012bpa\u0161\u012bbas virsm\u0101m, kas parasti paliek putek\u013cainas, t\u0101d\u0113j\u0101di nov\u0113r\u0161ot putek\u013cu uzkr\u0101\u0161anos uz t\u0101m.<br \/>\nAPKOPE: not\u012briet putek\u013cus no spilventi\u0146a; ja tas ir net\u012brs, mazg\u0101jiet ar rok\u0101m, izmantojot br\u016bn\u0101s Nano Silver ziepes, vai ve\u013cas ma\u0161\u012bn\u0101 temperat\u016br\u0101 l\u012bdz 60\u00baC bez auduma m\u012bkstin\u0101t\u0101jiem. P\u0113c mazg\u0101\u0161anas iz\u017e\u0101v\u0113t.<\/p>\n","protected":false},"featured_media":391,"template":"","meta":[],"product_cat":[61],"product_tag":[],"class_list":{"0":"post-390","1":"product","2":"type-product","3":"status-publish","4":"has-post-thumbnail","5":"hentry","6":"product_cat-majas-kopsana","8":"entry","9":"has-media","10":"owp-thumbs-layout-horizontal","11":"owp-btn-normal","12":"owp-tabs-layout-horizontal","13":"has-no-thumbnails","14":"has-product-nav"},"_links":{"self":[{"href":"https:\/\/ecopure.lv\/lv\/wp-json\/wp\/v2\/product\/390","targetHints":{"allow":["GET"]}}],"collection":[{"href":"https:\/\/ecopure.lv\/lv\/wp-json\/wp\/v2\/product"}],"about":[{"href":"https:\/\/ecopure.lv\/lv\/wp-json\/wp\/v2\/types\/product"}],"wp:featuredmedia":[{"embeddable":true,"href":"https:\/\/ecopure.lv\/lv\/wp-json\/wp\/v2\/media\/391"}],"wp:attachment":[{"href":"https:\/\/ecopure.lv\/lv\/wp-json\/wp\/v2\/media?parent=390"}],"wp:term":[{"taxonomy":"product_cat","embeddable":true,"href":"https:\/\/ecopure.lv\/lv\/wp-json\/wp\/v2\/product_cat?post=390"},{"taxonomy":"product_tag","embeddable":true,"href":"https:\/\/ecopure.lv\/lv\/wp-json\/wp\/v2\/product_tag?post=390"}],"curies":[{"name":"wp","href":"https:\/\/api.w.org\/{rel}","templated":true}]}}