{"id":387,"date":"2021-07-01T07:01:33","date_gmt":"2021-07-01T07:01:33","guid":{"rendered":"https:\/\/ecopure.lv\/product\/soap-with-nanosilver-100-g\/"},"modified":"2022-10-28T19:11:27","modified_gmt":"2022-10-28T19:11:27","slug":"soap-with-nanosilver-100-g","status":"publish","type":"product","link":"https:\/\/ecopure.lv\/lv\/product\/soap-with-nanosilver-100-g\/","title":{"rendered":"Antibakteri\u0101l\u0101s ziepes ar nanosudrabu 100 gr."},"content":{"rendered":"","protected":false},"excerpt":{"rendered":"<p>Dab\u012bg\u0101s NanoSilver ziepes &#8211; Satur koloid\u0101lo sudrabu.<\/p>\n<p>NanoSilver ziepes, kas paredz\u0113tas \u0137erme\u0146a att\u012br\u012b\u0161anai un ikdienas sejas un \u0101das kop\u0161anai, ir ieteicamas ar\u012b Raypath ekolo\u0123isko produktu mazg\u0101\u0161anai.<\/p>\n<p>\u012apa\u0161\u012bbas: sp\u0113c\u012bga antibakteri\u0101la, viruc\u012bda un fungic\u012bda iedarb\u012bba. Hipoaler\u0123isks &#8211; ra\u017eots tikai no augu izcelsmes taukiem un e\u013c\u013c\u0101m &#8211; nav kairin\u0101ms, nomierina iekaisumu, pal\u012bdz uztur\u0113t dabisko \u0101das pH &#8211; videi draudz\u012bgs &#8211; nov\u0113r\u0161 p\u0113du un nagu mikozes ra\u0161anos.<br \/>\nMazg\u0101\u0161anas \u012bpa\u0161\u012bbas: NanoSilver ziepes ir lielisks mazg\u0101\u0161anas l\u012bdzeklis, kas jau 30 \u00b0 C temperat\u016br\u0101 izn\u012bcina bakt\u0113rijas, v\u012brusus un s\u0113n\u012btes. \u012apa\u0161i efekt\u012bvi nov\u0113r\u0161 jebk\u0101dus gr\u016bti nov\u0113r\u0161amus net\u012brumus, neitraliz\u0113 nepat\u012bkam\u0101s smakas, uztur audumu kr\u0101su pies\u0101tin\u0101jumu.<br \/>\nSast\u0101vda\u013cas: N\u0101trija palm\u0101ts, N\u0101trija palmu kernel\u0101ts, \u016adens, Palmit\u012bnsk\u0101be, N\u0101trija hlor\u012bds, Glicer\u012bns, Tetrasodium Edta, Argentum Colloidale.<br \/>\nNesatur &#8211; tit\u0101na dioks\u012bdu, kas uz auduma var\u0113tu atst\u0101t p\u0113das. Lepojas ar antistatisku efektu. Nesatur mazg\u0101\u0161anas l\u012bdzek\u013cus, kr\u0101svielas vai sensibiliz\u0113jo\u0161as vielas, piem. nitrozam\u012bnu, ftal\u0101tus, PEG un PPG emulgatorius, \u0122MO sast\u0101vda\u013cas, parab\u0113nus, silikonus, paraf\u012bnu.<\/p>\n","protected":false},"featured_media":388,"template":"","meta":[],"product_cat":[61],"product_tag":[],"class_list":{"0":"post-387","1":"product","2":"type-product","3":"status-publish","4":"has-post-thumbnail","5":"hentry","6":"product_cat-majas-kopsana","8":"entry","9":"has-media","10":"owp-thumbs-layout-horizontal","11":"owp-btn-normal","12":"owp-tabs-layout-horizontal","13":"has-no-thumbnails","14":"has-product-nav"},"_links":{"self":[{"href":"https:\/\/ecopure.lv\/lv\/wp-json\/wp\/v2\/product\/387","targetHints":{"allow":["GET"]}}],"collection":[{"href":"https:\/\/ecopure.lv\/lv\/wp-json\/wp\/v2\/product"}],"about":[{"href":"https:\/\/ecopure.lv\/lv\/wp-json\/wp\/v2\/types\/product"}],"wp:featuredmedia":[{"embeddable":true,"href":"https:\/\/ecopure.lv\/lv\/wp-json\/wp\/v2\/media\/388"}],"wp:attachment":[{"href":"https:\/\/ecopure.lv\/lv\/wp-json\/wp\/v2\/media?parent=387"}],"wp:term":[{"taxonomy":"product_cat","embeddable":true,"href":"https:\/\/ecopure.lv\/lv\/wp-json\/wp\/v2\/product_cat?post=387"},{"taxonomy":"product_tag","embeddable":true,"href":"https:\/\/ecopure.lv\/lv\/wp-json\/wp\/v2\/product_tag?post=387"}],"curies":[{"name":"wp","href":"https:\/\/api.w.org\/{rel}","templated":true}]}}