{"id":379,"date":"2021-07-01T06:57:48","date_gmt":"2021-07-01T06:57:48","guid":{"rendered":"https:\/\/ecopure.lv\/product\/sunbeam\/"},"modified":"2026-03-29T16:33:27","modified_gmt":"2026-03-29T16:33:27","slug":"sunbeam","status":"publish","type":"product","link":"https:\/\/ecopure.lv\/lv\/product\/sunbeam\/","title":{"rendered":"Salvete Sunbeam brill\u0113m"},"content":{"rendered":"","protected":false},"excerpt":{"rendered":"<p>j\u0101lieto nedaudz slapj\u0161<br \/>\nSAGATAVO\u0160ANA: Pirms lieto\u0161anas lupati\u0146u nedaudz samitriniet<br \/>\nPAREDZ\u0112TA LIETO\u0160ANA: Speci\u0101li izstr\u0101d\u0101ts Sunbeam audums no\u0146em net\u012brumus un emulsiju, pie\u0161\u0137irot not\u012br\u012btai virsmai nevainojamu sp\u012bdumu. Sunbeam audums ir izgatavots no sint\u0113tisk\u0101m mikro\u0161\u0137iedr\u0101m, kuru vid\u0113jais biezums ir da\u017ei mikrometri. Audums efekt\u012bvi absorb\u0113 net\u012brumus, un mitrumu, not\u012br\u012bt\u0101s virsmas padara sp\u012bd\u012bgas, bez sv\u012btr\u0101m un skr\u0101p\u0113jumiem. T\u0101s maig\u0101s \u0161\u0137iedras strukt\u016bras d\u0113\u013c audums piem\u0113rots da\u017e\u0101du ier\u012b\u010du, piem\u0113ram, optisk\u0101 stikla, datoru un elektronisko ier\u012b\u010du t\u012br\u012b\u0161anai, kas ir jut\u012bgas pret parastajiem t\u012br\u012b\u0161anas l\u012bdzek\u013ciem.<br \/>\nAPKOPE: Mazg\u0101t ar rok\u0101m, izmantojot br\u016bn\u0101s Nano Silver ziepes, vai ve\u013cas ma\u0161\u012bn\u0101 temperat\u016br\u0101 l\u012bdz 60\u00baC bez auduma m\u012bkstin\u0101t\u0101jiem. P\u0113c mazg\u0101\u0161anas iz\u017e\u0101v\u0113t. Mazg\u0101\u0161anas laik\u0101 audumu nepiecie\u0161ams vair\u0101kas reizes k\u0101rt\u012bgi iz\u017emiegt no liek\u0101 \u016bdens.<\/p>\n","protected":false},"featured_media":516,"template":"","meta":[],"product_cat":[61],"product_tag":[],"class_list":{"0":"post-379","1":"product","2":"type-product","3":"status-publish","4":"has-post-thumbnail","5":"hentry","6":"product_cat-majas-kopsana","8":"entry","9":"has-media","10":"owp-thumbs-layout-horizontal","11":"owp-btn-normal","12":"owp-tabs-layout-horizontal","13":"has-product-nav"},"_links":{"self":[{"href":"https:\/\/ecopure.lv\/lv\/wp-json\/wp\/v2\/product\/379","targetHints":{"allow":["GET"]}}],"collection":[{"href":"https:\/\/ecopure.lv\/lv\/wp-json\/wp\/v2\/product"}],"about":[{"href":"https:\/\/ecopure.lv\/lv\/wp-json\/wp\/v2\/types\/product"}],"wp:featuredmedia":[{"embeddable":true,"href":"https:\/\/ecopure.lv\/lv\/wp-json\/wp\/v2\/media\/516"}],"wp:attachment":[{"href":"https:\/\/ecopure.lv\/lv\/wp-json\/wp\/v2\/media?parent=379"}],"wp:term":[{"taxonomy":"product_cat","embeddable":true,"href":"https:\/\/ecopure.lv\/lv\/wp-json\/wp\/v2\/product_cat?post=379"},{"taxonomy":"product_tag","embeddable":true,"href":"https:\/\/ecopure.lv\/lv\/wp-json\/wp\/v2\/product_tag?post=379"}],"curies":[{"name":"wp","href":"https:\/\/api.w.org\/{rel}","templated":true}]}}