{"id":376,"date":"2021-07-01T06:54:27","date_gmt":"2021-07-01T06:54:27","guid":{"rendered":"https:\/\/ecopure.lv\/product\/toilet-cleaner-with-nanosilver\/"},"modified":"2026-03-29T16:35:54","modified_gmt":"2026-03-29T16:35:54","slug":"toilet-cleaner-with-nanosilver","status":"publish","type":"product","link":"https:\/\/ecopure.lv\/lv\/product\/toilet-cleaner-with-nanosilver\/","title":{"rendered":"Tualetes \u0161\u0137idrums REC ar NanoSudrabu"},"content":{"rendered":"","protected":false},"excerpt":{"rendered":"<p>Profesion\u0101ls tualetes t\u012br\u012b\u0161anas l\u012bdzeklis<\/p>\n<p>Tas neboj\u0101 t\u012br\u0101mo virsmu un labi smar\u017eo. Efekt\u012bvs &#8211; c\u012bn\u0101s ar mikrobiolo\u0123isko vidi un nov\u0113r\u0161 nepat\u012bkam\u0101s smakas, steriliz\u0113 un r\u016bp\u012bgi not\u012bra tualetes podu, satur antibakteri\u0101lo NanoSudrabu.<br \/>\nIedarb\u012bba &#8211; No\u0146em traipus un kaitino\u0161as kr\u0101sas izmai\u0146as. Pateicoties \u012bpa\u0161ai formulai, tas vienm\u0113r\u012bgi nokl\u0101j visu virsmu un sasniedz visas t\u012br\u0101m\u0101s zonas. Lieto\u0161anas nor\u0101d\u012bjumi &#8211; \u0160\u0137idrums vienm\u0113r\u012bgi j\u0101uzkl\u0101j uz t\u012br\u0101m\u0101s virsmas un j\u0101atst\u0101j vismaz uz 30 min\u016bt\u0113m, p\u0113c tam j\u0101noskalo ar \u016bdeni.<\/p>\n","protected":false},"featured_media":377,"template":"","meta":[],"product_cat":[61],"product_tag":[],"class_list":{"0":"post-376","1":"product","2":"type-product","3":"status-publish","4":"has-post-thumbnail","5":"hentry","6":"product_cat-majas-kopsana","8":"entry","9":"has-media","10":"owp-thumbs-layout-horizontal","11":"owp-btn-normal","12":"owp-tabs-layout-horizontal","13":"has-no-thumbnails","14":"has-product-nav"},"_links":{"self":[{"href":"https:\/\/ecopure.lv\/lv\/wp-json\/wp\/v2\/product\/376","targetHints":{"allow":["GET"]}}],"collection":[{"href":"https:\/\/ecopure.lv\/lv\/wp-json\/wp\/v2\/product"}],"about":[{"href":"https:\/\/ecopure.lv\/lv\/wp-json\/wp\/v2\/types\/product"}],"wp:featuredmedia":[{"embeddable":true,"href":"https:\/\/ecopure.lv\/lv\/wp-json\/wp\/v2\/media\/377"}],"wp:attachment":[{"href":"https:\/\/ecopure.lv\/lv\/wp-json\/wp\/v2\/media?parent=376"}],"wp:term":[{"taxonomy":"product_cat","embeddable":true,"href":"https:\/\/ecopure.lv\/lv\/wp-json\/wp\/v2\/product_cat?post=376"},{"taxonomy":"product_tag","embeddable":true,"href":"https:\/\/ecopure.lv\/lv\/wp-json\/wp\/v2\/product_tag?post=376"}],"curies":[{"name":"wp","href":"https:\/\/api.w.org\/{rel}","templated":true}]}}