{"id":373,"date":"2021-07-01T06:53:01","date_gmt":"2021-07-01T06:53:01","guid":{"rendered":"https:\/\/ecopure.lv\/product\/animals-set\/"},"modified":"2026-03-29T16:38:09","modified_gmt":"2026-03-29T16:38:09","slug":"animals-set","status":"publish","type":"product","link":"https:\/\/ecopure.lv\/lv\/product\/animals-set\/","title":{"rendered":"M\u0101jdz\u012bvnieku t\u012br\u012b\u0161anas komplekts"},"content":{"rendered":"<p>BALTAIS CIMDI\u0145\u0160<br \/>\nIzmanto mazg\u0101\u0161anai vann\u0101 vai mitrai apkop\u0161anai. Tas ir uzticams pat lielu vai gr\u016bti mazg\u0101jamu net\u012brumu t\u012br\u012b\u0161an\u0101, tas ar\u012b nodro\u0161in\u0101s dz\u012bvniekam maigu un pat\u012bkamu galvas, muguras un \u0137epu mas\u0101\u017eu.<br \/>\nBALTAIS CIMDI\u0145\u0160 NOVA<br \/>\nTas lieliski absorb\u0113 mitra dz\u012bvnieka \u016bdeni un sav\u0101c net\u012brumus. Pateicoties maigajai, m\u012bkstajai \u0161\u0137iedras strukt\u016brai, tas viegli att\u012bra jut\u012bgas un gr\u016bti sasniedzamas vietas. Tas b\u016bs lieliski piem\u0113rots karst\u0101 laik\u0101: cimds, kas sam\u0113rc\u0113ts aukst\u0101 \u016bden\u012b un uzlikts uz muguras un \u0137ep\u0101m, sniegs j\u016bsu m\u0101jdz\u012bvniekam t\u016bl\u012bt\u0113ju atvieglojumu.<br \/>\nKOP\u0160ANAS CIMDI\u0145\u0160<br \/>\nMitrai lieto\u0161anai, viegli net\u012brai vilnai, kur nav nepiecie\u0161ama m\u0101jdz\u012bvnieka mazg\u0101\u0161ana. Tas ir lieliski piem\u0113rots ar\u012b ikdienas \u0101das, \u0137epu un vilnas atsvaidzin\u0101\u0161anai<br \/>\nROZ\u0100 CIMDI\u0145\u0160<br \/>\nSausai lieto\u0161anai. Tam ir antistatiskas \u012bpa\u0161\u012bbas, kas ir \u0101rk\u0101rt\u012bgi noder\u012bgi, \u012bpa\u0161i ziem\u0101 saus\u0101s, apsild\u0101m\u0101s telp\u0101s, kad dz\u012bvnieki uz sevi uzkr\u0101j elektriskos l\u0101di\u0146us &#8211; tos var nekav\u0113joties no\u0146emt, vienk\u0101r\u0161i velkot ar cimdu p\u0101ri m\u0101jdz\u012bvnieka mugurai. Cimds ir neaizst\u0101jams ar\u012b efekt\u012bv\u0101 putek\u013cu no\u0146em\u0161an\u0101 un pret vilnas izkri\u0161anu. Lai to izdar\u012btu, ar cimdu vair\u0101kas reizes j\u0101p\u0101rvelk p\u0101r m\u0101jdz\u012bvnieka vilnu. Regul\u0101ra \u0101das vai vilnas gl\u0101st\u012b\u0161ana ar roz\u0101 cimdu j\u016bsu m\u0101jdz\u012bvniekam sag\u0101d\u0101s lielu prieku, un t\u0101 \u0101da un ka\u017eoks b\u016bs \u0101rk\u0101rt\u012bgi gluda un sp\u012bd\u012bga.<br \/>\nDVIELIS SUNBEAM<br \/>\nDvielis ir izgatavots no lab\u0101kaj\u0101m mikrofibras \u0161\u0137iedr\u0101m ar bl\u012bvumu 200 g\/m2, padarot to vienlaikus \u013coti absorb\u0113jo\u0161u, vieglu, un \u0101rk\u0101rt\u012bgi efekt\u012bvu. Tas viegli no\u0146em mitrumu un net\u012brumus no dz\u012bvnieka ka\u017eok\u0101das vai \u0137ep\u0101m, k\u0101 ar\u012b pa\u0101trina \u017e\u0101v\u0113\u0161anu p\u0113c peld\u0113\u0161an\u0101s. Samitrinot dvieli, karst\u0101s dien\u0101s to var izmantot k\u0101 dzes\u0113\u0161anas pakl\u0101ju j\u016bsu m\u0101jdz\u012bvniekam.<\/p>\n<p>Mazg\u0101t ar rok\u0101m ar Nanosilver Soap ziep\u0113m vai ve\u013cas ma\u0161\u012bn\u0101 60 gr\u0101du temperat\u016br\u0101, neizmantojot m\u012bkstin\u0101t\u0101jus.<\/p>\n<p>\u016aDENS AR NANO SUDRABU<br \/>\nL\u012bdzeklis ar sp\u0113c\u012bg\u0101m bio statisk\u0101m \u012bpa\u0161\u012bb\u0101m (mikroorganismu un s\u0113n\u012b\u0161u att\u012bst\u012bbas nom\u0101k\u0161ana). Efekt\u012bvi izn\u012bcina s\u0113n\u012btes un mikroorganismus. Izmanto visu virsmu (tualetes, vannas istabas, virtuves, gaisa kondicionieru) dezinfekcijai. Ap\u0123\u0113rbu un apavu dezodor\u0113\u0161anai, audumu, \u0101das, koka un polster\u0113jumu impregn\u0113\u0161anai. Augu aizsardz\u012bbai pret s\u0113n\u012b\u0161u un pel\u0113juma att\u012bst\u012bbu, da\u017e\u0101du savainojumu dezinfekcijai.<\/p>\n<p>Komplekt\u0101 ietilpst:<br \/>\nCimdi\u0146\u0161 balts M izm\u0113rs \u2013 1 gab.<br \/>\nCimdi\u0146\u0161 uzkop\u0161anai M izm\u0113rs \u2013 1 gab.<br \/>\nCimdi\u0146\u0161 roz\u0101 M izm\u0113rs \u2013 1 gab.<br \/>\nCimdi\u0146\u0161 balts Nova M izm\u0113rs \u2013 1 gab.<br \/>\nDvielis Sunbeam XL S \u2013 1 gab.<br \/>\nNanosudraba \u016bdens 50 ml \u2013 1 gab.<br \/>\nAntibakteri\u0101l\u0101s ziepes ar Nanosudrabu 100g \u2013 1 gab.<\/p>\n","protected":false},"excerpt":{"rendered":"<p>T\u012br\u012b\u0161anas l\u012bdzek\u013cu komplekts, kas r\u016bp\u012bgi izveidots, dom\u0101jot par m\u0101jdz\u012bvnieku \u012bpa\u0161niekiem. Lieliski atvieglo ikdienas kop\u0161anu un pareizu higi\u0113nu. Tiek izmantots visaptvero\u0161ai kop\u0161anai un iecien\u012bto m\u0101jdz\u012bvnieku t\u012br\u012bbas uztur\u0113\u0161anai. J\u016bs to varat lietot sausai vai mitrai vilnai un ar\u012b mazg\u0101\u0161anas laik\u0101. Lietojot mitrai vilnai, ir vajadz\u012bgs tikai \u016bdens bez papildu t\u012br\u012b\u0161anas l\u012bdzek\u013ciem. Sistem\u0101tiska komplekta izmanto\u0161ana nodro\u0161in\u0101s j\u016bsu m\u0101jdz\u012bvniekam svaigu smar\u017eu un pal\u012bdz\u0113s uztur\u0113t vesel\u012bgu \u0101das un vilnas st\u0101vokli. Augstas kvalit\u0101tes audumi, no kuriem izgatavoti izstr\u0101d\u0101jumi, ir \u013coti iztur\u012bgi. Komplekts ir \u0113rti lietojams &#8211; tas dos j\u016bsu m\u0101jdz\u012bvniekam prieku, un tas ietaup\u012bs jums daudz laika. Noder\u012bgi m\u0101j\u0101s, p\u0113c pastaigas un ce\u013c\u0101.<\/p>\n","protected":false},"featured_media":685,"template":"","meta":[],"product_cat":[61],"product_tag":[],"class_list":{"0":"post-373","1":"product","2":"type-product","3":"status-publish","4":"has-post-thumbnail","5":"hentry","6":"product_cat-majas-kopsana","8":"entry","9":"has-media","10":"owp-thumbs-layout-horizontal","11":"owp-btn-normal","12":"owp-tabs-layout-horizontal","13":"has-product-nav"},"_links":{"self":[{"href":"https:\/\/ecopure.lv\/lv\/wp-json\/wp\/v2\/product\/373","targetHints":{"allow":["GET"]}}],"collection":[{"href":"https:\/\/ecopure.lv\/lv\/wp-json\/wp\/v2\/product"}],"about":[{"href":"https:\/\/ecopure.lv\/lv\/wp-json\/wp\/v2\/types\/product"}],"wp:featuredmedia":[{"embeddable":true,"href":"https:\/\/ecopure.lv\/lv\/wp-json\/wp\/v2\/media\/685"}],"wp:attachment":[{"href":"https:\/\/ecopure.lv\/lv\/wp-json\/wp\/v2\/media?parent=373"}],"wp:term":[{"taxonomy":"product_cat","embeddable":true,"href":"https:\/\/ecopure.lv\/lv\/wp-json\/wp\/v2\/product_cat?post=373"},{"taxonomy":"product_tag","embeddable":true,"href":"https:\/\/ecopure.lv\/lv\/wp-json\/wp\/v2\/product_tag?post=373"}],"curies":[{"name":"wp","href":"https:\/\/api.w.org\/{rel}","templated":true}]}}