{"id":364,"date":"2021-07-01T06:37:24","date_gmt":"2021-07-01T06:37:24","guid":{"rendered":"https:\/\/ecopure.lv\/product\/pink-glove\/"},"modified":"2024-03-22T14:14:36","modified_gmt":"2024-03-22T14:14:36","slug":"pink-glove","status":"publish","type":"product","link":"https:\/\/ecopure.lv\/lv\/product\/pink-glove\/","title":{"rendered":"Cimdi\u0146\u0161 roz\u0101"},"content":{"rendered":"","protected":false},"excerpt":{"rendered":"<p>Izm\u0113rs 15 cm x 22 cm \/ j\u0101izmanto saus\u0101 veid\u0101<br \/>\nPAREDZ\u0112TA LIETO\u0160ANA: To izmanto visu veidu virsmu att\u012br\u012b\u0161anai no putek\u013ciem, k\u0101 ar\u012b met\u0101la priek\u0161metu, plastmasas, kokmateri\u0101lu, \u0101das un \u0101das polster\u0113juma pul\u0113\u0161anai. Cimdi\u0146\u0161 pie\u0161\u0137ir pretelektrostatiskas \u012bpa\u0161\u012bbas virsm\u0101m, kas parasti paliek putek\u013cainas, t\u0101d\u0113j\u0101di nov\u0113r\u0161ot putek\u013cu uzkr\u0101\u0161anos uz t\u0101m. APKOPE: not\u012briet putek\u013cus no cimda; ja tas ir net\u012brs, mazg\u0101jiet ar rok\u0101m, izmantojot br\u016bnas NanoSilver ziepes, vai ve\u013cas ma\u0161\u012bn\u0101 temperat\u016br\u0101 l\u012bdz 60\u00baC bez auduma m\u012bkstin\u0101t\u0101jiem. P\u0113c mazg\u0101\u0161anas iz\u017e\u0101v\u0113t.<\/p>\n","protected":false},"featured_media":365,"template":"","meta":[],"product_cat":[61],"product_tag":[],"class_list":{"0":"post-364","1":"product","2":"type-product","3":"status-publish","4":"has-post-thumbnail","5":"hentry","6":"product_cat-majas-kopsana","8":"entry","9":"has-media","10":"owp-thumbs-layout-horizontal","11":"owp-btn-normal","12":"owp-tabs-layout-horizontal","13":"has-product-nav"},"_links":{"self":[{"href":"https:\/\/ecopure.lv\/lv\/wp-json\/wp\/v2\/product\/364","targetHints":{"allow":["GET"]}}],"collection":[{"href":"https:\/\/ecopure.lv\/lv\/wp-json\/wp\/v2\/product"}],"about":[{"href":"https:\/\/ecopure.lv\/lv\/wp-json\/wp\/v2\/types\/product"}],"wp:featuredmedia":[{"embeddable":true,"href":"https:\/\/ecopure.lv\/lv\/wp-json\/wp\/v2\/media\/365"}],"wp:attachment":[{"href":"https:\/\/ecopure.lv\/lv\/wp-json\/wp\/v2\/media?parent=364"}],"wp:term":[{"taxonomy":"product_cat","embeddable":true,"href":"https:\/\/ecopure.lv\/lv\/wp-json\/wp\/v2\/product_cat?post=364"},{"taxonomy":"product_tag","embeddable":true,"href":"https:\/\/ecopure.lv\/lv\/wp-json\/wp\/v2\/product_tag?post=364"}],"curies":[{"name":"wp","href":"https:\/\/api.w.org\/{rel}","templated":true}]}}