{"id":361,"date":"2021-07-01T06:36:03","date_gmt":"2021-07-01T06:36:03","guid":{"rendered":"https:\/\/ecopure.lv\/product\/shoe-cleaner-pink\/"},"modified":"2026-03-29T16:45:51","modified_gmt":"2026-03-29T16:45:51","slug":"shoe-cleaner-pink","status":"publish","type":"product","link":"https:\/\/ecopure.lv\/lv\/product\/shoe-cleaner-pink\/","title":{"rendered":"Roz\u0101 apavu t\u012br\u012b\u0161anas l\u012bdzeklis"},"content":{"rendered":"","protected":false},"excerpt":{"rendered":"<p>ROZ\u0100 CIMDS &#8211;<br \/>\nsausai t\u012br\u012b\u0161anai<\/p>\n<p>PIELIETOJUMS:<br \/>\nPutek\u013cu sav\u0101k\u0161anai no visa veida virsm\u0101m, vienlaic\u012bgi nov\u0113r\u0161ot elektrostatisku putek\u013cu pievilk\u0161anas efektu. Paredz\u0113ts apavu pul\u0113\u0161anai.<\/p>\n<p>KOP\u0160ANA:<br \/>\nIzpurin\u0101t putek\u013cus no t\u012br\u012b\u0161anas cimda, net\u012bru dr\u0101ni\u0146u mazg\u0101t ar rok\u0101m, izmantojot saimniec\u012bbas ziepes.P\u0113c izmazg\u0101\u0161anas \u013cauj no\u017e\u016bt.<\/p>\n","protected":false},"featured_media":362,"template":"","meta":[],"product_cat":[61],"product_tag":[],"class_list":{"0":"post-361","1":"product","2":"type-product","3":"status-publish","4":"has-post-thumbnail","5":"hentry","6":"product_cat-majas-kopsana","8":"entry","9":"has-media","10":"owp-thumbs-layout-horizontal","11":"owp-btn-normal","12":"owp-tabs-layout-horizontal","13":"has-no-thumbnails","14":"has-product-nav"},"_links":{"self":[{"href":"https:\/\/ecopure.lv\/lv\/wp-json\/wp\/v2\/product\/361","targetHints":{"allow":["GET"]}}],"collection":[{"href":"https:\/\/ecopure.lv\/lv\/wp-json\/wp\/v2\/product"}],"about":[{"href":"https:\/\/ecopure.lv\/lv\/wp-json\/wp\/v2\/types\/product"}],"wp:featuredmedia":[{"embeddable":true,"href":"https:\/\/ecopure.lv\/lv\/wp-json\/wp\/v2\/media\/362"}],"wp:attachment":[{"href":"https:\/\/ecopure.lv\/lv\/wp-json\/wp\/v2\/media?parent=361"}],"wp:term":[{"taxonomy":"product_cat","embeddable":true,"href":"https:\/\/ecopure.lv\/lv\/wp-json\/wp\/v2\/product_cat?post=361"},{"taxonomy":"product_tag","embeddable":true,"href":"https:\/\/ecopure.lv\/lv\/wp-json\/wp\/v2\/product_tag?post=361"}],"curies":[{"name":"wp","href":"https:\/\/api.w.org\/{rel}","templated":true}]}}