{"id":357,"date":"2021-07-01T06:31:57","date_gmt":"2021-07-01T06:31:57","guid":{"rendered":"https:\/\/ecopure.lv\/product\/shoe-cleaner-white\/"},"modified":"2026-03-29T16:47:48","modified_gmt":"2026-03-29T16:47:48","slug":"shoe-cleaner-white","status":"publish","type":"product","link":"https:\/\/ecopure.lv\/lv\/product\/shoe-cleaner-white\/","title":{"rendered":"Balts apavu t\u012br\u012b\u0161anas l\u012bdzeklis"},"content":{"rendered":"","protected":false},"excerpt":{"rendered":"<p>BALTS CIMDS &#8211;<br \/>\nslapjai t\u012br\u012b\u0161anai.<\/p>\n<p>SAGATAVO\u0160ANA:<br \/>\nSamitrina \u016bden\u012b un viegli nospie\u017e lieko mitrumu.<\/p>\n<p>PIELIETOJUMS:<br \/>\nAr ap\u013cveida kust\u012bb\u0101m t\u012brot net\u012bro virsmu, net\u012brumi tiek sadal\u012bti mikroda\u013ci\u0146\u0101s, veidojot ar \u016bdeni emulsijas sl\u0101ni, kas p\u0113c tam tiek no\u0146emts ar Sunbeam t\u012br\u012b\u0161anas cimdu.<\/p>\n<p>KOP\u0160ANA:<br \/>\nMazg\u0101t ar rok\u0101m, izmantojot saimniec\u012bbas ziepes .<\/p>\n","protected":false},"featured_media":359,"template":"","meta":[],"product_cat":[61],"product_tag":[],"class_list":{"0":"post-357","1":"product","2":"type-product","3":"status-publish","4":"has-post-thumbnail","5":"hentry","6":"product_cat-majas-kopsana","8":"entry","9":"has-media","10":"owp-thumbs-layout-horizontal","11":"owp-btn-normal","12":"owp-tabs-layout-horizontal","13":"has-no-thumbnails","14":"has-product-nav"},"_links":{"self":[{"href":"https:\/\/ecopure.lv\/lv\/wp-json\/wp\/v2\/product\/357","targetHints":{"allow":["GET"]}}],"collection":[{"href":"https:\/\/ecopure.lv\/lv\/wp-json\/wp\/v2\/product"}],"about":[{"href":"https:\/\/ecopure.lv\/lv\/wp-json\/wp\/v2\/types\/product"}],"wp:featuredmedia":[{"embeddable":true,"href":"https:\/\/ecopure.lv\/lv\/wp-json\/wp\/v2\/media\/359"}],"wp:attachment":[{"href":"https:\/\/ecopure.lv\/lv\/wp-json\/wp\/v2\/media?parent=357"}],"wp:term":[{"taxonomy":"product_cat","embeddable":true,"href":"https:\/\/ecopure.lv\/lv\/wp-json\/wp\/v2\/product_cat?post=357"},{"taxonomy":"product_tag","embeddable":true,"href":"https:\/\/ecopure.lv\/lv\/wp-json\/wp\/v2\/product_tag?post=357"}],"curies":[{"name":"wp","href":"https:\/\/api.w.org\/{rel}","templated":true}]}}