{"id":354,"date":"2021-07-01T09:18:49","date_gmt":"2021-07-01T09:18:49","guid":{"rendered":"https:\/\/ecopure.lv\/product\/body-glove\/"},"modified":"2026-03-29T15:50:38","modified_gmt":"2026-03-29T15:50:38","slug":"body-glove","status":"publish","type":"product","link":"https:\/\/ecopure.lv\/lv\/product\/body-glove\/","title":{"rendered":"\u0136erme\u0146a cimds"},"content":{"rendered":"<p>Uzlabota \u0137erme\u0146a cimdi\u0146a \u0161\u0137iedru ra\u017eo\u0161anas tehnolo\u0123ija nodro\u0161ina, ka cimdi\u0146a lieto\u0161ana ikdien\u0101 efekt\u012bvi not\u012bra net\u012brumus, taukus un atmiru\u0161\u0101s \u0101das \u0161\u016bnas, optim\u0101li sagatavojot to turpm\u0101kai \u0101das kop\u0161anas kr\u0113ma lieto\u0161anai. Maiga mas\u0101\u017ea raisa \u0101das poru papla\u0161in\u0101\u0161anos un sviedru dziedzeru atv\u0113r\u0161anos, nodro\u0161inot efekt\u012bvu sk\u0101bek\u013ca piek\u013cuvi \u0101dai. Taj\u0101 pa\u0161\u0101 laik\u0101 asinsrite iev\u0113rojami uzlabojas, kas savuk\u0101rt padara \u0101du elast\u012bgu, t\u0101d\u0113j\u0101di \u013caujot tai saglab\u0101t dabiski vesel\u012bgu un mirdzo\u0161u izskatu.<br \/>\nCimdi\u0146\u0161 ir hipoaler\u0123isks, tas nekairina \u0101du, un t\u0101 ikdienas lieto\u0161ana dod visp\u0101r\u0113ju komforta un svaiguma saj\u016btu. Lieliski piem\u0113rota b\u0113rnu \u0101dai, jo b\u0113rnu \u0101dai ir paaugstin\u0101ta jut\u012bba pret ziep\u0113m un da\u017e\u0101diem \u0137erme\u0146a t\u012br\u012b\u0161anas l\u012bdzek\u013ciem. Cimdi\u0146\u0161 ir piem\u0113rots visiem tiem, kas v\u0113las uzlabot savu vesel\u012bbu un person\u012bgo higi\u0113nu.<br \/>\nLieto\u0161ana: Samitriniet cimdu un ar maig\u0101m ap\u013cveida kust\u012bb\u0101m mazg\u0101jiet \u0101du. P\u0113c tam nosusiniet \u0101du un uzkl\u0101jiet kr\u0113mu. Ieteicams ikdienas lieto\u0161anai.<br \/>\nKop\u0161ana: P\u0113c lieto\u0161anas noskalojiet cimdi\u0146u \u016bden\u012b, pievienojot dab\u012bgas NanoSilver ziepes. Cimdi\u0146u var mazg\u0101t ar\u012b ve\u013cas ma\u0161\u012bn\u0101 l\u012bdz 60 \u00b0 C temperat\u016br\u0101, nepievienojot \u016bdens m\u012bkstin\u0101t\u0101jus. P\u0113c mazg\u0101\u0161anas iz\u017e\u0101v\u0113t &#8211; nedr\u012bkst \u017e\u0101v\u0113t uz radiatoriem!<\/p>\n","protected":false},"excerpt":{"rendered":"<p>\u0136erme\u0146a cimdi\u0146\u0161 &#8211; cimdi\u0146\u0161 visaptvero\u0161ai t\u012br\u012b\u0161anai un \u0137erme\u0146a kop\u0161anai!<br \/>\n\u0136erme\u0146a cimdi\u0146\u0161 ir \u013coti m\u012bksts un smalks, tas paredz\u0113ts visaptvero\u0161ai t\u012br\u012b\u0161anai un \u0137erme\u0146a kop\u0161anai, kas izgatavots no augstas kvalit\u0101tes mikro\u0161\u0137iedras. Lieliski piem\u0113rota gan regul\u0101rai \u0137erme\u0146a kop\u0161anai, gan neregul\u0101rai lieto\u0161anai, \u012bpa\u0161i ce\u013cojot vai darb\u0101.<\/p>\n","protected":false},"featured_media":355,"template":"","meta":[],"product_cat":[62],"product_tag":[],"class_list":{"0":"post-354","1":"product","2":"type-product","3":"status-publish","4":"has-post-thumbnail","5":"hentry","6":"product_cat-kermena-kopsana","8":"entry","9":"has-media","10":"owp-thumbs-layout-horizontal","11":"owp-btn-normal","12":"owp-tabs-layout-horizontal","13":"has-no-thumbnails","14":"has-product-nav"},"_links":{"self":[{"href":"https:\/\/ecopure.lv\/lv\/wp-json\/wp\/v2\/product\/354","targetHints":{"allow":["GET"]}}],"collection":[{"href":"https:\/\/ecopure.lv\/lv\/wp-json\/wp\/v2\/product"}],"about":[{"href":"https:\/\/ecopure.lv\/lv\/wp-json\/wp\/v2\/types\/product"}],"wp:featuredmedia":[{"embeddable":true,"href":"https:\/\/ecopure.lv\/lv\/wp-json\/wp\/v2\/media\/355"}],"wp:attachment":[{"href":"https:\/\/ecopure.lv\/lv\/wp-json\/wp\/v2\/media?parent=354"}],"wp:term":[{"taxonomy":"product_cat","embeddable":true,"href":"https:\/\/ecopure.lv\/lv\/wp-json\/wp\/v2\/product_cat?post=354"},{"taxonomy":"product_tag","embeddable":true,"href":"https:\/\/ecopure.lv\/lv\/wp-json\/wp\/v2\/product_tag?post=354"}],"curies":[{"name":"wp","href":"https:\/\/api.w.org\/{rel}","templated":true}]}}