{"id":351,"date":"2021-07-01T09:17:59","date_gmt":"2021-07-01T09:17:59","guid":{"rendered":"https:\/\/ecopure.lv\/product\/body-cleaner\/"},"modified":"2026-03-29T15:49:00","modified_gmt":"2026-03-29T15:49:00","slug":"body-cleaner","status":"publish","type":"product","link":"https:\/\/ecopure.lv\/lv\/product\/body-cleaner\/","title":{"rendered":"Skrubja cimdi\u0146\u0161 \u0137ermenim"},"content":{"rendered":"<p>Lieto\u0161ana: Samitriniet cimdi\u0146u un maigi, ar ap\u013cveida kust\u012bb\u0101m iemas\u0113jiet \u0137ermeni. Nosusiniet \u0101du un p\u0113c tam izmantojiet mitrin\u0101t\u0101ju. Piel\u0101gojiet proced\u016bru bie\u017eumu atbilsto\u0161i \u0101das jut\u012bbai ne bie\u017e\u0101k k\u0101 2-3 reizes ned\u0113\u013c\u0101. S\u0101kotn\u0113j\u0101 lieto\u0161anas posm\u0101 j\u016bs varat paman\u012bt nelielu \u0101das aps\u0101rtumu.<br \/>\nKop\u0161ana: P\u0113c lieto\u0161anas izskalojiet cimdi\u0146u \u016bden\u012b ar Dab\u012bg\u0101m NanoSilver ziep\u0113m. Var mazg\u0101t ve\u013cas ma\u0161\u012bn\u0101 ar pulveri l\u012bdz 60\u00ba temperat\u016brai, neizmantojot \u016bdens m\u012bkstin\u0101t\u0101jus. P\u0113c mazg\u0101\u0161anas iz\u017e\u0101v\u0113jiet, bet nedr\u012bkst likt uz radiatoriem!<\/p>\n","protected":false},"excerpt":{"rendered":"<p>Skrubja \u0136erme\u0146a Cimdi\u0146\u0161 &#8211; cimdi\u0146\u0161 \u0137erme\u0146a kop\u0161anai!<br \/>\nCimdi\u0146\u0161 r\u016bp\u012bgi no\u0146em no \u0101das virsmas atmiru\u0161o \u0101das \u0161\u016bnu sl\u0101ni, k\u0101 ar\u012b citu vielu p\u0101rpalikumus, kas pal\u012bdz \u0101dai atjaunoties. Sagatavo j\u016bsu \u0101du uzkl\u0101t\u0101 kosm\u0113tikas l\u012bdzek\u013ca akt\u012bvaj\u0101m sast\u0101vda\u013c\u0101m.. Cimdi\u0146\u0161 no\u0146ems kalozo epidermu, sp\u0113c\u012bgi uzlabos asinsriti un izl\u012bdzin\u0101s un pie\u0161\u0137irs \u0101dai elest\u012bgumu. Regul\u0101ra lieto\u0161ana mazina strijas un celul\u012btu, k\u0101 ar\u012b nov\u0113r\u0161 \u0101das kr\u0101sas izmai\u0146as.<\/p>\n","protected":false},"featured_media":352,"template":"","meta":[],"product_cat":[62],"product_tag":[],"class_list":{"0":"post-351","1":"product","2":"type-product","3":"status-publish","4":"has-post-thumbnail","5":"hentry","6":"product_cat-kermena-kopsana","8":"entry","9":"has-media","10":"owp-thumbs-layout-horizontal","11":"owp-btn-normal","12":"owp-tabs-layout-horizontal","13":"has-no-thumbnails","14":"has-product-nav"},"_links":{"self":[{"href":"https:\/\/ecopure.lv\/lv\/wp-json\/wp\/v2\/product\/351","targetHints":{"allow":["GET"]}}],"collection":[{"href":"https:\/\/ecopure.lv\/lv\/wp-json\/wp\/v2\/product"}],"about":[{"href":"https:\/\/ecopure.lv\/lv\/wp-json\/wp\/v2\/types\/product"}],"wp:featuredmedia":[{"embeddable":true,"href":"https:\/\/ecopure.lv\/lv\/wp-json\/wp\/v2\/media\/352"}],"wp:attachment":[{"href":"https:\/\/ecopure.lv\/lv\/wp-json\/wp\/v2\/media?parent=351"}],"wp:term":[{"taxonomy":"product_cat","embeddable":true,"href":"https:\/\/ecopure.lv\/lv\/wp-json\/wp\/v2\/product_cat?post=351"},{"taxonomy":"product_tag","embeddable":true,"href":"https:\/\/ecopure.lv\/lv\/wp-json\/wp\/v2\/product_tag?post=351"}],"curies":[{"name":"wp","href":"https:\/\/api.w.org\/{rel}","templated":true}]}}