{"id":347,"date":"2021-07-01T09:17:04","date_gmt":"2021-07-01T09:17:04","guid":{"rendered":"https:\/\/ecopure.lv\/product\/face-cleaner\/"},"modified":"2026-03-29T15:25:43","modified_gmt":"2026-03-29T15:25:43","slug":"face-cleaner","status":"publish","type":"product","link":"https:\/\/ecopure.lv\/lv\/product\/face-cleaner\/","title":{"rendered":"Skrubja cimdi\u0146\u0161 sejai"},"content":{"rendered":"<p>Lieto\u0161ana: Samitriniet cimdi\u0146u un maigi, ar ap\u013cveida kust\u012bb\u0101m iemas\u0113jiet seju un dekolt\u0113. Nosusiniet \u0101du un p\u0113c tam izmantojiet mitrin\u0101t\u0101ju. Piel\u0101gojiet proced\u016bru bie\u017eumu atbilsto\u0161i \u0101das jut\u012bbai ne vair\u0101k k\u0101 2-3 reizes ned\u0113\u013c\u0101. S\u0101kotn\u0113j\u0101 lieto\u0161anas posm\u0101 j\u016bs varat paman\u012bt nelielu \u0101das aps\u0101rtumu.<br \/>\nKop\u0161ana: P\u0113c lieto\u0161anas izskalojiet cimdu \u016bden\u012b ar ziep\u0113m. Mazg\u0101t ve\u013cas ma\u0161\u012bn\u0101 l\u012bdz 60\u00ba temperat\u016brai, neizmantojot \u016bdens m\u012bkstin\u0101t\u0101jus. Iz\u017e\u0101v\u0113t, bet nedr\u012bkst to dar\u012bt uz radiatora!<\/p>\n","protected":false},"excerpt":{"rendered":"<p>Sejas T\u012br\u012b\u0161anas Cimdi\u0146\u0161 &#8211; skrubja cimdi\u0146\u0161 sejai un dekolt\u0113!<br \/>\nCimdi\u0146\u0161 r\u016bp\u012bgi no\u0146em no \u0101das virsmas atmiru\u0161o \u0101das \u0161\u016bnu sl\u0101ni, att\u012brot, atsvaidzinot un izl\u012bdzinot to, k\u0101 ar\u012b stimul\u0113jot intens\u012bvu atjauno\u0161anos. \u0160\u012b proced\u016bra ar\u012b nov\u0113r\u0161 \u0101das kr\u0101sas izmai\u0146as, atver poras, k\u0101 rezult\u0101t\u0101 akt\u012bv\u0101s vielas, kas atrodas uzkl\u0101taj\u0101 kosm\u0113tik\u0101, viegli uzs\u016bcas. Mas\u0101\u017ea uzlabo asinsriti un stimul\u0113 \u0101du ra\u017eot kolag\u0113nu. Rezult\u0101t\u0101 \u0101da k\u013c\u016bst elast\u012bga un stingra.<\/p>\n","protected":false},"featured_media":348,"template":"","meta":[],"product_cat":[62],"product_tag":[],"class_list":{"0":"post-347","1":"product","2":"type-product","3":"status-publish","4":"has-post-thumbnail","5":"hentry","6":"product_cat-kermena-kopsana","8":"entry","9":"has-media","10":"owp-thumbs-layout-horizontal","11":"owp-btn-normal","12":"owp-tabs-layout-horizontal","13":"has-no-thumbnails","14":"has-product-nav"},"_links":{"self":[{"href":"https:\/\/ecopure.lv\/lv\/wp-json\/wp\/v2\/product\/347","targetHints":{"allow":["GET"]}}],"collection":[{"href":"https:\/\/ecopure.lv\/lv\/wp-json\/wp\/v2\/product"}],"about":[{"href":"https:\/\/ecopure.lv\/lv\/wp-json\/wp\/v2\/types\/product"}],"wp:featuredmedia":[{"embeddable":true,"href":"https:\/\/ecopure.lv\/lv\/wp-json\/wp\/v2\/media\/348"}],"wp:attachment":[{"href":"https:\/\/ecopure.lv\/lv\/wp-json\/wp\/v2\/media?parent=347"}],"wp:term":[{"taxonomy":"product_cat","embeddable":true,"href":"https:\/\/ecopure.lv\/lv\/wp-json\/wp\/v2\/product_cat?post=347"},{"taxonomy":"product_tag","embeddable":true,"href":"https:\/\/ecopure.lv\/lv\/wp-json\/wp\/v2\/product_tag?post=347"}],"curies":[{"name":"wp","href":"https:\/\/api.w.org\/{rel}","templated":true}]}}