{"id":343,"date":"2021-07-01T09:16:20","date_gmt":"2021-07-01T09:16:20","guid":{"rendered":"https:\/\/ecopure.lv\/product\/sunbeam-r-white\/"},"modified":"2026-03-29T15:52:42","modified_gmt":"2026-03-29T15:52:42","slug":"sunbeam-r-white","status":"publish","type":"product","link":"https:\/\/ecopure.lv\/lv\/product\/sunbeam-r-white\/","title":{"rendered":"Dvielis Sunbeam R balta"},"content":{"rendered":"<p>LIETO\u0160ANA: \u0137erme\u0146a un matu \u017e\u0101v\u0113\u0161anai. Uzkl\u0101jiet uz \u0101das ar maig\u0101m ap\u013cveida kust\u012bb\u0101m vai uz noteiktu punktu, lai no t\u0101s virsmas not\u012br\u012btu mitrumu. Nosusiniet matus, ener\u0123iski tos berz\u0113jot ar dvieli, vai ar\u012b aptiniet dvieli ap galvu k\u0101 turb\u0101nu un nedaudz pagaidiet, l\u012bdz mati iz\u017e\u016bst.<br \/>\nK\u0100 R\u016aP\u0112TIES PAR DVIELI: Dvielis j\u0101mazg\u0101 ar dab\u012bg\u0101m ziep\u0113m, piem\u0113ram, br\u016bnaj\u0101m Silver Nano ziep\u0113m. Ve\u013cas mazg\u0101\u0161ana ma\u0161\u012bn\u0101 ir pie\u013caujama temperat\u016br\u0101 l\u012bdz 60 \u00b0, nepievienojot \u016bdens m\u012bkstin\u0101t\u0101jus.<\/p>\n","protected":false},"excerpt":{"rendered":"<p>Sunbeam SPORT &#8211; praktisks, daudzfunkcion\u0101ls dvielis, kas izgatavots no vissmalk\u0101k\u0101s &#8211; tikai 10 mikronu biezas mikro\u0161\u0137iedras. Dvielis bag\u0101tin\u0101ts ar nanosudraba da\u013ci\u0146\u0101m, efekt\u012bvi kav\u0113 jebkuru mikroorganismu aug\u0161anu. To \u012bpa\u0161i iesaka izmantot viet\u0101s, kas ir neaizsarg\u0101tas pret v\u012brusiem, bakt\u0113rij\u0101m un s\u0113n\u012b\u0161u inv\u0101ziju, kur visp\u0101r\u0113jas higi\u0113nas uztur\u0113\u0161ana ir \u0101rk\u0101rt\u012bgi svar\u012bga. Tr\u012bs sl\u0101\u0146u mikro\u0161\u0137iedru izvietojums liek \u016bdenim un net\u012brumiem iek\u013c\u016bt tie\u0161i dvie\u013ca iek\u0161pus\u0113, kam\u0113r t\u0101 virsma paliek t\u012bra. T\u0101p\u0113c Sunbeam SPORT ir \u0113rti izmantojams p\u0113c vannas m\u0101j\u0101s, peldbasein\u0101, pludmal\u0113, sporta z\u0101l\u0113, spa, saun\u0101 vai ce\u013cojot. Pateicoties augstajai absorb\u0113jam\u012bbai, audums efekt\u012bvi uzs\u016bc visu mitrumu no \u0101das virsmas un matiem. Turkl\u0101t Sunbeam SPORT efekt\u012bvi absorb\u0113 visas \u0101das smakas. Nodilumiztur\u012bgs audums nodro\u0161ina ilgu kalpo\u0161anas laiku, nezaud\u0113jot t\u0101 izcil\u0101s \u012bpa\u0161\u012bbas. Visbeidzot, ar\u012b bag\u0101\u017e\u0101 tas neaiz\u0146em daudz vietas.<\/p>\n","protected":false},"featured_media":344,"template":"","meta":[],"product_cat":[62],"product_tag":[],"class_list":{"0":"post-343","1":"product","2":"type-product","3":"status-publish","4":"has-post-thumbnail","5":"hentry","6":"product_cat-kermena-kopsana","8":"entry","9":"has-media","10":"owp-thumbs-layout-horizontal","11":"owp-btn-normal","12":"owp-tabs-layout-horizontal","13":"has-no-thumbnails","14":"has-product-nav"},"_links":{"self":[{"href":"https:\/\/ecopure.lv\/lv\/wp-json\/wp\/v2\/product\/343","targetHints":{"allow":["GET"]}}],"collection":[{"href":"https:\/\/ecopure.lv\/lv\/wp-json\/wp\/v2\/product"}],"about":[{"href":"https:\/\/ecopure.lv\/lv\/wp-json\/wp\/v2\/types\/product"}],"wp:featuredmedia":[{"embeddable":true,"href":"https:\/\/ecopure.lv\/lv\/wp-json\/wp\/v2\/media\/344"}],"wp:attachment":[{"href":"https:\/\/ecopure.lv\/lv\/wp-json\/wp\/v2\/media?parent=343"}],"wp:term":[{"taxonomy":"product_cat","embeddable":true,"href":"https:\/\/ecopure.lv\/lv\/wp-json\/wp\/v2\/product_cat?post=343"},{"taxonomy":"product_tag","embeddable":true,"href":"https:\/\/ecopure.lv\/lv\/wp-json\/wp\/v2\/product_tag?post=343"}],"curies":[{"name":"wp","href":"https:\/\/api.w.org\/{rel}","templated":true}]}}