{"id":339,"date":"2021-07-01T09:15:21","date_gmt":"2021-07-01T09:15:21","guid":{"rendered":"https:\/\/ecopure.lv\/product\/cosmetics-set\/"},"modified":"2026-03-29T15:54:15","modified_gmt":"2026-03-29T15:54:15","slug":"cosmetics-set","status":"publish","type":"product","link":"https:\/\/ecopure.lv\/lv\/product\/cosmetics-set\/","title":{"rendered":"Kosm\u0113tikas komplekts"},"content":{"rendered":"<p>Skrubja cimdi\u0146\u0161 \u0137ermenim<br \/>\nCimdi\u0146\u0161 r\u016bp\u012bgi no\u0146em no \u0101das virsmas atmiru\u0161o \u0101das \u0161\u016bnu sl\u0101ni, k\u0101 ar\u012b citu vielu p\u0101rpalikumus, kas pal\u012bdz \u0101dai atjaunoties. Izmantojot \u0161o cimdi\u0146u, J\u016bsu \u0101da b\u016bs sagatavota produktu uz\u0146em\u0161anai. Cimdi\u0146\u0161 no\u0146ems kalozo epidermu, sp\u0113c\u012bgi uzlabos asinsriti un izl\u012bdzin\u0101s un pie\u0161\u0137irs \u0101dai elest\u012bgumu. Regul\u0101ra lieto\u0161ana mazina strijas un celul\u012btu, k\u0101 ar\u012b nov\u0113r\u0161 \u0101das kr\u0101sas izmai\u0146as.<\/p>\n<p>Sejas cimdi\u0146\u0161<br \/>\nSejas cimdi\u0146\u0161 garant\u0113 nevainojamu t\u012br\u012b\u0161anas efektu. Tas no\u0146em bakt\u0113rijas, net\u012brumus, atmiru\u0161\u0101s \u0101das \u0161\u016bnas un liekos \u0101das taukus, k\u0101 ar\u012b pie\u0161\u0137ir \u0101dai maigu mas\u0101\u017eu, uzlabojot asinsriti. Audiem tiek pie\u0161\u0137irts vair\u0101k sk\u0101bek\u013ca, kuru d\u0113\u013c \u0101da lab\u0101k izmanto un absorb\u0113 kosm\u0113tiku. Sejas cimdi\u0146\u0161 viegli no\u0146em \u016bdensiztur\u012bgu kosm\u0113tiku. Regul\u0101ra sejas cimdi\u0146a izmanto\u0161ana izl\u012bdzin\u0101s izdal\u012bto sebumu un pie\u0161\u0137irs mat\u0113tu efektu. Cimdi\u0146\u0161 nekairina acis, un t\u0101p\u0113c to var lietot ar\u012b kontaktl\u0113cu lietot\u0101ji. \u0160\u012b produkta kl\u012bniskie p\u0113t\u012bjumi Krakov\u0101 \u013cauj to lietot cilv\u0113kiem ar jut\u012bgu \u0101du. Re\u0123istr\u0113ts dizains.<\/p>\n<p>Sejas kr\u0113ms GoldenRay<br \/>\nKr\u0113ms nodro\u0161ina dab\u012bgu \u0101das atjauno\u0161anos, vienlaikus palielinot t\u0101s tvirtumu un elast\u012bbu. \u0100da k\u013c\u016bst \u013coti atjaunota, pat\u012bkami atsl\u0101bin\u0101ta, gluda, izstaro mirdzo\u0161u mirdzumu. Regul\u0101ra lieto\u0161ana nodro\u0161ina redzamu atjaunojo\u0161u efektu.<\/p>\n","protected":false},"excerpt":{"rendered":"<p>\u041aomplekt\u0101 ietilpst:<br \/>\nSkrubja cimdi\u0146\u0161 sejai<br \/>\nCimdi\u0146\u0161 r\u016bp\u012bgi no\u0146em no \u0101das virsmas atmiru\u0161o \u0101das \u0161\u016bnu sl\u0101ni, att\u012brot, atsvaidzinot un izl\u012bdzinot to, k\u0101 ar\u012b stimul\u0113jot intens\u012bvu atjauno\u0161anos. \u0160\u012b proced\u016bra ar\u012b nov\u0113r\u0161 \u0101das kr\u0101sas izmai\u0146as, atver poras, k\u0101 rezult\u0101t\u0101 akt\u012bv\u0101s vielas, kas atrodas uzkl\u0101taj\u0101 kosm\u0113tik\u0101, viegli uzs\u016bcas. Mas\u0101\u017ea uzlabo asinsriti un stimul\u0113 \u0101du ra\u017eot kolag\u0113nu. Rezult\u0101t\u0101 \u0101da k\u013c\u016bst elast\u012bga un stingra.<\/p>\n","protected":false},"featured_media":340,"template":"","meta":[],"product_cat":[62],"product_tag":[],"class_list":{"0":"post-339","1":"product","2":"type-product","3":"status-publish","4":"has-post-thumbnail","5":"hentry","6":"product_cat-kermena-kopsana","8":"entry","9":"has-media","10":"owp-thumbs-layout-horizontal","11":"owp-btn-normal","12":"owp-tabs-layout-horizontal","13":"has-product-nav"},"_links":{"self":[{"href":"https:\/\/ecopure.lv\/lv\/wp-json\/wp\/v2\/product\/339","targetHints":{"allow":["GET"]}}],"collection":[{"href":"https:\/\/ecopure.lv\/lv\/wp-json\/wp\/v2\/product"}],"about":[{"href":"https:\/\/ecopure.lv\/lv\/wp-json\/wp\/v2\/types\/product"}],"wp:featuredmedia":[{"embeddable":true,"href":"https:\/\/ecopure.lv\/lv\/wp-json\/wp\/v2\/media\/340"}],"wp:attachment":[{"href":"https:\/\/ecopure.lv\/lv\/wp-json\/wp\/v2\/media?parent=339"}],"wp:term":[{"taxonomy":"product_cat","embeddable":true,"href":"https:\/\/ecopure.lv\/lv\/wp-json\/wp\/v2\/product_cat?post=339"},{"taxonomy":"product_tag","embeddable":true,"href":"https:\/\/ecopure.lv\/lv\/wp-json\/wp\/v2\/product_tag?post=339"}],"curies":[{"name":"wp","href":"https:\/\/api.w.org\/{rel}","templated":true}]}}