{"id":336,"date":"2021-07-01T09:12:00","date_gmt":"2021-07-01T09:12:00","guid":{"rendered":"https:\/\/ecopure.lv\/product\/goldenray-cream\/"},"modified":"2026-03-29T15:55:58","modified_gmt":"2026-03-29T15:55:58","slug":"goldenray-cream","status":"publish","type":"product","link":"https:\/\/ecopure.lv\/lv\/product\/goldenray-cream\/","title":{"rendered":"Sejas kr\u0113ms GoldenRay"},"content":{"rendered":"<p>SAST\u0100VS:<\/p>\n<p>Syn\u00ae-Col &#8211; pept\u012bds, kas atjauno \u0101das dabisko gludumu un elast\u012bbu. Efekt\u012bva iedarb\u012bba pret visu veidu grumb\u0101m, viegli iek\u013c\u016bst dzi\u013c\u0101kajos \u0101das sl\u0101\u0146os, lepojas ar izcil\u0101m nostiprino\u0161\u0101m un liftinga \u012bpa\u0161\u012bb\u0101m;<br \/>\nHialuronsk\u0101be &#8211; ide\u0101ls, dab\u012bgs mitrin\u0101t\u0101js, nov\u0113r\u0161 p\u0101rm\u0113r\u012bgu \u0101das iz\u017e\u016b\u0161anu, atjauno t\u0101s pareizu mitrin\u0101\u0161anu, t\u0101d\u0113j\u0101di iev\u0113rojami uzlabojot t\u0101s visp\u0101r\u0113jo tvirtumu un elast\u012bbu;<br \/>\nElast\u012bns &#8211; olbaltumviela, kas ir atbild\u012bga par jauna izskata \u0101du. Tas labi sp\u0113j atjaunot saistaudus un nodro\u0161ina labu \u0101das mitrin\u0101\u0161anu, ac\u012bmredzami uzlabojot \u0101das elast\u012bbu un pie\u0161\u0137irot tai svaigu un mirdzo\u0161u izskatu;<br \/>\nKalcijs, var\u0161 un sil\u012bcijs &#8211; v\u0113rt\u012bgi bio-miner\u0101li ar izcil\u0101m atjaunojo\u0161\u0101m \u012bpa\u0161\u012bb\u0101m jebkuram \u0101das tipam. Efekt\u012bvi atjauno \u0101das dzi\u013c\u0101kos sl\u0101\u0146us, vienlaikus uzlabojot visp\u0101r\u0113jo iztur\u012bbu pret dabiskiem noveco\u0161an\u0101s procesiem;<br \/>\nCentella Asiatica &#8211; \u012bpa\u0161i augsti v\u0113rt\u0113ts Indijas jaunie\u0161u dz\u0113riens, kas satur augu hormonus. Tas stimul\u0113 dabiskos re\u0123enerat\u012bvos procesus, vienlaikus kav\u0113 dabisko noveco\u0161anu un veicina toksisko metabol\u012btu izvad\u012b\u0161anu;<br \/>\nInul\u012bns &#8211; v\u0113rt\u012bgs, augu izcelsmes prebiotisks l\u012bdzeklis. Tas aizsarg\u0101, uztur un stimul\u0113 dabisk\u0101s mikrofloras aug\u0161anu, t\u0101d\u0113j\u0101di nov\u0113r\u0161ot \u0101du no kairin\u0101jumiem. Tas lepojas ar\u012b ar mitrino\u0161\u0101m un kondicion\u0113jo\u0161\u0101m \u012bpa\u0161\u012bb\u0101m.<br \/>\nEFEKTS:<br \/>\nstimul\u0113 dabisku \u0101das atjauno\u0161anos, uzlabo t\u0101s visp\u0101r\u0113jo elast\u012bbu un tvirtumu;<br \/>\npied\u0101v\u0101 dzi\u013cu un ilgsto\u0161u mitrin\u0101\u0161anu;<br \/>\nizl\u012bdzina smalk\u0101s l\u012bnijas;<br \/>\nmaigi pace\u013cot, uzlabo sejas kont\u016bras;<br \/>\nnodro\u0161ina t\u0101 vienm\u0113r\u012bgu toni un mirdzo\u0161u izskatu.<br \/>\nLIETO\u0160ANA: Izmantojot pirkstu galus, vienm\u0113r\u012bgi uzkl\u0101jiet nelielu daudzumu kr\u0113ma uz sejas (iepriek\u0161 not\u012br\u012btu ar sejas cimdu) un atst\u0101jiet to dabiski uzs\u016bcoties.<\/p>\n","protected":false},"excerpt":{"rendered":"<p>GoldenRay &#8211; intens\u012bva biostimul\u0101cija!<\/p>\n<p>Kr\u0113ms nodro\u0161ina dab\u012bgu \u0101das atjauno\u0161anos, vienlaikus palielinot t\u0101s tvirtumu un elast\u012bbu. \u0100da k\u013c\u016bst \u013coti atjaunota, pat\u012bkami atsl\u0101bin\u0101ta, gluda, izstaro mirdzo\u0161u mirdzumu. Regul\u0101ra lieto\u0161ana nodro\u0161ina redzamu atjaunojo\u0161u efektu.<\/p>\n","protected":false},"featured_media":337,"template":"","meta":[],"product_cat":[62],"product_tag":[],"class_list":{"0":"post-336","1":"product","2":"type-product","3":"status-publish","4":"has-post-thumbnail","5":"hentry","6":"product_cat-kermena-kopsana","8":"entry","9":"has-media","10":"owp-thumbs-layout-horizontal","11":"owp-btn-normal","12":"owp-tabs-layout-horizontal","13":"has-product-nav"},"_links":{"self":[{"href":"https:\/\/ecopure.lv\/lv\/wp-json\/wp\/v2\/product\/336","targetHints":{"allow":["GET"]}}],"collection":[{"href":"https:\/\/ecopure.lv\/lv\/wp-json\/wp\/v2\/product"}],"about":[{"href":"https:\/\/ecopure.lv\/lv\/wp-json\/wp\/v2\/types\/product"}],"wp:featuredmedia":[{"embeddable":true,"href":"https:\/\/ecopure.lv\/lv\/wp-json\/wp\/v2\/media\/337"}],"wp:attachment":[{"href":"https:\/\/ecopure.lv\/lv\/wp-json\/wp\/v2\/media?parent=336"}],"wp:term":[{"taxonomy":"product_cat","embeddable":true,"href":"https:\/\/ecopure.lv\/lv\/wp-json\/wp\/v2\/product_cat?post=336"},{"taxonomy":"product_tag","embeddable":true,"href":"https:\/\/ecopure.lv\/lv\/wp-json\/wp\/v2\/product_tag?post=336"}],"curies":[{"name":"wp","href":"https:\/\/api.w.org\/{rel}","templated":true}]}}