{"id":334,"date":"2021-07-01T09:06:18","date_gmt":"2021-07-01T09:06:18","guid":{"rendered":"https:\/\/ecopure.lv\/product\/face-glove-duo\/"},"modified":"2024-03-17T12:43:17","modified_gmt":"2024-03-17T12:43:17","slug":"face-glove-duo","status":"publish","type":"product","link":"https:\/\/ecopure.lv\/lv\/product\/face-glove-duo\/","title":{"rendered":"Sejas cimdi\u0146i 2 gb."},"content":{"rendered":"<p>Sejas cimdi\u0146\u0161 garant\u0113 nevainojamu t\u012br\u012b\u0161anas efektu. Tas no\u0146em bakt\u0113rijas, net\u012brumus, atmiru\u0161\u0101s \u0101das \u0161\u016bnas un liekos \u0101das taukus, k\u0101 ar\u012b pie\u0161\u0137ir \u0101dai maigu mas\u0101\u017eu, uzlabojot asinsriti. Audiem tiek pie\u0161\u0137irts vair\u0101k sk\u0101bek\u013ca, kuru d\u0113\u013c \u0101da lab\u0101k izmanto un absorb\u0113 kosm\u0113tiku. Sejas cimdi\u0146\u0161 viegli no\u0146em \u016bdensiztur\u012bgu kosm\u0113tiku. Regul\u0101ra sejas cimdi\u0146a izmanto\u0161ana izl\u012bdzin\u0101s izdal\u012bto sebumu un pie\u0161\u0137irs mat\u0113tu efektu. Cimdi\u0146\u0161 nekairina acis, un t\u0101p\u0113c to var lietot ar\u012b kontaktl\u0113cu lietot\u0101ji. \u0160\u012b produkta kl\u012bniskie p\u0113t\u012bjumi Krakov\u0101 \u013cauj to lietot cilv\u0113kiem ar jut\u012bgu \u0101du. Re\u0123istr\u0113ts dizains.<br \/>\nIeteicamais lieto\u0161anas laiks: 4 m\u0113ne\u0161i<br \/>\nKop\u0161ana: P\u0113c lieto\u0161anas izskalojiet sejas cimdi\u0146u \u016bden\u012b, mazg\u0101jiet ar dab\u012bg\u0101m ziep\u0113m, kuru sast\u0101v\u0101 ir NanoSudrabs. Dr\u012bkst mazg\u0101t ve\u013cas ma\u0161\u012bn\u0101 l\u012bdz 60\u00ba temperat\u016brai, neizmantojot \u016bdens m\u012bkstin\u0101t\u0101jus. Nedr\u012bkst \u017e\u0101v\u0113t uz radiatoriem!<\/p>\n","protected":false},"excerpt":{"rendered":"<p>Sejas cimdi\u0146\u0161 &#8211; cimdi\u0146\u0161 dekorat\u012bv\u0101s kosm\u0113tikas un \u0101das net\u012brumu no\u0146em\u0161anai ar \u016bdeni!<\/p>\n","protected":false},"featured_media":320,"template":"","meta":[],"product_cat":[62],"product_tag":[],"class_list":{"0":"post-334","1":"product","2":"type-product","3":"status-publish","4":"has-post-thumbnail","5":"hentry","6":"product_cat-kermena-kopsana","8":"entry","9":"has-media","10":"owp-thumbs-layout-horizontal","11":"owp-btn-normal","12":"owp-tabs-layout-horizontal","13":"has-no-thumbnails","14":"has-product-nav"},"_links":{"self":[{"href":"https:\/\/ecopure.lv\/lv\/wp-json\/wp\/v2\/product\/334","targetHints":{"allow":["GET"]}}],"collection":[{"href":"https:\/\/ecopure.lv\/lv\/wp-json\/wp\/v2\/product"}],"about":[{"href":"https:\/\/ecopure.lv\/lv\/wp-json\/wp\/v2\/types\/product"}],"wp:featuredmedia":[{"embeddable":true,"href":"https:\/\/ecopure.lv\/lv\/wp-json\/wp\/v2\/media\/320"}],"wp:attachment":[{"href":"https:\/\/ecopure.lv\/lv\/wp-json\/wp\/v2\/media?parent=334"}],"wp:term":[{"taxonomy":"product_cat","embeddable":true,"href":"https:\/\/ecopure.lv\/lv\/wp-json\/wp\/v2\/product_cat?post=334"},{"taxonomy":"product_tag","embeddable":true,"href":"https:\/\/ecopure.lv\/lv\/wp-json\/wp\/v2\/product_tag?post=334"}],"curies":[{"name":"wp","href":"https:\/\/api.w.org\/{rel}","templated":true}]}}