{"id":326,"date":"2021-07-01T09:10:05","date_gmt":"2021-07-01T09:10:05","guid":{"rendered":"https:\/\/ecopure.lv\/product\/sunbeam-cloth-for-body-and-hair-drying\/"},"modified":"2024-03-22T13:38:23","modified_gmt":"2024-03-22T13:38:23","slug":"sunbeam-cloth-for-body-and-hair-drying","status":"publish","type":"product","link":"https:\/\/ecopure.lv\/lv\/product\/sunbeam-cloth-for-body-and-hair-drying\/","title":{"rendered":"Dvielis Sunbeam \u0137erme\u0146a un matu \u017e\u0101v\u0113\u0161anai"},"content":{"rendered":"","protected":false},"excerpt":{"rendered":"<p>Matu \/ \u0137erme\u0146a \u017e\u0101v\u0113\u0161anas dvielis:<\/p>\n<p>\u2022 Papildin\u0101ts ar nanosudraba da\u013ci\u0146\u0101m<br \/>\n\u2022 Neboj\u0101 matus, matu gali nesazarojas<br \/>\n\u2022 Ziem\u0101 nedarbojas ar elektr\u012bbu<br \/>\n\u2022 \u0100tri absorb\u0113 mitrumu, k\u0101 ar\u012b \u0101tri iztvaiko<br \/>\n\u2022 Nav sliktas smakas<br \/>\n\u2022 Piem\u0113rots z\u012bdai\u0146iem un b\u0113rniem<\/p>\n<p>* Pieejams divos da\u017e\u0101dos izm\u0113ros un kr\u0101s\u0101s.<\/p>\n","protected":false},"featured_media":327,"template":"","meta":[],"product_cat":[62],"product_tag":[],"class_list":{"0":"post-326","1":"product","2":"type-product","3":"status-publish","4":"has-post-thumbnail","5":"hentry","6":"product_cat-kermena-kopsana","8":"entry","9":"has-media","10":"owp-thumbs-layout-horizontal","11":"owp-btn-normal","12":"owp-tabs-layout-horizontal","13":"has-no-thumbnails","14":"has-product-nav"},"_links":{"self":[{"href":"https:\/\/ecopure.lv\/lv\/wp-json\/wp\/v2\/product\/326","targetHints":{"allow":["GET"]}}],"collection":[{"href":"https:\/\/ecopure.lv\/lv\/wp-json\/wp\/v2\/product"}],"about":[{"href":"https:\/\/ecopure.lv\/lv\/wp-json\/wp\/v2\/types\/product"}],"wp:featuredmedia":[{"embeddable":true,"href":"https:\/\/ecopure.lv\/lv\/wp-json\/wp\/v2\/media\/327"}],"wp:attachment":[{"href":"https:\/\/ecopure.lv\/lv\/wp-json\/wp\/v2\/media?parent=326"}],"wp:term":[{"taxonomy":"product_cat","embeddable":true,"href":"https:\/\/ecopure.lv\/lv\/wp-json\/wp\/v2\/product_cat?post=326"},{"taxonomy":"product_tag","embeddable":true,"href":"https:\/\/ecopure.lv\/lv\/wp-json\/wp\/v2\/product_tag?post=326"}],"curies":[{"name":"wp","href":"https:\/\/api.w.org\/{rel}","templated":true}]}}