{"id":319,"date":"2021-07-01T09:10:57","date_gmt":"2021-07-01T09:10:57","guid":{"rendered":"https:\/\/ecopure.lv\/product\/face-glove\/"},"modified":"2026-03-29T15:57:32","modified_gmt":"2026-03-29T15:57:32","slug":"face-glove","status":"publish","type":"product","link":"https:\/\/ecopure.lv\/lv\/product\/face-glove\/","title":{"rendered":"Sejas cimdi\u0146\u0161"},"content":{"rendered":"<p>Sejas cimds garant\u0113 nevainojamu t\u012br\u012b\u0161anas efektu. Tas no\u0146em bakt\u0113rijas, net\u012brumus, atmiru\u0161\u0101s \u0101das \u0161\u016bnas un lieko sebumu, k\u0101 ar\u012b pie\u0161\u0137ir \u0101dai maigu mas\u0101\u017eu, uzlabojot asinsriti. Tad audiem tiek pie\u0161\u0137irts vair\u0101k sk\u0101bek\u013ca, kuru d\u0113\u013c \u0101da lab\u0101k izmanto un absorb\u0113 kosm\u0113tiku. Face Glove viegli no\u0146em \u016bdensiztur\u012bgu kosm\u0113tiku. Regul\u0101ra sejas t\u012br\u012b\u0161anas l\u012bdzek\u013ca izmanto\u0161ana izl\u012bdzin\u0101s izdal\u012bto sebumu un pie\u0161\u0137irs mat\u0113tu virsmu. Sejas cimds nekairina acis, un t\u0101p\u0113c to var n\u0113s\u0101t kontaktl\u0113cu n\u0113s\u0101t\u0101ji. Krakov\u0101 veiktie \u0161\u012b produkta kl\u012bniskie p\u0113t\u012bjumi \u013cauj to lietot cilv\u0113kiem ar jut\u012bgu \u0101du.<\/p>\n<p>Re\u0123istr\u0113ts dizains.<\/p>\n<p>Ieteicamais lieto\u0161anas laiks: 4 m\u0113ne\u0161i<\/p>\n<p>K\u0100 Nomazg\u0101t:<\/p>\n<p>P\u0113c lieto\u0161anas izskalojiet sejas cimdu \u016bden\u012b ar dab\u012bg\u0101m ziep\u0113m ar nanosidrabu. Mazg\u0101jama ma\u0161\u012bn\u0101 l\u012bdz 60\u00ba temperat\u016brai, neizmantojot \u016bdens m\u012bkstin\u0101t\u0101jus.<\/p>\n","protected":false},"excerpt":{"rendered":"<p>Sejas cimds &#8211; t\u012br\u012bt\u0101js dekorat\u012bv\u0101s kosm\u0113tikas un \u0101das net\u012brumu no\u0146em\u0161anai ar neko citu k\u0101 \u016bdeni<\/p>\n","protected":false},"featured_media":321,"template":"","meta":[],"product_cat":[62],"product_tag":[],"class_list":{"0":"post-319","1":"product","2":"type-product","3":"status-publish","4":"has-post-thumbnail","5":"hentry","6":"product_cat-kermena-kopsana","8":"entry","9":"has-media","10":"owp-thumbs-layout-horizontal","11":"owp-btn-normal","12":"owp-tabs-layout-horizontal","13":"has-product-nav"},"_links":{"self":[{"href":"https:\/\/ecopure.lv\/lv\/wp-json\/wp\/v2\/product\/319","targetHints":{"allow":["GET"]}}],"collection":[{"href":"https:\/\/ecopure.lv\/lv\/wp-json\/wp\/v2\/product"}],"about":[{"href":"https:\/\/ecopure.lv\/lv\/wp-json\/wp\/v2\/types\/product"}],"wp:featuredmedia":[{"embeddable":true,"href":"https:\/\/ecopure.lv\/lv\/wp-json\/wp\/v2\/media\/321"}],"wp:attachment":[{"href":"https:\/\/ecopure.lv\/lv\/wp-json\/wp\/v2\/media?parent=319"}],"wp:term":[{"taxonomy":"product_cat","embeddable":true,"href":"https:\/\/ecopure.lv\/lv\/wp-json\/wp\/v2\/product_cat?post=319"},{"taxonomy":"product_tag","embeddable":true,"href":"https:\/\/ecopure.lv\/lv\/wp-json\/wp\/v2\/product_tag?post=319"}],"curies":[{"name":"wp","href":"https:\/\/api.w.org\/{rel}","templated":true}]}}