{"id":316,"date":"2021-07-01T09:01:44","date_gmt":"2021-07-01T09:01:44","guid":{"rendered":"https:\/\/ecopure.lv\/product\/car-cleaning-set\/"},"modified":"2026-03-29T16:00:04","modified_gmt":"2026-03-29T16:00:04","slug":"car-cleaning-set","status":"publish","type":"product","link":"https:\/\/ecopure.lv\/lv\/product\/car-cleaning-set\/","title":{"rendered":"Auto uzkop\u0161anas komplekts"},"content":{"rendered":"<p>Salvetes viegli sasniedz visnepieejam\u0101k\u0101s vietas automa\u0161\u012bnas iek\u0161pus\u0113 un efekt\u012bvi no\u0146em taukus un net\u012brumus \u0101rpus t\u0101s, pat no \u013coti net\u012br\u0101m viet\u0101m. Logu un spogu\u013cu t\u012br\u012b\u0161anas rezult\u0101t\u0101, virsmas ir piln\u012bgi bez taukiem un bez kaitino\u0161iem traipiem. Prec\u012bza veiktsp\u0113ja katr\u0101 mazg\u0101\u0161anas posm\u0101 aizkav\u0113 net\u012brumu un putek\u013cu veido\u0161an\u0101s. Salvetes ir izgatavotas no atbilsto\u0161as ciet\u012bbas mikro\u0161\u0137iedr\u0101m, t\u0101p\u0113c t\u0101s nesaskr\u0101p\u0113 maigo lakoto virsmu; prec\u012bz\u0101 \u0161\u0137iedru strukt\u016bra un sast\u0101vs nodro\u0161ina efekt\u012bvu automa\u0161\u012bnas t\u012br\u012b\u0161anu, neizmantojot ziepes, \u0161amp\u016bnus un citus videi nedraudz\u012bgus auto kosm\u0113tikas l\u012bdzek\u013cus.<\/p>\n<p>Nanosilver Technology salvetes dr\u012bkst lietot tikai ar t\u012bru \u016bdeni un bez saskares ar \u0137\u012bmiskiem t\u012br\u012b\u0161anas l\u012bdzek\u013ciem. \u016adens temperat\u016bra neietekm\u0113 to efektivit\u0101ti.<\/p>\n<p>Pirms pirm\u0101s lieto\u0161anas salvetes j\u0101mazg\u0101 vismaz 3 reizes autom\u0101tiskaj\u0101 ve\u013cas mazg\u0101jam\u0101 ma\u0161\u012bn\u0101 ar \u012bsu programmu l\u012bdz 60 \u00b0 C (roz\u0101 salvetes j\u0101ievieto tikai tre\u0161aj\u0101 mazg\u0101\u0161anas reiz\u0113). T\u0101d\u0113j\u0101di tie tiks izskaloti no \u0161\u0137iedru atliek\u0101m, \u0161\u0137iedras atv\u0113rsies \u016bden\u012b un b\u016bs gatavas lieto\u0161anai. Pies\u0101r\u0146ot\u0101s salvetes nedr\u012bkst atst\u0101t piln\u012bgi no\u017e\u016bt, \u0161\u0137iedras var tikt boj\u0101tas. T\u0101s vajadz\u0113tu iem\u0113rc\u0113t t\u012br\u0101 \u016bden\u012b un p\u0113c tam mazg\u0101t. Mazg\u0101jiet ar rok\u0101m, izmantojot NanoSilver antibakteri\u0101l\u0101s ziepes, vai autom\u0101tiskaj\u0101 ve\u013cas ma\u0161\u012bn\u0101 temperat\u016br\u0101 l\u012bdz 60 \u00b0 C, izmantojot jebkuru mazg\u0101\u0161anas l\u012bdzekli, nepievienojot skalo\u0161anas l\u012bdzekli. Izvairieties no \u017e\u0101v\u0113\u0161anas autom\u0101tiskajos \u017e\u0101v\u0113t\u0101jos vai uz radiatoriem, kas boj\u0101 \u0161\u0137iedru.<br \/>\nAt\u0161\u0137ir\u012bb\u0101 no tradicion\u0101laj\u0101m metod\u0113m, kur\u0101s tiek izmantotas \u0137\u012bmiskas vielas, Raypath t\u012br\u012b\u0161anas tehnik\u0101 NanoSilver tiek izmantotas salvetes, kur\u0101s ir tikai \u016bdens. \u0100tr\u0101ka, efekt\u012bv\u0101ka un finansi\u0101li izdev\u012bg\u0101ka t\u012br\u012b\u0161ana nav vien\u012bg\u0101 \u0161\u012bs t\u012br\u012b\u0161anas salve\u0161u komplekta izmanto\u0161anas priek\u0161roc\u012bba; \u0137\u012bmisko vielu nelieto\u0161ana ir \u0101rk\u0101rt\u012bgi svar\u012bga. Tas ir ne tikai ierocis c\u012b\u0146\u0101 pret da\u017e\u0101d\u0101m aler\u0123ij\u0101m, bet ar\u012b \u012bpa\u0161a darb\u012bba ekosist\u0113mas aizsardz\u012bbai.<\/p>\n<p>Komplekt\u0101 ietilpst:<br \/>\nCimdi\u0146\u0161 balts L izm\u0113rs &#8211; 1 gb.<br \/>\nCimdi\u0146\u0161 roz\u0101 L izm\u0113rs &#8211; 1 gb.<br \/>\nCimdi\u0146\u0161 balts NOVA L izm\u0113rs &#8211; 1 gb.<br \/>\nSalvete Sunbeam XL &#8211; 1 gb.<\/p>\n<p>Komplekt\u0101ciju atsevi\u0161\u0137i variet apl\u016bkot. Visu pre\u010du apraksts atrodas Katalog\u0101.<\/p>\n","protected":false},"excerpt":{"rendered":"<p>Videi draudz\u012bgs automa\u0161\u012bnu t\u012br\u012b\u0161anas komplekts ir augstas kvalit\u0101tes komplekts, kas not\u012bra pat notur\u012bgus net\u012brumus BEZ MAZG\u0100\u0160ANAS L\u012aDZEK\u013bIEM. \u0160is mazais komplekts nodro\u0161ina visaptvero\u0161u, vieglu un efekt\u012bvu visas automa\u0161\u012bnas mazg\u0101\u0161anu.<\/p>\n","protected":false},"featured_media":317,"template":"","meta":[],"product_cat":[63],"product_tag":[],"class_list":{"0":"post-316","1":"product","2":"type-product","3":"status-publish","4":"has-post-thumbnail","5":"hentry","6":"product_cat-automasinu-tirisana","8":"entry","9":"has-media","10":"owp-thumbs-layout-horizontal","11":"owp-btn-normal","12":"owp-tabs-layout-horizontal","13":"has-product-nav"},"_links":{"self":[{"href":"https:\/\/ecopure.lv\/lv\/wp-json\/wp\/v2\/product\/316","targetHints":{"allow":["GET"]}}],"collection":[{"href":"https:\/\/ecopure.lv\/lv\/wp-json\/wp\/v2\/product"}],"about":[{"href":"https:\/\/ecopure.lv\/lv\/wp-json\/wp\/v2\/types\/product"}],"wp:featuredmedia":[{"embeddable":true,"href":"https:\/\/ecopure.lv\/lv\/wp-json\/wp\/v2\/media\/317"}],"wp:attachment":[{"href":"https:\/\/ecopure.lv\/lv\/wp-json\/wp\/v2\/media?parent=316"}],"wp:term":[{"taxonomy":"product_cat","embeddable":true,"href":"https:\/\/ecopure.lv\/lv\/wp-json\/wp\/v2\/product_cat?post=316"},{"taxonomy":"product_tag","embeddable":true,"href":"https:\/\/ecopure.lv\/lv\/wp-json\/wp\/v2\/product_tag?post=316"}],"curies":[{"name":"wp","href":"https:\/\/api.w.org\/{rel}","templated":true}]}}