{"id":292,"date":"2021-06-30T09:58:05","date_gmt":"2021-06-30T09:58:05","guid":{"rendered":"https:\/\/ecopure.lv\/about-us\/"},"modified":"2022-01-05T17:16:25","modified_gmt":"2022-01-05T17:16:25","slug":"about-us","status":"publish","type":"page","link":"https:\/\/ecopure.lv\/lv\/about-us\/","title":{"rendered":"Par mums"},"content":{"rendered":"\t\t<div data-elementor-type=\"wp-page\" data-elementor-id=\"292\" class=\"elementor elementor-292\">\n\t\t\t\t\t\t<div class=\"elementor-inner\">\n\t\t\t\t<div class=\"elementor-section-wrap\">\n\t\t\t\t\t\t\t\t\t<section class=\"elementor-section elementor-top-section elementor-element elementor-element-6253b5f3 elementor-section-height-min-height elementor-section-boxed elementor-section-height-default elementor-section-items-middle\" data-id=\"6253b5f3\" data-element_type=\"section\" data-settings=\"{&quot;background_background&quot;:&quot;classic&quot;}\">\n\t\t\t\t\t\t\t<div class=\"elementor-background-overlay\"><\/div>\n\t\t\t\t\t\t\t<div class=\"elementor-container elementor-column-gap-wider\">\n\t\t\t\t\t\t\t<div class=\"elementor-row\">\n\t\t\t\t\t<div class=\"elementor-column elementor-col-50 elementor-top-column elementor-element elementor-element-2bd164b6\" data-id=\"2bd164b6\" data-element_type=\"column\">\n\t\t\t<div class=\"elementor-column-wrap elementor-element-populated\">\n\t\t\t\t\t\t\t<div class=\"elementor-widget-wrap\">\n\t\t\t\t\t\t<div class=\"elementor-element elementor-element-6c94d526 elementor-widget__width-initial de_scroll_animation_no elementor-invisible elementor-widget elementor-widget-heading\" data-id=\"6c94d526\" data-element_type=\"widget\" data-settings=\"{&quot;_animation&quot;:&quot;fadeInDown&quot;}\" data-widget_type=\"heading.default\">\n\t\t\t\t<div class=\"elementor-widget-container\">\n\t\t\t<h1 class=\"elementor-heading-title elementor-size-default\">Par mums<\/h1>\t\t<\/div>\n\t\t\t\t<\/div>\n\t\t\t\t\t\t<\/div>\n\t\t\t\t\t<\/div>\n\t\t<\/div>\n\t\t\t\t<div class=\"elementor-column elementor-col-50 elementor-top-column elementor-element elementor-element-cc7d1f9\" data-id=\"cc7d1f9\" data-element_type=\"column\">\n\t\t\t<div class=\"elementor-column-wrap\">\n\t\t\t\t\t\t\t<div class=\"elementor-widget-wrap\">\n\t\t\t\t\t\t\t\t<\/div>\n\t\t\t\t\t<\/div>\n\t\t<\/div>\n\t\t\t\t\t\t\t\t<\/div>\n\t\t\t\t\t<\/div>\n\t\t<\/section>\n\t\t\t\t<section class=\"elementor-section elementor-top-section elementor-element elementor-element-54c2487c elementor-reverse-mobile elementor-section-boxed elementor-section-height-default elementor-section-height-default\" data-id=\"54c2487c\" data-element_type=\"section\" data-settings=\"{&quot;background_background&quot;:&quot;classic&quot;}\">\n\t\t\t\t\t\t<div class=\"elementor-container elementor-column-gap-wider\">\n\t\t\t\t\t\t\t<div class=\"elementor-row\">\n\t\t\t\t\t<div class=\"elementor-column elementor-col-50 elementor-top-column elementor-element elementor-element-1aadf350\" data-id=\"1aadf350\" data-element_type=\"column\">\n\t\t\t<div class=\"elementor-column-wrap elementor-element-populated\">\n\t\t\t\t\t\t\t<div class=\"elementor-widget-wrap\">\n\t\t\t\t\t\t<div class=\"elementor-element elementor-element-43a58c93 de_scroll_animation_no elementor-widget elementor-widget-image\" data-id=\"43a58c93\" data-element_type=\"widget\" data-widget_type=\"image.default\">\n\t\t\t\t<div class=\"elementor-widget-container\">\n\t\t\t\t\t\t\t\t<div class=\"elementor-image\">\n\t\t\t\t\t\t\t\t\t\t\t\t<img loading=\"lazy\" decoding=\"async\" width=\"500\" height=\"750\" src=\"https:\/\/ecopure.lv\/wp-content\/uploads\/2021\/07\/dd2c43bcb30ad34c9b9fbc034868616a.jpg\" class=\"attachment-large size-large\" alt=\"\" srcset=\"https:\/\/ecopure.lv\/wp-content\/uploads\/2021\/07\/dd2c43bcb30ad34c9b9fbc034868616a.jpg 500w, https:\/\/ecopure.lv\/wp-content\/uploads\/2021\/07\/dd2c43bcb30ad34c9b9fbc034868616a-200x300.jpg 200w\" sizes=\"auto, (max-width: 500px) 100vw, 500px\" \/>\t\t\t\t\t\t\t\t\t\t\t\t\t\t<\/div>\n\t\t\t\t\t\t<\/div>\n\t\t\t\t<\/div>\n\t\t\t\t\t\t<\/div>\n\t\t\t\t\t<\/div>\n\t\t<\/div>\n\t\t\t\t<div class=\"elementor-column elementor-col-50 elementor-top-column elementor-element elementor-element-66171369\" data-id=\"66171369\" data-element_type=\"column\">\n\t\t\t<div class=\"elementor-column-wrap elementor-element-populated\">\n\t\t\t\t\t\t\t<div class=\"elementor-widget-wrap\">\n\t\t\t\t\t\t<div class=\"elementor-element elementor-element-77b07d14 elementor-widget__width-auto de_scroll_animation_no elementor-widget elementor-widget-heading\" data-id=\"77b07d14\" data-element_type=\"widget\" data-widget_type=\"heading.default\">\n\t\t\t\t<div class=\"elementor-widget-container\">\n\t\t\t<div class=\"elementor-heading-title elementor-size-default\">ECO-pure<\/div>\t\t<\/div>\n\t\t\t\t<\/div>\n\t\t\t\t<div class=\"elementor-element elementor-element-5d1b49c5 de_scroll_animation_no elementor-invisible elementor-widget elementor-widget-heading\" data-id=\"5d1b49c5\" data-element_type=\"widget\" data-settings=\"{&quot;_animation&quot;:&quot;fadeInDown&quot;,&quot;_animation_delay&quot;:&quot;300&quot;}\" data-widget_type=\"heading.default\">\n\t\t\t\t<div class=\"elementor-widget-container\">\n\t\t\t<h2 class=\"elementor-heading-title elementor-size-default\">M\u0101ja bez \u0137\u012bmisk\u0101m viel\u0101m!<\/h2>\t\t<\/div>\n\t\t\t\t<\/div>\n\t\t\t\t<div class=\"elementor-element elementor-element-3d3609af de_scroll_animation_no elementor-invisible elementor-widget elementor-widget-text-editor\" data-id=\"3d3609af\" data-element_type=\"widget\" data-settings=\"{&quot;_animation&quot;:&quot;fadeInDown&quot;}\" data-widget_type=\"text-editor.default\">\n\t\t\t\t<div class=\"elementor-widget-container\">\n\t\t\t\t\t\t\t\t<div class=\"elementor-text-editor elementor-clearfix\">\n\t\t\t\t<p>Raypath NanoSilver Technology mikro\u0161\u0137iedras salvetes tiek izmantotas virsmu t\u012br\u012b\u0161anai tikai ar \u016bdeni!<\/p><p>J\u016bs varat aizmirst par sadz\u012bves \u0137\u012bmiju! Jums ir iesp\u0113ja p\u0101rtraukt kairin\u0101t elpce\u013cus un \u0101du, t\u012brot virsmas tikai ar salvet\u0113m un \u016bdeni.<\/p><p>Nanosilver audumi ir efekt\u012bva alternat\u012bva sadz\u012bves \u0137\u012bmisk\u0101m viel\u0101m. Virsmas tiek ne tikai not\u012br\u012btas, bet ar\u012b antibakteri\u0101las.<\/p><p>Mikro\u0161\u0137iedras cimdi\u0146i sejai un \u0137ermenim neapgr\u016btina j\u016bsu \u0101du ar nevajadz\u012bg\u0101m vai pat kait\u012bg\u0101m viel\u0101m.\u00a0<\/p><p>*Pirms pirm\u0101s lieto\u0161anas salvetes j\u0101mazg\u0101 vismaz 3 reizes autom\u0101tiskaj\u0101 ve\u013cas mazg\u0101jam\u0101 ma\u0161\u012bn\u0101 ar \u012bsu programmu l\u012bdz 60 \u00b0 C, l\u012bdz 600 apgriezieniem min\u016bt\u0113. (roz\u0101 salvetes j\u0101ievieto tikai tre\u0161aj\u0101 mazg\u0101\u0161anas reiz\u0113). T\u0101d\u0113j\u0101di tie tiks izskaloti no \u0161\u0137iedru atliek\u0101m, \u0161\u0137iedras atv\u0113rsies \u016bden\u012b un b\u016bs gatavas lieto\u0161anai.<\/p><p>\u00a0 \u00a0 \u00a0 \u00a0 \u00a0 \u00a0 \u00a0 \u00a0 \u00a0 NanoSilver Technology idejas pamat\u0101 ir \u010detri galvenie aspekti:\u00a0<\/p><ul><li>KVALIT\u0100TE &#8211; m\u0113s pied\u0101v\u0101jam augstas kvalit\u0101tes, novatoriskus un \u0101rk\u0101rt\u012bgi efekt\u012bvus produktus, kuriem ir visi nepiecie\u0161amie sertifik\u0101ti;<\/li><li>VESEL\u012aBA &#8211; m\u016bsu produkti pal\u012bdz saglab\u0101t vissvar\u012bg\u0101ko un d\u0101rg\u0101ko, kas cilv\u0113kam ir, &#8211; vi\u0146a vesel\u012bbu;<\/li><li>\u0112RT\u012aBAS &#8211; lietojot m\u016bsu produktus, jums b\u016bs iesp\u0113ja ne tikai iev\u0113rojami samazin\u0101t izmaksas uzkop\u0161anas darbiem, bet ar\u012b ietaup\u012bt laiku un ener\u0123iju;<\/li><li>VIDE &#8211; m\u016bsu produkti ir videi draudz\u012bgi gan ra\u017eo\u0161anas laik\u0101, gan lieto\u0161anas laik\u0101. Tiem ir svar\u012bga pozit\u012bva ietekme uz ekosist\u0113mas aizsardz\u012bbu<\/li><\/ul><p>\u00a0<\/p><p>\u00a0 \u00a0 \u00a0 \u00a0 \u00a0 \u00a0<i> \u00a0Tagad un Latvij\u0101 ir iesp\u0113ja piedal\u012bties Raypath komandai! Str\u0101d\u0101sim kop\u0101!<\/i><\/p>\t\t\t\t\t<\/div>\n\t\t\t\t\t\t<\/div>\n\t\t\t\t<\/div>\n\t\t\t\t\t\t<\/div>\n\t\t\t\t\t<\/div>\n\t\t<\/div>\n\t\t\t\t\t\t\t\t<\/div>\n\t\t\t\t\t<\/div>\n\t\t<\/section>\n\t\t\t\t<section class=\"elementor-section elementor-top-section elementor-element elementor-element-f00aa82 elementor-section-boxed elementor-section-height-default elementor-section-height-default\" data-id=\"f00aa82\" data-element_type=\"section\">\n\t\t\t\t\t\t<div class=\"elementor-container elementor-column-gap-default\">\n\t\t\t\t\t\t\t<div class=\"elementor-row\">\n\t\t\t\t\t<div class=\"elementor-column elementor-col-100 elementor-top-column elementor-element elementor-element-6fbb442\" data-id=\"6fbb442\" data-element_type=\"column\">\n\t\t\t<div class=\"elementor-column-wrap elementor-element-populated\">\n\t\t\t\t\t\t\t<div class=\"elementor-widget-wrap\">\n\t\t\t\t\t\t<section class=\"elementor-section elementor-inner-section elementor-element elementor-element-26aa097 elementor-section-boxed elementor-section-height-default elementor-section-height-default\" data-id=\"26aa097\" data-element_type=\"section\">\n\t\t\t\t\t\t<div class=\"elementor-container elementor-column-gap-default\">\n\t\t\t\t\t\t\t<div class=\"elementor-row\">\n\t\t\t\t\t<div class=\"elementor-column elementor-col-100 elementor-inner-column elementor-element elementor-element-ad601fc\" data-id=\"ad601fc\" data-element_type=\"column\">\n\t\t\t<div class=\"elementor-column-wrap elementor-element-populated\">\n\t\t\t\t\t\t\t<div class=\"elementor-widget-wrap\">\n\t\t\t\t\t\t<div class=\"elementor-element elementor-element-31b3c12 elementor-aspect-ratio-169 de_scroll_animation_no elementor-widget elementor-widget-video\" data-id=\"31b3c12\" data-element_type=\"widget\" data-settings=\"{&quot;youtube_url&quot;:&quot;https:\\\/\\\/www.youtube.com\\\/watch?v=EpKxkbtYv8Y&quot;,&quot;video_type&quot;:&quot;youtube&quot;,&quot;controls&quot;:&quot;yes&quot;,&quot;aspect_ratio&quot;:&quot;169&quot;}\" data-widget_type=\"video.default\">\n\t\t\t\t<div class=\"elementor-widget-container\">\n\t\t\t\t\t<div class=\"elementor-wrapper elementor-fit-aspect-ratio elementor-open-inline\">\n\t\t\t<div class=\"elementor-video\"><\/div>\t\t<\/div>\n\t\t\t\t<\/div>\n\t\t\t\t<\/div>\n\t\t\t\t\t\t<\/div>\n\t\t\t\t\t<\/div>\n\t\t<\/div>\n\t\t\t\t\t\t\t\t<\/div>\n\t\t\t\t\t<\/div>\n\t\t<\/section>\n\t\t\t\t\t\t<\/div>\n\t\t\t\t\t<\/div>\n\t\t<\/div>\n\t\t\t\t\t\t\t\t<\/div>\n\t\t\t\t\t<\/div>\n\t\t<\/section>\n\t\t\t\t<section class=\"elementor-section elementor-top-section elementor-element elementor-element-24abd04 elementor-section-boxed elementor-section-height-default elementor-section-height-default\" data-id=\"24abd04\" data-element_type=\"section\">\n\t\t\t\t\t\t<div class=\"elementor-container elementor-column-gap-default\">\n\t\t\t\t\t\t\t<div class=\"elementor-row\">\n\t\t\t\t\t<div class=\"elementor-column elementor-col-100 elementor-top-column elementor-element elementor-element-29cee88\" data-id=\"29cee88\" data-element_type=\"column\">\n\t\t\t<div class=\"elementor-column-wrap elementor-element-populated\">\n\t\t\t\t\t\t\t<div class=\"elementor-widget-wrap\">\n\t\t\t\t\t\t<div class=\"elementor-element elementor-element-4aabd8e elementor-widget__width-initial elementor-widget-tablet__width-initial de_scroll_animation_no elementor-invisible elementor-widget elementor-widget-heading\" data-id=\"4aabd8e\" data-element_type=\"widget\" data-settings=\"{&quot;_animation&quot;:&quot;fadeInDown&quot;,&quot;_animation_delay&quot;:800}\" data-widget_type=\"heading.default\">\n\t\t\t\t<div class=\"elementor-widget-container\">\n\t\t\t<h2 class=\"elementor-heading-title elementor-size-default\">Sertifik\u0101ti<\/h2>\t\t<\/div>\n\t\t\t\t<\/div>\n\t\t\t\t<div class=\"elementor-element elementor-element-57ca782 elementor-widget-divider--view-line de_scroll_animation_no elementor-widget elementor-widget-divider\" data-id=\"57ca782\" data-element_type=\"widget\" data-widget_type=\"divider.default\">\n\t\t\t\t<div class=\"elementor-widget-container\">\n\t\t\t\t\t<div class=\"elementor-divider\">\n\t\t\t<span class=\"elementor-divider-separator\">\n\t\t\t\t\t\t<\/span>\n\t\t<\/div>\n\t\t\t\t<\/div>\n\t\t\t\t<\/div>\n\t\t\t\t<div class=\"elementor-element elementor-element-ba1d310 de_scroll_animation_no elementor-widget elementor-widget-gallery\" data-id=\"ba1d310\" data-element_type=\"widget\" data-settings=\"{&quot;gallery_layout&quot;:&quot;justified&quot;,&quot;lazyload&quot;:&quot;yes&quot;,&quot;ideal_row_height&quot;:{&quot;unit&quot;:&quot;px&quot;,&quot;size&quot;:200,&quot;sizes&quot;:[]},&quot;ideal_row_height_tablet&quot;:{&quot;unit&quot;:&quot;px&quot;,&quot;size&quot;:150,&quot;sizes&quot;:[]},&quot;ideal_row_height_mobile&quot;:{&quot;unit&quot;:&quot;px&quot;,&quot;size&quot;:150,&quot;sizes&quot;:[]},&quot;gap&quot;:{&quot;unit&quot;:&quot;px&quot;,&quot;size&quot;:10,&quot;sizes&quot;:[]},&quot;gap_tablet&quot;:{&quot;unit&quot;:&quot;px&quot;,&quot;size&quot;:10,&quot;sizes&quot;:[]},&quot;gap_mobile&quot;:{&quot;unit&quot;:&quot;px&quot;,&quot;size&quot;:10,&quot;sizes&quot;:[]},&quot;link_to&quot;:&quot;file&quot;,&quot;overlay_background&quot;:&quot;yes&quot;,&quot;content_hover_animation&quot;:&quot;fade-in&quot;}\" data-widget_type=\"gallery.default\">\n\t\t\t\t<div class=\"elementor-widget-container\">\n\t\t\t\t\t<div class=\"elementor-gallery__container\">\n\t\t\t\t\t\t\t<a class=\"e-gallery-item elementor-gallery-item elementor-animated-content\" href=\"https:\/\/ecopure.lv\/wp-content\/uploads\/2021\/07\/0efc11e30a8f34cee29e51820ce5acdb.jpg\" data-elementor-open-lightbox=\"yes\" data-elementor-lightbox-slideshow=\"all-ba1d310\" data-elementor-lightbox-title=\"0efc11e30a8f34cee29e51820ce5acdb\" e-action-hash=\"#elementor-action%3Aaction%3Dlightbox%26settings%3DeyJpZCI6NDksInVybCI6Imh0dHBzOlwvXC9lY29wdXJlLmx2XC93cC1jb250ZW50XC91cGxvYWRzXC8yMDIxXC8wN1wvMGVmYzExZTMwYThmMzRjZWUyOWU1MTgyMGNlNWFjZGIuanBnIiwic2xpZGVzaG93IjoiYWxsLWJhMWQzMTAifQ%3D%3D\">\n\t\t\t\t\t<div class=\"e-gallery-image elementor-gallery-item__image\" data-thumbnail=\"https:\/\/ecopure.lv\/wp-content\/uploads\/2021\/07\/0efc11e30a8f34cee29e51820ce5acdb.jpg\" data-width=\"219\" data-height=\"309\" alt=\"\" ><\/div>\n\t\t\t\t\t\t\t\t\t\t\t<div class=\"elementor-gallery-item__overlay\"><\/div>\n\t\t\t\t\t\t\t\t\t\t\t\t\t\t<\/a>\n\t\t\t\t\t\t\t<a class=\"e-gallery-item elementor-gallery-item elementor-animated-content\" href=\"https:\/\/ecopure.lv\/wp-content\/uploads\/2021\/07\/4ed7948b98e99fb0e9d64e89805ef765.jpg\" data-elementor-open-lightbox=\"yes\" data-elementor-lightbox-slideshow=\"all-ba1d310\" data-elementor-lightbox-title=\"4ed7948b98e99fb0e9d64e89805ef765\" e-action-hash=\"#elementor-action%3Aaction%3Dlightbox%26settings%3DeyJpZCI6NTAsInVybCI6Imh0dHBzOlwvXC9lY29wdXJlLmx2XC93cC1jb250ZW50XC91cGxvYWRzXC8yMDIxXC8wN1wvNGVkNzk0OGI5OGU5OWZiMGU5ZDY0ZTg5ODA1ZWY3NjUuanBnIiwic2xpZGVzaG93IjoiYWxsLWJhMWQzMTAifQ%3D%3D\">\n\t\t\t\t\t<div class=\"e-gallery-image elementor-gallery-item__image\" data-thumbnail=\"https:\/\/ecopure.lv\/wp-content\/uploads\/2021\/07\/4ed7948b98e99fb0e9d64e89805ef765.jpg\" data-width=\"219\" data-height=\"309\" alt=\"\" ><\/div>\n\t\t\t\t\t\t\t\t\t\t\t<div class=\"elementor-gallery-item__overlay\"><\/div>\n\t\t\t\t\t\t\t\t\t\t\t\t\t\t<\/a>\n\t\t\t\t\t\t\t<a class=\"e-gallery-item elementor-gallery-item elementor-animated-content\" href=\"https:\/\/ecopure.lv\/wp-content\/uploads\/2021\/07\/297361345e14954eb3ef9f7aff480a59.jpg\" data-elementor-open-lightbox=\"yes\" data-elementor-lightbox-slideshow=\"all-ba1d310\" data-elementor-lightbox-title=\"297361345e14954eb3ef9f7aff480a59\" e-action-hash=\"#elementor-action%3Aaction%3Dlightbox%26settings%3DeyJpZCI6NTEsInVybCI6Imh0dHBzOlwvXC9lY29wdXJlLmx2XC93cC1jb250ZW50XC91cGxvYWRzXC8yMDIxXC8wN1wvMjk3MzYxMzQ1ZTE0OTU0ZWIzZWY5ZjdhZmY0ODBhNTkuanBnIiwic2xpZGVzaG93IjoiYWxsLWJhMWQzMTAifQ%3D%3D\">\n\t\t\t\t\t<div class=\"e-gallery-image elementor-gallery-item__image\" data-thumbnail=\"https:\/\/ecopure.lv\/wp-content\/uploads\/2021\/07\/297361345e14954eb3ef9f7aff480a59.jpg\" data-width=\"219\" data-height=\"309\" alt=\"\" ><\/div>\n\t\t\t\t\t\t\t\t\t\t\t<div class=\"elementor-gallery-item__overlay\"><\/div>\n\t\t\t\t\t\t\t\t\t\t\t\t\t\t<\/a>\n\t\t\t\t\t\t\t<a class=\"e-gallery-item elementor-gallery-item elementor-animated-content\" href=\"https:\/\/ecopure.lv\/wp-content\/uploads\/2021\/07\/bd9e6a288fa477ee4a36dba5d5e07f1c.jpg\" data-elementor-open-lightbox=\"yes\" data-elementor-lightbox-slideshow=\"all-ba1d310\" data-elementor-lightbox-title=\"bd9e6a288fa477ee4a36dba5d5e07f1c\" e-action-hash=\"#elementor-action%3Aaction%3Dlightbox%26settings%3DeyJpZCI6NTMsInVybCI6Imh0dHBzOlwvXC9lY29wdXJlLmx2XC93cC1jb250ZW50XC91cGxvYWRzXC8yMDIxXC8wN1wvYmQ5ZTZhMjg4ZmE0NzdlZTRhMzZkYmE1ZDVlMDdmMWMuanBnIiwic2xpZGVzaG93IjoiYWxsLWJhMWQzMTAifQ%3D%3D\">\n\t\t\t\t\t<div class=\"e-gallery-image elementor-gallery-item__image\" data-thumbnail=\"https:\/\/ecopure.lv\/wp-content\/uploads\/2021\/07\/bd9e6a288fa477ee4a36dba5d5e07f1c.jpg\" data-width=\"219\" data-height=\"309\" alt=\"\" ><\/div>\n\t\t\t\t\t\t\t\t\t\t\t<div class=\"elementor-gallery-item__overlay\"><\/div>\n\t\t\t\t\t\t\t\t\t\t\t\t\t\t<\/a>\n\t\t\t\t\t\t\t<a class=\"e-gallery-item elementor-gallery-item elementor-animated-content\" href=\"https:\/\/ecopure.lv\/wp-content\/uploads\/2021\/07\/c57b1d801dccaeb470d60b0f0434fecb.jpg\" data-elementor-open-lightbox=\"yes\" data-elementor-lightbox-slideshow=\"all-ba1d310\" data-elementor-lightbox-title=\"c57b1d801dccaeb470d60b0f0434fecb\" e-action-hash=\"#elementor-action%3Aaction%3Dlightbox%26settings%3DeyJpZCI6NTQsInVybCI6Imh0dHBzOlwvXC9lY29wdXJlLmx2XC93cC1jb250ZW50XC91cGxvYWRzXC8yMDIxXC8wN1wvYzU3YjFkODAxZGNjYWViNDcwZDYwYjBmMDQzNGZlY2IuanBnIiwic2xpZGVzaG93IjoiYWxsLWJhMWQzMTAifQ%3D%3D\">\n\t\t\t\t\t<div class=\"e-gallery-image elementor-gallery-item__image\" data-thumbnail=\"https:\/\/ecopure.lv\/wp-content\/uploads\/2021\/07\/c57b1d801dccaeb470d60b0f0434fecb.jpg\" data-width=\"219\" data-height=\"309\" alt=\"\" ><\/div>\n\t\t\t\t\t\t\t\t\t\t\t<div class=\"elementor-gallery-item__overlay\"><\/div>\n\t\t\t\t\t\t\t\t\t\t\t\t\t\t<\/a>\n\t\t\t\t\t\t\t<a class=\"e-gallery-item elementor-gallery-item elementor-animated-content\" href=\"https:\/\/ecopure.lv\/wp-content\/uploads\/2021\/07\/defb65f5fa1abced14cfcef294bd6070.jpg\" data-elementor-open-lightbox=\"yes\" data-elementor-lightbox-slideshow=\"all-ba1d310\" data-elementor-lightbox-title=\"defb65f5fa1abced14cfcef294bd6070\" e-action-hash=\"#elementor-action%3Aaction%3Dlightbox%26settings%3DeyJpZCI6NTUsInVybCI6Imh0dHBzOlwvXC9lY29wdXJlLmx2XC93cC1jb250ZW50XC91cGxvYWRzXC8yMDIxXC8wN1wvZGVmYjY1ZjVmYTFhYmNlZDE0Y2ZjZWYyOTRiZDYwNzAuanBnIiwic2xpZGVzaG93IjoiYWxsLWJhMWQzMTAifQ%3D%3D\">\n\t\t\t\t\t<div class=\"e-gallery-image elementor-gallery-item__image\" data-thumbnail=\"https:\/\/ecopure.lv\/wp-content\/uploads\/2021\/07\/defb65f5fa1abced14cfcef294bd6070.jpg\" data-width=\"219\" data-height=\"309\" alt=\"\" ><\/div>\n\t\t\t\t\t\t\t\t\t\t\t<div class=\"elementor-gallery-item__overlay\"><\/div>\n\t\t\t\t\t\t\t\t\t\t\t\t\t\t<\/a>\n\t\t\t\t\t\t\t<a class=\"e-gallery-item elementor-gallery-item elementor-animated-content\" href=\"https:\/\/ecopure.lv\/wp-content\/uploads\/2021\/07\/e4a948eb1b63f84bde93bffe9f0a7046.jpg\" data-elementor-open-lightbox=\"yes\" data-elementor-lightbox-slideshow=\"all-ba1d310\" data-elementor-lightbox-title=\"e4a948eb1b63f84bde93bffe9f0a7046\" e-action-hash=\"#elementor-action%3Aaction%3Dlightbox%26settings%3DeyJpZCI6NTYsInVybCI6Imh0dHBzOlwvXC9lY29wdXJlLmx2XC93cC1jb250ZW50XC91cGxvYWRzXC8yMDIxXC8wN1wvZTRhOTQ4ZWIxYjYzZjg0YmRlOTNiZmZlOWYwYTcwNDYuanBnIiwic2xpZGVzaG93IjoiYWxsLWJhMWQzMTAifQ%3D%3D\">\n\t\t\t\t\t<div class=\"e-gallery-image elementor-gallery-item__image\" data-thumbnail=\"https:\/\/ecopure.lv\/wp-content\/uploads\/2021\/07\/e4a948eb1b63f84bde93bffe9f0a7046.jpg\" data-width=\"219\" data-height=\"309\" alt=\"\" ><\/div>\n\t\t\t\t\t\t\t\t\t\t\t<div class=\"elementor-gallery-item__overlay\"><\/div>\n\t\t\t\t\t\t\t\t\t\t\t\t\t\t<\/a>\n\t\t\t\t\t\t\t<a class=\"e-gallery-item elementor-gallery-item elementor-animated-content\" href=\"https:\/\/ecopure.lv\/wp-content\/uploads\/2021\/07\/fe6a822067f70be619cbc2a46974a0db.jpg\" data-elementor-open-lightbox=\"yes\" data-elementor-lightbox-slideshow=\"all-ba1d310\" data-elementor-lightbox-title=\"fe6a822067f70be619cbc2a46974a0db\" e-action-hash=\"#elementor-action%3Aaction%3Dlightbox%26settings%3DeyJpZCI6NTcsInVybCI6Imh0dHBzOlwvXC9lY29wdXJlLmx2XC93cC1jb250ZW50XC91cGxvYWRzXC8yMDIxXC8wN1wvZmU2YTgyMjA2N2Y3MGJlNjE5Y2JjMmE0Njk3NGEwZGIuanBnIiwic2xpZGVzaG93IjoiYWxsLWJhMWQzMTAifQ%3D%3D\">\n\t\t\t\t\t<div class=\"e-gallery-image elementor-gallery-item__image\" data-thumbnail=\"https:\/\/ecopure.lv\/wp-content\/uploads\/2021\/07\/fe6a822067f70be619cbc2a46974a0db.jpg\" data-width=\"219\" data-height=\"309\" alt=\"\" ><\/div>\n\t\t\t\t\t\t\t\t\t\t\t<div class=\"elementor-gallery-item__overlay\"><\/div>\n\t\t\t\t\t\t\t\t\t\t\t\t\t\t<\/a>\n\t\t\t\t\t<\/div>\n\t\t\t<\/div>\n\t\t\t\t<\/div>\n\t\t\t\t\t\t<\/div>\n\t\t\t\t\t<\/div>\n\t\t<\/div>\n\t\t\t\t\t\t\t\t<\/div>\n\t\t\t\t\t<\/div>\n\t\t<\/section>\n\t\t\t\t\t\t\t\t\t<\/div>\n\t\t\t<\/div>\n\t\t\t\t\t<\/div>\n\t\t","protected":false},"excerpt":{"rendered":"<p>Par mums ECO-pure M\u0101ja bez \u0137\u012bmisk\u0101m viel\u0101m! Raypath NanoSilver Technology mikro\u0161\u0137iedras salvetes tiek izmantotas virsmu t\u012br\u012b\u0161anai tikai ar \u016bdeni! J\u016bs varat aizmirst par sadz\u012bves \u0137\u012bmiju! Jums ir iesp\u0113ja p\u0101rtraukt kairin\u0101t elpce\u013cus un \u0101du, t\u012brot virsmas tikai ar salvet\u0113m un \u016bdeni. Nanosilver audumi ir efekt\u012bva alternat\u012bva sadz\u012bves \u0137\u012bmisk\u0101m viel\u0101m. Virsmas tiek ne tikai not\u012br\u012btas, bet ar\u012b [&hellip;]<\/p>\n","protected":false},"author":1,"featured_media":0,"parent":0,"menu_order":0,"comment_status":"closed","ping_status":"closed","template":"","meta":{"footnotes":""},"class_list":["post-292","page","type-page","status-publish","hentry","entry","owp-thumbs-layout-horizontal","owp-btn-normal","owp-tabs-layout-horizontal","has-no-thumbnails","has-product-nav"],"_links":{"self":[{"href":"https:\/\/ecopure.lv\/lv\/wp-json\/wp\/v2\/pages\/292","targetHints":{"allow":["GET"]}}],"collection":[{"href":"https:\/\/ecopure.lv\/lv\/wp-json\/wp\/v2\/pages"}],"about":[{"href":"https:\/\/ecopure.lv\/lv\/wp-json\/wp\/v2\/types\/page"}],"author":[{"embeddable":true,"href":"https:\/\/ecopure.lv\/lv\/wp-json\/wp\/v2\/users\/1"}],"replies":[{"embeddable":true,"href":"https:\/\/ecopure.lv\/lv\/wp-json\/wp\/v2\/comments?post=292"}],"version-history":[{"count":10,"href":"https:\/\/ecopure.lv\/lv\/wp-json\/wp\/v2\/pages\/292\/revisions"}],"predecessor-version":[{"id":637,"href":"https:\/\/ecopure.lv\/lv\/wp-json\/wp\/v2\/pages\/292\/revisions\/637"}],"wp:attachment":[{"href":"https:\/\/ecopure.lv\/lv\/wp-json\/wp\/v2\/media?parent=292"}],"curies":[{"name":"wp","href":"https:\/\/api.w.org\/{rel}","templated":true}]}}